{"id":135,"date":"2017-05-04T14:10:31","date_gmt":"2017-05-04T14:10:31","guid":{"rendered":"https:\/\/cortecros.com\/?page_id=135"},"modified":"2021-04-07T07:23:21","modified_gmt":"2021-04-07T07:23:21","slug":"bionetix-international","status":"publish","type":"page","link":"https:\/\/cortecros.com\/hr\/bionetix-international\/","title":{"rendered":"Bionetix International"},"content":{"rendered":"<p><img fetchpriority=\"high\" decoding=\"async\" class=\"alignnone size-full wp-image-964\" src=\"https:\/\/cortecros.com\/wp-content\/uploads\/2017\/05\/Bionetix_for_web.gif\" alt=\"Bionetix logo\" width=\"343\" height=\"180\" \/><\/p>\r\n<p><a href=\"http:\/\/www.bionetix-international.com\/\">Molimo vas da posjetite\u00a0Bionetix International<\/a><\/p>\r\n<ul>\r\n<li><a href=\"https:\/\/www.cortecvci.com\/whats_new\/announcements\/EN-Z-KLEAN-NA-HR.pdf\">Koristite snagu Bionetix\u00ae EN-Z-KLEAN&#x2122; na masnom rublju!<\/a><\/li>\r\n<li><a href=\"https:\/\/www.cortecvci.com\/whats_new\/announcements\/otpadne-vode-u-prehrambenoj-industriji.pdf\" target=\"_blank\" rel=\"noopener noreferrer\">Otpadne vode u prehrambenoj industriji<\/a>\u00a0<\/li>\r\n<li><a href=\"https:\/\/www.cortecvci.com\/whats_new\/announcements\/Bio-augmentacija.pdf\">Suo\u010davanje s prekomjernim one\u010di\u0161\u0107enjem otpadnih voda u prehrambenoj industriji<\/a><\/li>\r\n<li><a href=\"https:\/\/www.cortecvci.com\/whats_new\/announcements\/Bioplin-2020-04.pdf\">Tri savjeta za bolju proizvodnju bioplina od po\u010detka do kraja<\/a><\/li>\r\n<\/ul>\r\n\r\n<p>&nbsp;<\/p>\r\n","protected":false},"excerpt":{"rendered":"<p>Molimo vas da posjetite\u00a0Bionetix International Koristite snagu Bionetix\u00ae EN-Z-KLEAN&#x2122; na masnom rublju! Otpadne vode u prehrambenoj industriji\u00a0 Suo\u010davanje s prekomjernim one\u010di\u0161\u0107enjem otpadnih voda u prehrambenoj industriji Tri savjeta za bolju proizvodnju bioplina od po\u010detka do kraja &nbsp; <a class=\"continue-reading-link\" href=\"https:\/\/cortecros.com\/hr\/bionetix-international\/\">nastavi \u010ditati<\/a><\/p>\n","protected":false},"author":1,"featured_media":0,"parent":0,"menu_order":0,"comment_status":"closed","ping_status":"closed","template":"","meta":{"ngg_post_thumbnail":0,"footnotes":"","_links_to":"","_links_to_target":""},"class_list":["post-135","page","type-page","status-publish","hentry"],"_links":{"self":[{"href":"https:\/\/cortecros.com\/hr\/wp-json\/wp\/v2\/pages\/135","targetHints":{"allow":["GET"]}}],"collection":[{"href":"https:\/\/cortecros.com\/hr\/wp-json\/wp\/v2\/pages"}],"about":[{"href":"https:\/\/cortecros.com\/hr\/wp-json\/wp\/v2\/types\/page"}],"author":[{"embeddable":true,"href":"https:\/\/cortecros.com\/hr\/wp-json\/wp\/v2\/users\/1"}],"replies":[{"embeddable":true,"href":"https:\/\/cortecros.com\/hr\/wp-json\/wp\/v2\/comments?post=135"}],"version-history":[{"count":4,"href":"https:\/\/cortecros.com\/hr\/wp-json\/wp\/v2\/pages\/135\/revisions"}],"predecessor-version":[{"id":31184,"href":"https:\/\/cortecros.com\/hr\/wp-json\/wp\/v2\/pages\/135\/revisions\/31184"}],"wp:attachment":[{"href":"https:\/\/cortecros.com\/hr\/wp-json\/wp\/v2\/media?parent=135"}],"curies":[{"name":"wp","href":"https:\/\/api.w.org\/{rel}","templated":true}]}}