{"id":202,"date":"2017-05-04T15:28:16","date_gmt":"2017-05-04T15:28:16","guid":{"rendered":"http:\/\/cortecros.com\/?page_id=202"},"modified":"2024-10-31T11:16:53","modified_gmt":"2024-10-31T11:16:53","slug":"croatia","status":"publish","type":"page","link":"https:\/\/cortecros.com\/hr\/croatia\/","title":{"rendered":"HRVATSKA"},"content":{"rendered":"<div id=\"pl-202\" class=\"panel-layout\">\n<div id=\"pg-202-0\" class=\"panel-grid panel-no-style\">\n<div id=\"pgc-202-0-0\" class=\"panel-grid-cell\" data-weight=\"1\">\n<div id=\"panel-202-0-0-0\" class=\"so-panel widget widget_sow-editor panel-first-child panel-last-child\" data-index=\"0\" data-style=\"{&quot;background_image_attachment&quot;:false,&quot;background_display&quot;:&quot;tile&quot;}\">\n<div class=\"so-widget-sow-editor so-widget-sow-editor-base\">\n<div class=\"siteorigin-widget-tinymce textwidget\">\n<p><strong>PAKPLUS d.o.o.<\/strong><br \/>\nHrvatskih branitelja 3, 40000 \u010cakovec<br \/>\nSkladi\u0161te: Zagreba\u010dka 93, 40000 \u010cakovec<br \/>\nPhone: 040 391 761, 040 391 762<br \/>\nFax: 040 310 749<br \/>\ne-mail: <a href=\"mailto:info@pakplus.hr\">info@pakplus.hr<\/a><br \/>\nWeb: <a href=\"http:\/\/www.pakplus.hr\">www.pakplus.hr<\/a><\/p>\n<\/div>\n<\/div>\n<\/div>\n<\/div>\n<\/div>\n<\/div>\n","protected":false},"excerpt":{"rendered":"<p>PAKPLUS d.o.o. Hrvatskih branitelja 3, 40000 \u010cakovec Skladi\u0161te: Zagreba\u010dka 93, 40000 \u010cakovec Phone: 040 391 761, 040 391 762 Fax: 040 310 749 e-mail: info@pakplus.hr Web: www.pakplus.hr <a class=\"continue-reading-link\" href=\"https:\/\/cortecros.com\/hr\/croatia\/\">nastavi \u010ditati<\/a><\/p>\n","protected":false},"author":1,"featured_media":0,"parent":0,"menu_order":0,"comment_status":"closed","ping_status":"closed","template":"","meta":{"ngg_post_thumbnail":0,"footnotes":"","_links_to":"","_links_to_target":""},"class_list":["post-202","page","type-page","status-publish","hentry"],"_links":{"self":[{"href":"https:\/\/cortecros.com\/hr\/wp-json\/wp\/v2\/pages\/202","targetHints":{"allow":["GET"]}}],"collection":[{"href":"https:\/\/cortecros.com\/hr\/wp-json\/wp\/v2\/pages"}],"about":[{"href":"https:\/\/cortecros.com\/hr\/wp-json\/wp\/v2\/types\/page"}],"author":[{"embeddable":true,"href":"https:\/\/cortecros.com\/hr\/wp-json\/wp\/v2\/users\/1"}],"replies":[{"embeddable":true,"href":"https:\/\/cortecros.com\/hr\/wp-json\/wp\/v2\/comments?post=202"}],"version-history":[{"count":5,"href":"https:\/\/cortecros.com\/hr\/wp-json\/wp\/v2\/pages\/202\/revisions"}],"predecessor-version":[{"id":35923,"href":"https:\/\/cortecros.com\/hr\/wp-json\/wp\/v2\/pages\/202\/revisions\/35923"}],"wp:attachment":[{"href":"https:\/\/cortecros.com\/hr\/wp-json\/wp\/v2\/media?parent=202"}],"curies":[{"name":"wp","href":"https:\/\/api.w.org\/{rel}","templated":true}]}}