{"id":206,"date":"2017-05-04T15:30:06","date_gmt":"2017-05-04T15:30:06","guid":{"rendered":"http:\/\/cortecros.com\/?page_id=206"},"modified":"2024-06-28T08:55:38","modified_gmt":"2024-06-28T08:55:38","slug":"medunarodni-distributeri","status":"publish","type":"page","link":"https:\/\/cortecros.com\/hr\/medunarodni-distributeri\/","title":{"rendered":"Me\u0111unarodni distributeri"},"content":{"rendered":"<div id=\"pl-206\" class=\"panel-layout\">\n<div id=\"pg-206-0\" class=\"panel-grid panel-no-style\">\n<div id=\"pgc-206-0-0\" class=\"panel-grid-cell\" data-weight=\"1\">\n<div id=\"panel-206-0-0-0\" class=\"so-panel widget widget_sow-editor panel-first-child panel-last-child\" data-index=\"0\" data-style=\"{&quot;background_image_attachment&quot;:false,&quot;background_display&quot;:&quot;tile&quot;}\">\n<div class=\"so-widget-sow-editor so-widget-sow-editor-base\">\n<div class=\"siteorigin-widget-tinymce textwidget\">\n<h2>SRBIJA<\/h2>\n<p><strong>CINCAR TRADE COLOR d.o.o.<\/strong><br \/>\nVojvode Mili\u0107a Drin\u010di\u0107a 44<br \/>\nGornji Milanovac 32300,<br \/>\ne-mail: <a href=\"mailto:cincartradecolor@gmail.com\">cincartradecolor@gmail.com<\/a><br \/>\nMob: +381 60 304 4447<br \/>\nMob: +381 63 631 058<br \/>\nTel: +381 32 710 684<\/p>\n<\/div>\n<\/div>\n<p><strong>AGROVID d.o.o.<\/strong><br \/>\nBranka \u010copi\u0107a 12<br \/>\nAleksa \u0160anti\u0107 25212<br \/>\ne-mail: <a href=\"mailto:vmarko1319@gmail.com\">vmarko1319@gmail.com<\/a><br \/>\nTel: +381 65 9525 474<br \/>\nMob: +381 24 525 477<\/p>\n<div class=\"so-widget-sow-editor so-widget-sow-editor-base\">\n<div class=\"siteorigin-widget-tinymce textwidget\">\n<hr>\n<\/div>\n<\/div>\n<\/div>\n<\/div>\n<\/div>\n<\/div>\n","protected":false},"excerpt":{"rendered":"<p>SRBIJA CINCAR TRADE COLOR d.o.o. Vojvode Mili\u0107a Drin\u010di\u0107a 44 Gornji Milanovac 32300, e-mail: cincartradecolor@gmail.com Mob: +381 60 304 4447 Mob: +381 63 631 058 Tel: +381 32 710 684 AGROVID d.o.o. Branka \u010copi\u0107a 12 Aleksa \u0160anti\u0107 25212 e-mail: vmarko1319@gmail.com Tel: +381 65 9525 474 Mob: +381 24 525 477 <a class=\"continue-reading-link\" href=\"https:\/\/cortecros.com\/hr\/medunarodni-distributeri\/\">nastavi \u010ditati<\/a><\/p>\n","protected":false},"author":1,"featured_media":0,"parent":0,"menu_order":0,"comment_status":"closed","ping_status":"closed","template":"","meta":{"ngg_post_thumbnail":0,"footnotes":"","_links_to":"","_links_to_target":""},"class_list":["post-206","page","type-page","status-publish","hentry"],"_links":{"self":[{"href":"https:\/\/cortecros.com\/hr\/wp-json\/wp\/v2\/pages\/206","targetHints":{"allow":["GET"]}}],"collection":[{"href":"https:\/\/cortecros.com\/hr\/wp-json\/wp\/v2\/pages"}],"about":[{"href":"https:\/\/cortecros.com\/hr\/wp-json\/wp\/v2\/types\/page"}],"author":[{"embeddable":true,"href":"https:\/\/cortecros.com\/hr\/wp-json\/wp\/v2\/users\/1"}],"replies":[{"embeddable":true,"href":"https:\/\/cortecros.com\/hr\/wp-json\/wp\/v2\/comments?post=206"}],"version-history":[{"count":8,"href":"https:\/\/cortecros.com\/hr\/wp-json\/wp\/v2\/pages\/206\/revisions"}],"predecessor-version":[{"id":35501,"href":"https:\/\/cortecros.com\/hr\/wp-json\/wp\/v2\/pages\/206\/revisions\/35501"}],"wp:attachment":[{"href":"https:\/\/cortecros.com\/hr\/wp-json\/wp\/v2\/media?parent=206"}],"curies":[{"name":"wp","href":"https:\/\/api.w.org\/{rel}","templated":true}]}}