{"id":29299,"date":"2020-04-05T17:56:31","date_gmt":"2020-04-05T17:56:31","guid":{"rendered":"https:\/\/cortecros.com\/?page_id=29299"},"modified":"2020-04-27T12:53:58","modified_gmt":"2020-04-27T12:53:58","slug":"bionetix-proizvodi","status":"publish","type":"page","link":"https:\/\/cortecros.com\/hr\/bionetix-proizvodi\/","title":{"rendered":"BIONETIX Proizvodi"},"content":{"rendered":"<div id=\"pl-29299\"  class=\"panel-layout\" ><div id=\"pg-29299-0\"  class=\"panel-grid panel-no-style\" ><div id=\"pgc-29299-0-0\"  class=\"panel-grid-cell\" ><div id=\"panel-29299-0-0-0\" class=\"so-panel widget widget_woocommerce_product_search woocommerce widget_product_search panel-first-child\" data-index=\"0\" ><form role=\"search\" method=\"get\" class=\"woocommerce-product-search\" action=\"https:\/\/cortecros.com\/hr\/\">\n\t<label class=\"screen-reader-text\" for=\"woocommerce-product-search-field-0\">Search for:<\/label>\n\t<input type=\"search\" id=\"woocommerce-product-search-field-0\" class=\"search-field\" placeholder=\"pretra\u017eivanje proizvoda\" value=\"\" name=\"s\" \/>\n\t<button type=\"submit\" value=\"pretra\u017eivanje\" class=\"\">pretra\u017eivanje<\/button>\n\t<input type=\"hidden\" name=\"post_type\" value=\"product\" \/>\n<\/form>\n<\/div><div id=\"panel-29299-0-0-1\" class=\"so-panel widget widget_rz_woo_category_widget\" data-index=\"1\"><div class=\"widget_rz_woo_category_widget-content\"><h3 class=\"widget-title\">Obrada industrijskih otpadnih voda<\/h3><select class=\"category-posts-dropdown\" onchange=\"location = this.value;\" style=\"width:100%\"><option value=\"\">View <\/option>\t\t\t\t<option value=\"https:\/\/cortecros.com\/hr\/product\/bcp35s\/\">\n\t\t\t\t\tBCP35S\t\t\t\t<\/option>\n\t\t\t\t\t\t\t\t<option value=\"https:\/\/cortecros.com\/hr\/product\/bcp56\/\">\n\t\t\t\t\tBCP56\t\t\t\t<\/option>\n\t\t\t\t<\/select><\/div><\/div><div id=\"panel-29299-0-0-2\" class=\"so-panel widget widget_rz_woo_category_widget\" data-index=\"2\"><div class=\"widget_rz_woo_category_widget-content\"><h3 class=\"widget-title\">Industrijska sredstva za \u010di\u0161\u010denje<\/h3><select class=\"category-posts-dropdown\" onchange=\"location = this.value;\" style=\"width:100%\"><option value=\"\">View <\/option>\t\t\t\t<option value=\"https:\/\/cortecros.com\/hr\/product\/bio-tab-1t\/\">\n\t\t\t\t\tBio-tab 1T\t\t\t\t<\/option>\n\t\t\t\t\t\t\t\t<option value=\"https:\/\/cortecros.com\/hr\/product\/eco-drain-tekucina\/\">\n\t\t\t\t\tEco-drain teku\u0107ina\t\t\t\t<\/option>\n\t\t\t\t\t\t\t\t<option value=\"https:\/\/cortecros.com\/hr\/product\/eco-scent\/\">\n\t\t\t\t\tEco-scent\t\t\t\t<\/option>\n\t\t\t\t\t\t\t\t<option value=\"https:\/\/cortecros.com\/hr\/product\/eco-sept-prah\/\">\n\t\t\t\t\tEco-sept prah\t\t\t\t<\/option>\n\t\t\t\t\t\t\t\t<option value=\"https:\/\/cortecros.com\/hr\/product\/eco-sept-tekucina\/\">\n\t\t\t\t\tEco-sept teku\u0107ina\t\t\t\t<\/option>\n\t\t\t\t\t\t\t\t<option value=\"https:\/\/cortecros.com\/hr\/product\/urinal-blocks\/\">\n\t\t\t\t\tUrinal blocks\t\t\t\t<\/option>\n\t\t\t\t<\/select><\/div><\/div><div id=\"panel-29299-0-0-3\" class=\"so-panel widget widget_rz_woo_category_widget\" data-index=\"3\"><div class=\"widget_rz_woo_category_widget-content\"><h3 class=\"widget-title\">Aditivi i koncentrati za proizvodnju<\/h3><select class=\"category-posts-dropdown\" onchange=\"location = this.value;\" style=\"width:100%\"><option value=\"\">View <\/option>\t\t\t\t<option value=\"https:\/\/cortecros.com\/hr\/product\/abc-4000\/\">\n\t\t\t\t\tABC 4000\t\t\t\t<\/option>\n\t\t\t\t\t\t\t\t<option value=\"https:\/\/cortecros.com\/hr\/product\/hygiea-2600-fe-ff-10x\/\">\n\t\t\t\t\tHygiea 2600 FE FF 10X\t\t\t\t<\/option>\n\t\t\t\t<\/select><\/div><\/div><div id=\"panel-29299-0-0-4\" class=\"so-panel widget widget_rz_woo_category_widget\" data-index=\"4\"><div class=\"widget_rz_woo_category_widget-content\"><h3 class=\"widget-title\">Tretmani za poljoprivredu<\/h3><select class=\"category-posts-dropdown\" onchange=\"location = this.value;\" style=\"width:100%\"><option value=\"\">View <\/option>\t\t\t\t<option value=\"https:\/\/cortecros.com\/hr\/product\/organic-plus-sp-bioloski-dodatak-tlu\/\">\n\t\t\t\t\tOrganic Plus SP - biolo\u0161ki dodatak tlu\t\t\t\t<\/option>\n\t\t\t\t\t\t\t\t<option value=\"https:\/\/cortecros.com\/hr\/product\/soil-bac-aktivator-rasta-biljaka\/\">\n\t\t\t\t\tSoil-bac - Aktivator rasta biljaka\t\t\t\t<\/option>\n\t\t\t\t<\/select><\/div><\/div><div id=\"panel-29299-0-0-5\" class=\"so-panel widget widget_rz_woo_category_widget\" data-index=\"5\"><div class=\"widget_rz_woo_category_widget-content\"><h3 class=\"widget-title\">Sto\u010dna hrana i aditivi<\/h3><select class=\"category-posts-dropdown\" onchange=\"location = this.value;\" style=\"width:100%\"><option value=\"\">View <\/option>\t\t\t\t<option value=\"https:\/\/cortecros.com\/hr\/product\/stocna-hrana-i-aditivi-1\/\">\n\t\t\t\t\tSto\u010dna hrana i aditivi - 1\t\t\t\t<\/option>\n\t\t\t\t<\/select><\/div><\/div><div id=\"panel-29299-0-0-6\" class=\"so-panel widget widget_rz_woo_category_widget\" data-index=\"6\"><div class=\"widget_rz_woo_category_widget-content\"><h3 class=\"widget-title\">Biostimulansi<\/h3><select class=\"category-posts-dropdown\" onchange=\"location = this.value;\" style=\"width:100%\"><option value=\"\">View <\/option>\t\t\t\t<option value=\"https:\/\/cortecros.com\/hr\/product\/bionetix-bcp-85\/\">\n\t\t\t\t\tBionetix BCP-85\t\t\t\t<\/option>\n\t\t\t\t\t\t\t\t<option value=\"https:\/\/cortecros.com\/hr\/product\/biosurf\/\">\n\t\t\t\t\tBiosurf\t\t\t\t<\/option>\n\t\t\t\t\t\t\t\t<option value=\"https:\/\/cortecros.com\/hr\/product\/eco-scent-ff5x\/\">\n\t\t\t\t\tECO-SCENT FF5X\t\t\t\t<\/option>\n\t\t\t\t\t\t\t\t<option value=\"https:\/\/cortecros.com\/hr\/product\/stimulus\/\">\n\t\t\t\t\tStimulus\t\t\t\t<\/option>\n\t\t\t\t<\/select><\/div><\/div><div id=\"panel-29299-0-0-7\" class=\"so-panel widget widget_rz_woo_category_widget panel-last-child\" data-index=\"7\"><div class=\"widget_rz_woo_category_widget-content\"><h3 class=\"widget-title\">Proizvodi za specijaliziranu industriju<\/h3><select class=\"category-posts-dropdown\" onchange=\"location = this.value;\" style=\"width:100%\"><option value=\"\">View <\/option>\t\t\t\t<option value=\"https:\/\/cortecros.com\/hr\/product\/biostimulansi-1\/\">\n\t\t\t\t\tProizvodi za specijaliziranu industriju - 1\t\t\t\t<\/option>\n\t\t\t\t<\/select><\/div><\/div><\/div><\/div><\/div>","protected":false},"excerpt":{"rendered":"<p>Search for: pretra\u017eivanje Obrada industrijskih otpadnih vodaView BCP35S BCP56 Industrijska sredstva za \u010di\u0161\u010denjeView Bio-tab 1T Eco-drain teku\u0107ina Eco-scent Eco-sept prah Eco-sept teku\u0107ina Urinal blocks Aditivi i koncentrati za proizvodnjuView ABC 4000 Hygiea 2600 FE FF 10X Tretmani za poljoprivreduView Organic Plus SP &#8211; biolo\u0161ki dodatak tlu Soil-bac &#8211; Aktivator rasta\u2026 <a class=\"continue-reading-link\" href=\"https:\/\/cortecros.com\/hr\/bionetix-proizvodi\/\">nastavi \u010ditati<\/a><\/p>\n","protected":false},"author":2,"featured_media":0,"parent":0,"menu_order":0,"comment_status":"closed","ping_status":"closed","template":"","meta":{"ngg_post_thumbnail":0,"footnotes":"","_links_to":"","_links_to_target":""},"class_list":["post-29299","page","type-page","status-publish","hentry"],"_links":{"self":[{"href":"https:\/\/cortecros.com\/hr\/wp-json\/wp\/v2\/pages\/29299","targetHints":{"allow":["GET"]}}],"collection":[{"href":"https:\/\/cortecros.com\/hr\/wp-json\/wp\/v2\/pages"}],"about":[{"href":"https:\/\/cortecros.com\/hr\/wp-json\/wp\/v2\/types\/page"}],"author":[{"embeddable":true,"href":"https:\/\/cortecros.com\/hr\/wp-json\/wp\/v2\/users\/2"}],"replies":[{"embeddable":true,"href":"https:\/\/cortecros.com\/hr\/wp-json\/wp\/v2\/comments?post=29299"}],"version-history":[{"count":5,"href":"https:\/\/cortecros.com\/hr\/wp-json\/wp\/v2\/pages\/29299\/revisions"}],"predecessor-version":[{"id":29597,"href":"https:\/\/cortecros.com\/hr\/wp-json\/wp\/v2\/pages\/29299\/revisions\/29597"}],"wp:attachment":[{"href":"https:\/\/cortecros.com\/hr\/wp-json\/wp\/v2\/media?parent=29299"}],"curies":[{"name":"wp","href":"https:\/\/api.w.org\/{rel}","templated":true}]}}