{"id":30449,"date":"2020-12-16T10:40:52","date_gmt":"2020-12-16T10:40:52","guid":{"rendered":"https:\/\/cortecros.com\/?page_id=30449"},"modified":"2024-04-02T12:24:27","modified_gmt":"2024-04-02T12:24:27","slug":"strucni-radovi-2","status":"publish","type":"page","link":"https:\/\/cortecros.com\/hr\/strucni-radovi-2\/","title":{"rendered":"Stru\u010dni Radovi"},"content":{"rendered":"<ul>\n<li><a href=\"https:\/\/www.cortecvci.com\/Publications\/Papers\/ZELENI-PREMAZ-ZA-DIREKTNU-ZASTITU-METALA.pdf\">Zeleni premaz za direktnu zastitu metala: prijateljska borba protiv korozije<\/a><\/li>\n<li><a href=\"https:\/\/www.cortecvci.com\/whats_new\/announcements\/Izvjestaj_Cortec_HR-MCI-2006-NS.pdf\" target=\"_blank\" rel=\"noopener\" aria-label=\"Ekspertiza o utjecaju dodatka MCI-2006 NS u cementu na svojstva cementa i betona (opens in a new tab)\">Ekspertiza o utjecaju dodatka MCI-2006 NS u cementu na svojstva cementa i betona<\/a>&nbsp;<\/li>\n<li><a href=\"https:\/\/www.cortecvci.com\/whats_new\/announcements\/JCE-73-2021-9-13-DGITM.pdf\"><span class=\"fontstyle0\">Stru\u010dni seminar&nbsp;<\/span><span class=\"fontstyle2\">Sanacija gra\u0111evina<\/span><\/a><\/li>\n<li><a href=\"https:\/\/www.cortecvci.com\/whats_new\/announcements\/Coil-Processing-HR.pdf\">Kori\u0161tenje sveobuhvatnih rje\u0161enja za za\u0161titu od korozije u procesu proizvodnje lima<\/a><\/li>\n<li><a href=\"https:\/\/www.cortecvci.com\/whats_new\/announcements\/MCI-2006NS-2020-12-2.pdf\">Cortec MCI\u00ae produljuje vijek trajanja gra\u0111evine<\/a><\/li>\n<li><a href=\"https:\/\/cortecros.com\/wp-content\/uploads\/2020\/11\/MCI_CorShield-HR.pdf\">Cortec\u00ae robna marka MCI\u00ae CorShield\u00ae kao opcija za\u0161tite armature betona na otvorenom<\/a><\/li>\n<li><a href=\"https:\/\/cortecros.com\/wp-content\/uploads\/2020\/11\/mci-vukovar-vodotoranj.pdf\">Primjena Cortec Corporation MCI\u00ae tehnologije u sanaciji vukovarskog vodotornja<\/a><\/li>\n<li><a href=\"https:\/\/www.cortecvci.com\/whats_new\/announcements\/Odr%C5%BEavanje-automobila-zimi.pdf\">Ne dopustite da vam sol ove zime &#8220;pojede&#8221; vozni park<\/a><\/li>\n<li><a href=\"https:\/\/cortecros.com\/wp-content\/uploads\/2020\/10\/Visoka-ucinkovitost-premaza-na-bazi-vode.pdf\">Visoka u\u010dinkovitost premaza na bazi vode pobolj\u0161anih s nano VCI inhibitorima korozije<\/a><\/li>\n<li><a href=\"https:\/\/www.cortecvci.com\/whats_new\/announcements\/MCI-Izgradnja-trajnije-infrastrukture.pdf\">MCI &#8211; Izgradnja trajnije infrastrukture<\/a><\/li>\n<li><a href=\"https:\/\/www.yumpu.com\/xx\/document\/read\/15466996\/diplomski-rad\">Zastita konstrukcija od korozije primjenom premaza<\/a>, Tomislav Levanic, Diplomski rad<\/li>\n<li><a href=\"https:\/\/www.cortecvci.com\/whats_new\/announcements\/Land-Based-Oil-Rig-HR.pdf\">Konzervacija bu\u0161a\u0107eg postrojenja u stanju mirovanja<\/a><\/li>\n<li><a href=\"https:\/\/www.cortecvci.com\/whats_new\/announcements\/Borba-protiv-oksidacije.pdf\">Borba protiv oksidacije! VpCI\u00ae-126 FR pru\u017ea otpor plamenu i koroziji<\/a><\/li>\n<li><a href=\"https:\/\/www.cortecvci.com\/whats_new\/announcements\/MCI-zelene-tehnologije.pdf\">MCI \u2018zelene\u2019 tehnologije mijenjaju industriju gradnje<\/a><\/li>\n<li><a href=\"https:\/\/www.cortecvci.com\/whats_new\/announcements\/MCI-10-2018.pdf\">Sprije\u010davavanje tragi\u010dnih doga\u0111aja ru\u0161enja armiranobetonskih struktura kori\u0161tenjem tehnologije migriraju\u0107ih inhibitora korozije (MCI)<\/a><\/li>\n<li><a href=\"https:\/\/www.cortecvci.com\/whats_new\/announcements\/MCI-25.10.2017.pdf\" target=\"_blank\" rel=\"noopener noreferrer\">Produljenje \u017eivotnog vijeka armiranog betona s migriraju\u0107im inhibitorima korozije &#8211; MCI\u00ae<\/a><\/li>\n<li><a href=\"https:\/\/cortecros.com\/wp-content\/uploads\/2017\/05\/djelovanje_eco_inhibitora.jpg\" target=\"_blank\" rel=\"noopener noreferrer\">Djelovanje ekolo\u0161kih inhibitora na brzinu uglji\u010dnog \u010delika u morskoj vodi<\/a><\/li>\n<li><a href=\"https:\/\/cortecros.com\/wp-content\/uploads\/2017\/05\/hlapljivi-inhibitori-korozije-u-mazivima.pdf\" target=\"_blank\" rel=\"noopener noreferrer\">Hlapljivi inhibitori korozije u mazivima<\/a><\/li>\n<li><a href=\"https:\/\/cortecros.com\/wp-content\/uploads\/2017\/05\/korozija_u_brodogradnji.pdf\" target=\"_blank\" rel=\"noopener noreferrer\">Primjena inhibitora u za\u0161titi od korozije u brodogradnji<\/a><\/li>\n<li><a href=\"https:\/\/cortecros.com\/wp-content\/uploads\/2017\/05\/cortecros_clanak_gradnja.pdf\" target=\"_blank\" rel=\"noopener noreferrer\">Sanacija i za\u0161tita MCI-inhibitorima<\/a><\/li>\n<li><a href=\"https:\/\/cortecros.com\/wp-content\/uploads\/2017\/05\/Biorazgradivi-VpCI-inhibitori-za-biogoriva.pdf\" target=\"_blank\" rel=\"noopener noreferrer\">Biorazgradivi VpCI inhibitori za biogoriva<\/a><\/li>\n<li><a href=\"https:\/\/cortecros.com\/wp-content\/uploads\/2017\/05\/Zastita-i-sanacija-AB-konstrukcija-zastitom-armature-MCI-inhibitorima-i-AK-materijalima.pdf\" target=\"_blank\" rel=\"noopener noreferrer\">Za\u0161tita i sanacija AB-konstrukcija za\u0161titom armature MCI-inhibitorima i AK-materijali<\/a><\/li>\n<li><a href=\"https:\/\/www.cortecvci.com\/whats_new\/announcements\/clanak-gradevinar-u-izradi-Ivana-Soic_v2018_final.pdf\" target=\"_blank\" rel=\"noopener noreferrer\">Razvoj metode za odredjivanje djelotvornosti organskih inhibitora korozije armature u betonu<\/a><\/li>\n<\/ul>\n","protected":false},"excerpt":{"rendered":"<p>Zeleni premaz za direktnu zastitu metala: prijateljska borba protiv korozije Ekspertiza o utjecaju dodatka MCI-2006 NS u cementu na svojstva cementa i betona&nbsp; Stru\u010dni seminar&nbsp;Sanacija gra\u0111evina Kori\u0161tenje sveobuhvatnih rje\u0161enja za za\u0161titu od korozije u procesu proizvodnje lima Cortec MCI\u00ae produljuje vijek trajanja gra\u0111evine Cortec\u00ae robna marka MCI\u00ae CorShield\u00ae kao opcija\u2026 <a class=\"continue-reading-link\" href=\"https:\/\/cortecros.com\/hr\/strucni-radovi-2\/\">nastavi \u010ditati<\/a><\/p>\n","protected":false},"author":2,"featured_media":0,"parent":0,"menu_order":0,"comment_status":"closed","ping_status":"closed","template":"","meta":{"ngg_post_thumbnail":0,"footnotes":"","_links_to":"","_links_to_target":""},"class_list":["post-30449","page","type-page","status-publish","hentry"],"_links":{"self":[{"href":"https:\/\/cortecros.com\/hr\/wp-json\/wp\/v2\/pages\/30449","targetHints":{"allow":["GET"]}}],"collection":[{"href":"https:\/\/cortecros.com\/hr\/wp-json\/wp\/v2\/pages"}],"about":[{"href":"https:\/\/cortecros.com\/hr\/wp-json\/wp\/v2\/types\/page"}],"author":[{"embeddable":true,"href":"https:\/\/cortecros.com\/hr\/wp-json\/wp\/v2\/users\/2"}],"replies":[{"embeddable":true,"href":"https:\/\/cortecros.com\/hr\/wp-json\/wp\/v2\/comments?post=30449"}],"version-history":[{"count":7,"href":"https:\/\/cortecros.com\/hr\/wp-json\/wp\/v2\/pages\/30449\/revisions"}],"predecessor-version":[{"id":35310,"href":"https:\/\/cortecros.com\/hr\/wp-json\/wp\/v2\/pages\/30449\/revisions\/35310"}],"wp:attachment":[{"href":"https:\/\/cortecros.com\/hr\/wp-json\/wp\/v2\/media?parent=30449"}],"curies":[{"name":"wp","href":"https:\/\/api.w.org\/{rel}","templated":true}]}}