{"id":30799,"date":"2020-12-31T19:44:43","date_gmt":"2020-12-31T19:44:43","guid":{"rendered":"https:\/\/cortecros.com\/pocetna\/"},"modified":"2024-10-31T14:24:37","modified_gmt":"2024-10-31T14:24:37","slug":"pocetna","status":"publish","type":"page","link":"https:\/\/cortecros.com\/hr\/","title":{"rendered":"Homepage"},"content":{"rendered":"<div id=\"pl-30799\"  class=\"panel-layout\" ><div id=\"pg-30799-0\"  class=\"panel-grid panel-no-style\" ><div id=\"pgc-30799-0-0\"  class=\"panel-grid-cell\" ><div id=\"panel-30799-0-0-0\" class=\"so-panel widget widget_sow-slider panel-first-child panel-last-child\" data-index=\"0\" ><div\n\t\t\t\n\t\t\tclass=\"so-widget-sow-slider so-widget-sow-slider-default-6d39609536fd-30799\"\n\t\t\t\n\t\t>\t\t\t\t<div class=\"sow-slider-base\" style=\"display: none\" tabindex=\"0\">\n\t\t\t\t\t<ul\n\t\t\t\t\tclass=\"sow-slider-images\"\n\t\t\t\t\tdata-settings=\"{&quot;pagination&quot;:true,&quot;speed&quot;:800,&quot;timeout&quot;:8000,&quot;paused&quot;:false,&quot;pause_on_hover&quot;:false,&quot;swipe&quot;:true,&quot;nav_always_show_desktop&quot;:&quot;&quot;,&quot;nav_always_show_mobile&quot;:&quot;&quot;,&quot;breakpoint&quot;:&quot;780px&quot;,&quot;unmute&quot;:false,&quot;anchor&quot;:null}\"\n\t\t\t\t\t\t\t\t\t\tdata-anchor-id=\"\"\n\t\t\t\t>\t\t<li class=\"sow-slider-image\" style=\"visibility: visible;\" >\n\t\t\t\t\t\t<img fetchpriority=\"high\" decoding=\"async\" width=\"1200\" height=\"400\" src=\"https:\/\/cortecros.com\/wp-content\/uploads\/2021\/10\/cortecros-hori-2021.jpg\" class=\"sow-slider-background-image\" alt=\"\" style=\"\" srcset=\"https:\/\/cortecros.com\/wp-content\/uploads\/2021\/10\/cortecros-hori-2021.jpg 1200w, https:\/\/cortecros.com\/wp-content\/uploads\/2021\/10\/cortecros-hori-2021-300x100.jpg 300w, https:\/\/cortecros.com\/wp-content\/uploads\/2021\/10\/cortecros-hori-2021-1024x341.jpg 1024w, https:\/\/cortecros.com\/wp-content\/uploads\/2021\/10\/cortecros-hori-2021-768x256.jpg 768w, https:\/\/cortecros.com\/wp-content\/uploads\/2021\/10\/cortecros-hori-2021-200x67.jpg 200w, https:\/\/cortecros.com\/wp-content\/uploads\/2021\/10\/cortecros-hori-2021-150x50.jpg 150w, https:\/\/cortecros.com\/wp-content\/uploads\/2021\/10\/cortecros-hori-2021-400x133.jpg 400w\" sizes=\"(max-width: 1200px) 100vw, 1200px\" \/>\t\t<\/li>\n\t\t\t\t<li class=\"sow-slider-image\" style=\"visibility: hidden;\" >\n\t\t\t\t\t\t<img decoding=\"async\" width=\"1200\" height=\"400\" src=\"https:\/\/cortecros.com\/wp-content\/uploads\/2017\/04\/Refinary_web.jpg\" class=\"sow-slider-background-image\" alt=\"Refinery image from the bottom\" style=\"\" srcset=\"https:\/\/cortecros.com\/wp-content\/uploads\/2017\/04\/Refinary_web.jpg 1200w, https:\/\/cortecros.com\/wp-content\/uploads\/2017\/04\/Refinary_web-300x100.jpg 300w, https:\/\/cortecros.com\/wp-content\/uploads\/2017\/04\/Refinary_web-768x256.jpg 768w, https:\/\/cortecros.com\/wp-content\/uploads\/2017\/04\/Refinary_web-1024x341.jpg 1024w, https:\/\/cortecros.com\/wp-content\/uploads\/2017\/04\/Refinary_web-900x300.jpg 900w, https:\/\/cortecros.com\/wp-content\/uploads\/2017\/04\/Refinary_web-100x33.jpg 100w, https:\/\/cortecros.com\/wp-content\/uploads\/2017\/04\/Refinary_web-150x50.jpg 150w\" sizes=\"(max-width: 1200px) 100vw, 1200px\" \/>\t\t<\/li>\n\t\t\t\t<li class=\"sow-slider-image\" style=\"visibility: hidden;\" >\n\t\t\t\t\t\t<img decoding=\"async\" width=\"1200\" height=\"400\" src=\"https:\/\/cortecros.com\/wp-content\/uploads\/2017\/04\/Pipes_web.jpg\" class=\"sow-slider-background-image\" alt=\"Red pipes and valves\" style=\"\" srcset=\"https:\/\/cortecros.com\/wp-content\/uploads\/2017\/04\/Pipes_web.jpg 1200w, https:\/\/cortecros.com\/wp-content\/uploads\/2017\/04\/Pipes_web-300x100.jpg 300w, https:\/\/cortecros.com\/wp-content\/uploads\/2017\/04\/Pipes_web-768x256.jpg 768w, https:\/\/cortecros.com\/wp-content\/uploads\/2017\/04\/Pipes_web-1024x341.jpg 1024w, https:\/\/cortecros.com\/wp-content\/uploads\/2017\/04\/Pipes_web-900x300.jpg 900w, https:\/\/cortecros.com\/wp-content\/uploads\/2017\/04\/Pipes_web-100x33.jpg 100w, https:\/\/cortecros.com\/wp-content\/uploads\/2017\/04\/Pipes_web-150x50.jpg 150w\" sizes=\"(max-width: 1200px) 100vw, 1200px\" \/>\t\t<\/li>\n\t\t\t\t<li class=\"sow-slider-image\" style=\"visibility: hidden;\" >\n\t\t\t\t\t\t<img loading=\"lazy\" decoding=\"async\" width=\"1200\" height=\"400\" src=\"https:\/\/cortecros.com\/wp-content\/uploads\/2017\/04\/Ship_web.jpg\" class=\"sow-slider-background-image\" alt=\"Ship by the dock\" style=\"\" srcset=\"https:\/\/cortecros.com\/wp-content\/uploads\/2017\/04\/Ship_web.jpg 1200w, https:\/\/cortecros.com\/wp-content\/uploads\/2017\/04\/Ship_web-300x100.jpg 300w, https:\/\/cortecros.com\/wp-content\/uploads\/2017\/04\/Ship_web-768x256.jpg 768w, https:\/\/cortecros.com\/wp-content\/uploads\/2017\/04\/Ship_web-1024x341.jpg 1024w, https:\/\/cortecros.com\/wp-content\/uploads\/2017\/04\/Ship_web-900x300.jpg 900w, https:\/\/cortecros.com\/wp-content\/uploads\/2017\/04\/Ship_web-100x33.jpg 100w, https:\/\/cortecros.com\/wp-content\/uploads\/2017\/04\/Ship_web-150x50.jpg 150w\" sizes=\"(max-width: 1200px) 100vw, 1200px\" \/>\t\t<\/li>\n\t\t\t\t<li class=\"sow-slider-image\" style=\"visibility: hidden;\" >\n\t\t\t\t\t\t<img loading=\"lazy\" decoding=\"async\" width=\"1200\" height=\"400\" src=\"https:\/\/cortecros.com\/wp-content\/uploads\/2017\/04\/Rolls-of-VpCI-Film_web.jpg\" class=\"sow-slider-background-image\" alt=\"Rolls of VpCI Film on pallet\" style=\"\" srcset=\"https:\/\/cortecros.com\/wp-content\/uploads\/2017\/04\/Rolls-of-VpCI-Film_web.jpg 1200w, https:\/\/cortecros.com\/wp-content\/uploads\/2017\/04\/Rolls-of-VpCI-Film_web-300x100.jpg 300w, https:\/\/cortecros.com\/wp-content\/uploads\/2017\/04\/Rolls-of-VpCI-Film_web-768x256.jpg 768w, https:\/\/cortecros.com\/wp-content\/uploads\/2017\/04\/Rolls-of-VpCI-Film_web-1024x341.jpg 1024w, https:\/\/cortecros.com\/wp-content\/uploads\/2017\/04\/Rolls-of-VpCI-Film_web-900x300.jpg 900w, https:\/\/cortecros.com\/wp-content\/uploads\/2017\/04\/Rolls-of-VpCI-Film_web-100x33.jpg 100w, https:\/\/cortecros.com\/wp-content\/uploads\/2017\/04\/Rolls-of-VpCI-Film_web-150x50.jpg 150w\" sizes=\"(max-width: 1200px) 100vw, 1200px\" \/>\t\t<\/li>\n\t\t<\/ul>\t\t\t\t<ol class=\"sow-slider-pagination\">\n\t\t\t\t\t\t\t\t\t\t\t<li><a href=\"#\" data-goto=\"0\" aria-label=\"Display slide 1\"><\/a><\/li>\n\t\t\t\t\t\t\t\t\t\t\t<li><a href=\"#\" data-goto=\"1\" aria-label=\"Display slide 2\"><\/a><\/li>\n\t\t\t\t\t\t\t\t\t\t\t<li><a href=\"#\" data-goto=\"2\" aria-label=\"Display slide 3\"><\/a><\/li>\n\t\t\t\t\t\t\t\t\t\t\t<li><a href=\"#\" data-goto=\"3\" aria-label=\"Display slide 4\"><\/a><\/li>\n\t\t\t\t\t\t\t\t\t\t\t<li><a href=\"#\" data-goto=\"4\" aria-label=\"Display slide 5\"><\/a><\/li>\n\t\t\t\t\t\t\t\t\t<\/ol>\n\n\t\t\t\t<div class=\"sow-slide-nav sow-slide-nav-next\">\n\t\t\t\t\t<a href=\"#\" data-goto=\"next\" aria-label=\"Next slide\" data-action=\"next\">\n\t\t\t\t\t\t<em class=\"sow-sld-icon-thin-right\"><\/em>\n\t\t\t\t\t<\/a>\n\t\t\t\t<\/div>\n\n\t\t\t\t<div class=\"sow-slide-nav sow-slide-nav-prev\">\n\t\t\t\t\t<a href=\"#\" data-goto=\"previous\" aria-label=\"Previous slide\" data-action=\"prev\">\n\t\t\t\t\t\t<em class=\"sow-sld-icon-thin-left\"><\/em>\n\t\t\t\t\t<\/a>\n\t\t\t\t<\/div>\n\t\t\t\t<\/div><\/div><\/div><\/div><\/div><div id=\"pg-30799-1\"  class=\"panel-grid panel-no-style\" ><div id=\"pgc-30799-1-0\"  class=\"panel-grid-cell\" ><div id=\"panel-30799-1-0-0\" class=\"so-panel widget widget_media_image panel-first-child\" data-index=\"1\" ><a href=\"https:\/\/cortecros.com\/?page_id=6\"><img loading=\"lazy\" decoding=\"async\" width=\"278\" height=\"254\" src=\"https:\/\/cortecros.com\/wp-content\/uploads\/2018\/01\/CorrLam_LD_VpCI-e1493904427104-2.jpg\" class=\"image wp-image-3582  attachment-full size-full\" alt=\"\" style=\"max-width: 100%; height: auto;\" srcset=\"https:\/\/cortecros.com\/wp-content\/uploads\/2018\/01\/CorrLam_LD_VpCI-e1493904427104-2.jpg 278w, https:\/\/cortecros.com\/wp-content\/uploads\/2018\/01\/CorrLam_LD_VpCI-e1493904427104-2-200x183.jpg 200w, https:\/\/cortecros.com\/wp-content\/uploads\/2018\/01\/CorrLam_LD_VpCI-e1493904427104-2-150x137.jpg 150w\" sizes=\"(max-width: 278px) 100vw, 278px\" \/><\/a><\/div><div id=\"panel-30799-1-0-1\" class=\"so-panel widget widget_sow-editor panel-last-child\" data-index=\"2\" ><div\n\t\t\t\n\t\t\tclass=\"so-widget-sow-editor so-widget-sow-editor-base\"\n\t\t\t\n\t\t>\n<div class=\"siteorigin-widget-tinymce textwidget\">\n\t<p>Pristupite opisu proizvoda i ostalim informacijama o raznim VpCI (Inhibitor korozije para faze) \/ MCI (Migrating Corrosion Inhibitor \u2122) i Bionetix linije proizvoda.<\/p>\n<\/div>\n<\/div><\/div><\/div><div id=\"pgc-30799-1-1\"  class=\"panel-grid-cell\" ><div id=\"panel-30799-1-1-0\" class=\"so-panel widget widget_media_image panel-first-child\" data-index=\"3\" ><a href=\"https:\/\/cortecros.com\/?page_id=4\"><img loading=\"lazy\" decoding=\"async\" width=\"278\" height=\"254\" src=\"https:\/\/cortecros.com\/wp-content\/uploads\/2018\/01\/IMG_0046-e1493904325777-2.jpg\" class=\"image wp-image-3584  attachment-full size-full\" alt=\"\" style=\"max-width: 100%; height: auto;\" srcset=\"https:\/\/cortecros.com\/wp-content\/uploads\/2018\/01\/IMG_0046-e1493904325777-2.jpg 278w, https:\/\/cortecros.com\/wp-content\/uploads\/2018\/01\/IMG_0046-e1493904325777-2-200x183.jpg 200w, https:\/\/cortecros.com\/wp-content\/uploads\/2018\/01\/IMG_0046-e1493904325777-2-150x137.jpg 150w\" sizes=\"(max-width: 278px) 100vw, 278px\" \/><\/a><\/div><div id=\"panel-30799-1-1-1\" class=\"so-panel widget widget_sow-editor panel-last-child\" data-index=\"4\" ><div\n\t\t\t\n\t\t\tclass=\"so-widget-sow-editor so-widget-sow-editor-base\"\n\t\t\t\n\t\t>\n<div class=\"siteorigin-widget-tinymce textwidget\">\n\t<p>CorteCros doo je generalni distributer za Hrvatsku i jugoisto\u010dnu Europu majke tvrtke Cortec Corporation.<\/p>\n<\/div>\n<\/div><\/div><\/div><div id=\"pgc-30799-1-2\"  class=\"panel-grid-cell\" ><div id=\"panel-30799-1-2-0\" class=\"so-panel widget widget_media_image panel-first-child\" data-index=\"5\" ><a href=\"https:\/\/cortecros.com\/?page_id=10\"><img loading=\"lazy\" decoding=\"async\" width=\"278\" height=\"254\" src=\"https:\/\/cortecros.com\/wp-content\/uploads\/2018\/01\/picture-3.jpg\" class=\"image wp-image-3586  attachment-full size-full\" alt=\"\" style=\"max-width: 100%; height: auto;\" srcset=\"https:\/\/cortecros.com\/wp-content\/uploads\/2018\/01\/picture-3.jpg 278w, https:\/\/cortecros.com\/wp-content\/uploads\/2018\/01\/picture-3-200x183.jpg 200w, https:\/\/cortecros.com\/wp-content\/uploads\/2018\/01\/picture-3-150x137.jpg 150w\" sizes=\"(max-width: 278px) 100vw, 278px\" \/><\/a><\/div><div id=\"panel-30799-1-2-1\" class=\"so-panel widget widget_sow-editor panel-last-child\" data-index=\"6\" ><div\n\t\t\t\n\t\t\tclass=\"so-widget-sow-editor so-widget-sow-editor-base\"\n\t\t\t\n\t\t>\n<div class=\"siteorigin-widget-tinymce textwidget\">\n\t<p>Saznajte vi\u0161e o tehnologiji za inhibiciju korozije para faze kroz informativne tehni\u010dke radove.<\/p>\n<\/div>\n<\/div><\/div><\/div><div id=\"pgc-30799-1-3\"  class=\"panel-grid-cell\" ><div id=\"panel-30799-1-3-0\" class=\"so-panel widget widget_media_image panel-first-child\" data-index=\"7\" ><img loading=\"lazy\" decoding=\"async\" width=\"227\" height=\"229\" src=\"https:\/\/cortecros.com\/wp-content\/uploads\/2022\/10\/25-logo-hr2.png\" class=\"image wp-image-33567  attachment-full size-full\" alt=\"\" style=\"max-width: 100%; height: auto;\" srcset=\"https:\/\/cortecros.com\/wp-content\/uploads\/2022\/10\/25-logo-hr2.png 227w, https:\/\/cortecros.com\/wp-content\/uploads\/2022\/10\/25-logo-hr2-150x150.png 150w, https:\/\/cortecros.com\/wp-content\/uploads\/2022\/10\/25-logo-hr2-198x200.png 198w, https:\/\/cortecros.com\/wp-content\/uploads\/2022\/10\/25-logo-hr2-100x100.png 100w\" sizes=\"(max-width: 227px) 100vw, 227px\" \/><\/div><div id=\"panel-30799-1-3-1\" class=\"so-panel widget widget_sow-editor panel-last-child\" data-index=\"8\" ><div\n\t\t\t\n\t\t\tclass=\"so-widget-sow-editor so-widget-sow-editor-base\"\n\t\t\t\n\t\t>\n<div class=\"siteorigin-widget-tinymce textwidget\">\n\t<p>Tijekom proteklih 25 godina, CorteCros je krenuo od toga da postane jedna od najuspje\u0161nijih tvrtki za koroziju u Hrvatskoj.<\/p>\n<\/div>\n<\/div><\/div><\/div><\/div><div id=\"pg-30799-2\"  class=\"panel-grid panel-no-style\" ><div id=\"pgc-30799-2-0\"  class=\"panel-grid-cell\" ><div id=\"panel-30799-2-0-0\" class=\"so-panel widget widget_sow-headline panel-first-child\" data-index=\"9\" ><div\n\t\t\t\n\t\t\tclass=\"so-widget-sow-headline so-widget-sow-headline-default-6b52635ceda7-30799\"\n\t\t\t\n\t\t><div class=\"sow-headline-container \">\n\t\t\t\t\t\t\t<h1 class=\"sow-headline\">\n\t\t\t\t\t\tDobro do\u0161li\t\t\t\t\t\t<\/h1>\n\t\t\t\t\t\t<\/div>\n<\/div><\/div><div id=\"panel-30799-2-0-1\" class=\"so-panel widget widget_sow-editor panel-last-child\" data-index=\"10\" ><div\n\t\t\t\n\t\t\tclass=\"so-widget-sow-editor so-widget-sow-editor-base\"\n\t\t\t\n\t\t>\n<div class=\"siteorigin-widget-tinymce textwidget\">\n\t<p>Tvrtka CorteCros<sup>\u00ae<\/sup>\u00a0d.o.o. osnovana je 1998. kao tvrtka zajedni\u010dkog ulaganja izme\u0111u Cortec<sup>\u00ae<\/sup>\u00a0korporacije i Crosco<sup>\u00ae<\/sup>\u00a0naftni servisi d.o.o., tada\u0161njeg \u010dlana INA Grupe te je imenovan generalnim zastupnikom Cortec<sup>\u00ae<\/sup>\u00a0korporacije za Hrvatsku i jugoisto\u010dnu Europu. Od 2016. godine CorteCros<sup>\u00ae<\/sup>\u00a0d.o.o. je u potpunom vlasni\u0161tvu Cortec-a i u potpunosti je uklju\u010den u poslovnu strategiju Cortec<sup>\u00ae<\/sup>\u00a0korporacije sa svim svojim potencijalima. Cortec<sup>\u00ae<\/sup> korporacija spada u najve\u0107e proizvo\u0111a\u010de inhibitora za za\u0161titu od korozije u svijetu i prodaje svoje proizvode u vi\u0161e od 90 zemalja. Tijekom posljednjih 23 godina CorteCros<sup>\u00ae<\/sup>\u00a0d.o.o. uspje\u0161no djeluje nude\u0107i najmodernije proizvode i usluge za za\u0161tititu od korozije. CorteCros<sup>\u00ae<\/sup>\u00a0d.o.o. kao tvrtka k\u0107er Cortec<sup>\u00ae<\/sup>\u00a0korporacije nudi integrirana rje\u0161enja i potpunu tehni\u010dku podr\u0161ku primjene Cortecovih proizvoda i usluga namijenjenih svim industrijama. Tvrtka raspola\u017ee bogatim dugogodi\u0161njim iskustvom u vojnoj industriji, istra\u017eivanju, transportu, preradi nafte i plina te u industrijskim kapacitetima za obradu voda.<\/p>\n<p>Na\u0161a misija je ponuditi tehni\u010dku i logisti\u010dku potporu distribucijskoj mre\u017ei Cortec<sup>\u00ae<\/sup>\u00a0korporacije u Europi koja odra\u017eava izvrsnost u svim aspektima tvrtke. CorteCros<sup>\u00ae<\/sup>\u00a0d.o.o. je dio Cortecove nove europske logisti\u010dke mre\u017ee sa resursima kao \u0161to su ured u Zagrebu i distributivni centar u Splitu. Cortecovi proizvodi distribuiraju se iz Hrvatske odakle se izvoze diljem svijeta. Proizvode tvrtke kontrolira novi laboratorijski kapacitet koji odgovara najvi\u0161im svjetskim standardima. Koriste\u0107i najnoviju tehnologiju CorteCros<sup>\u00ae<\/sup>\u00a0d.o.o. pru\u017ea integrirana rje\u0161enja za za\u0161titu od korozije. Ova suvremena rje\u0161enja produkt su najnovije svjetske tehnologije koja omogu\u0107uju klijentima zna\u010dajnu u\u0161tedu tro\u0161kova i za\u0161titu okoli\u0161a. Split je glavna europska lokacija za skladi\u0161tenje Corteceovih proizvoda kao i proizvoda kompanije Bionetix International iz Kanade koja je tvrtka k\u0107er Cortec<sup>\u00ae<\/sup>\u00a0korporacije. Bionetix International bavi se proizvodnjom biolo\u0161kih proizvoda na mikrobnoj i enzimnoj bazi koji se primjenjuju u industrijama diljem svijeta.<\/p>\n<p>CorteCrosova vizija je razvoj i odr\u017eavanje polo\u017eaja Cortec<sup>\u00ae<\/sup>\u00a0korporacije kao vode\u0107eg svjetskog proizvo\u0111a\u010da visokokvalitetnih, inovativnih i ekolo\u0161ki sigurnih tehnologija za za\u0161titu materijala. Pru\u017eamo kompletna rje\u0161enja za primjenu proizvoda tvrtke Cortec<sup>\u00ae<\/sup>\u00a0korporacije.<\/p>\n<p>Na\u0161e Vrijednosti<\/p>\n<ul>\n<li>Integritet<\/li>\n<li>Dostava<\/li>\n<li>Projektiranje i konzalting<\/li>\n<li>Usluge i nadzor<\/li>\n<li>Profesionalnost<\/li>\n<li>Sigurnost<\/li>\n<\/ul>\n<\/div>\n<\/div><\/div><\/div><\/div><\/div>","protected":false},"excerpt":{"rendered":"<p>Pristupite opisu proizvoda i ostalim informacijama o raznim VpCI (Inhibitor korozije para faze) \/ MCI (Migrating Corrosion Inhibitor \u2122) i Bionetix linije proizvoda. CorteCros doo je generalni distributer za Hrvatsku i jugoisto\u010dnu Europu majke tvrtke Cortec Corporation. Saznajte vi\u0161e o tehnologiji za inhibiciju korozije para faze kroz informativne tehni\u010dke radove. <a class=\"continue-reading-link\" href=\"https:\/\/cortecros.com\/hr\/\">nastavi \u010ditati<\/a><\/p>\n","protected":false},"author":1,"featured_media":0,"parent":0,"menu_order":0,"comment_status":"closed","ping_status":"closed","template":"templates\/template-onecolumn.php","meta":{"ngg_post_thumbnail":0,"footnotes":"","_links_to":"","_links_to_target":""},"class_list":["post-30799","page","type-page","status-publish","hentry"],"_links":{"self":[{"href":"https:\/\/cortecros.com\/hr\/wp-json\/wp\/v2\/pages\/30799","targetHints":{"allow":["GET"]}}],"collection":[{"href":"https:\/\/cortecros.com\/hr\/wp-json\/wp\/v2\/pages"}],"about":[{"href":"https:\/\/cortecros.com\/hr\/wp-json\/wp\/v2\/types\/page"}],"author":[{"embeddable":true,"href":"https:\/\/cortecros.com\/hr\/wp-json\/wp\/v2\/users\/1"}],"replies":[{"embeddable":true,"href":"https:\/\/cortecros.com\/hr\/wp-json\/wp\/v2\/comments?post=30799"}],"version-history":[{"count":8,"href":"https:\/\/cortecros.com\/hr\/wp-json\/wp\/v2\/pages\/30799\/revisions"}],"predecessor-version":[{"id":35933,"href":"https:\/\/cortecros.com\/hr\/wp-json\/wp\/v2\/pages\/30799\/revisions\/35933"}],"wp:attachment":[{"href":"https:\/\/cortecros.com\/hr\/wp-json\/wp\/v2\/media?parent=30799"}],"curies":[{"name":"wp","href":"https:\/\/api.w.org\/{rel}","templated":true}]}}