{"id":3166,"date":"2017-06-29T15:50:59","date_gmt":"2017-06-29T15:50:59","guid":{"rendered":"http:\/\/cortecros.com\/?page_id=3166\/"},"modified":"2022-07-14T08:00:46","modified_gmt":"2022-07-14T08:00:46","slug":"brosure-cortecros","status":"publish","type":"page","link":"https:\/\/cortecros.com\/hr\/brosure-cortecros\/","title":{"rendered":"CorteCros Bro\u0161ure"},"content":{"rendered":"<p><a href=\"https:\/\/cortecros.com\/wp-content\/uploads\/2022\/07\/cortecros-brosura-hr.pdf\" target=\"_blank\" rel=\"noopener\"><img fetchpriority=\"high\" decoding=\"async\" class=\"alignnone wp-image-33202 size-full\" src=\"https:\/\/cortecros.com\/wp-content\/uploads\/2022\/07\/cortecros-brosura.jpg\" alt=\"\" width=\"200\" height=\"274\" srcset=\"https:\/\/cortecros.com\/wp-content\/uploads\/2022\/07\/cortecros-brosura.jpg 200w, https:\/\/cortecros.com\/wp-content\/uploads\/2022\/07\/cortecros-brosura-146x200.jpg 146w, https:\/\/cortecros.com\/wp-content\/uploads\/2022\/07\/cortecros-brosura-109x150.jpg 109w\" sizes=\"(max-width: 200px) 100vw, 200px\" \/><\/a><\/p>\n<h3><a href=\"https:\/\/cortecros.com\/wp-content\/uploads\/2022\/07\/cortecros-brosura-hr.pdf\"><strong>Klikni za preuzimanje!<\/strong><\/a><\/h3>\n<p>&nbsp;<\/p>\n<p><strong><span class=\"fontstyle0\">KONZERVACIJA SUSTAVA RASHLADNE VODE<\/span><\/strong><\/p>\n<p><a href=\"https:\/\/cortecros.com\/wp-content\/uploads\/2022\/01\/Cooling-Water-Layup-Product-Line-Guide-HR.pdf\">Klikni OVDJE za preuzimanje<\/a><\/p>\n<a href=\"https:\/\/cortecros.com\/wp-content\/uploads\/2022\/01\/Cooling-Water-Layup-Product-Line-Guide-HR.pdf\" class=\"pdfemb-viewer\" style=\"\" data-width=\"max\" data-height=\"max\" data-toolbar=\"bottom\" data-toolbar-fixed=\"off\">Cooling-Water-Layup-Product-Line-Guide-HR<\/a>\n<p>&nbsp;<\/p>\n<p><strong>VpCI-649-VODI\u010c ZA PRIMJENU<\/strong><\/p>\n<p><a href=\"https:\/\/cortecros.com\/wp-content\/uploads\/2021\/08\/VpCI-649-Application-Guide-HR.pdf\">Klikni OVDJE za preuzimanje<\/a><\/p>\n<a href=\"https:\/\/cortecros.com\/wp-content\/uploads\/2021\/08\/VpCI-649-Application-Guide-HR.pdf\" class=\"pdfemb-viewer\" style=\"\" data-width=\"max\" data-height=\"max\" data-toolbar=\"bottom\" data-toolbar-fixed=\"off\">VpCI-649 Vodi\u010d za primjenu<\/a>\n<p>&nbsp;<\/p>\n<p><strong>REFERENTNI VODI\u010c ZA \u010cISTA\u010cE I ODMA\u0160\u0106IVA\u010cE<\/strong><\/p>\n<p><a href=\"https:\/\/cortecros.com\/wp-content\/uploads\/2021\/04\/Referntni-vodic-CortecR-cistacaodmascivaca.pdf\">Klikni OVDJE za preuzimanje<\/a><\/p>\n<a href=\"https:\/\/cortecros.com\/wp-content\/uploads\/2021\/04\/Referntni-vodic-CortecR-cistacaodmascivaca.pdf\" class=\"pdfemb-viewer\" style=\"\" data-width=\"max\" data-height=\"max\" data-toolbar=\"bottom\" data-toolbar-fixed=\"off\">Referntni vodi\u0107 CortecR \u010dista\u0107a&amp;odma\u0161\u0107iva\u0107a<\/a>\n<p>&nbsp;<\/p>\n<p><strong>CORTEC\u00ae\u00a0PRIVREMENA ZA\u0160TITA OD KOROZIJE &#8211; UPUTSTVO ZA PRIMJENU PROIZVODA<\/strong><\/p>\n<p><a href=\"https:\/\/www.cortecvci.com\/whats_new\/announcements\/Premazi-Privremena-za%C5%A1tita-HR.pdf\">Klikni OVDJE za preuzimanje<\/a><\/p>\n<a href=\"https:\/\/cortecros.com\/wp-content\/uploads\/2021\/07\/Premazi-Privremena-zastita-HR.pdf\" class=\"pdfemb-viewer\" style=\"\" data-width=\"max\" data-height=\"max\" data-toolbar=\"bottom\" data-toolbar-fixed=\"off\">Premazi Privremena za\u0161tita od korozije<\/a>\n","protected":false},"excerpt":{"rendered":"<p>Klikni za preuzimanje! &nbsp; KONZERVACIJA SUSTAVA RASHLADNE VODE Klikni OVDJE za preuzimanje &nbsp; VpCI-649-VODI\u010c ZA PRIMJENU Klikni OVDJE za preuzimanje &nbsp; REFERENTNI VODI\u010c ZA \u010cISTA\u010cE I ODMA\u0160\u0106IVA\u010cE Klikni OVDJE za preuzimanje &nbsp; CORTEC\u00ae\u00a0PRIVREMENA ZA\u0160TITA OD KOROZIJE &#8211; UPUTSTVO ZA PRIMJENU PROIZVODA Klikni OVDJE za preuzimanje <a class=\"continue-reading-link\" href=\"https:\/\/cortecros.com\/hr\/brosure-cortecros\/\">nastavi \u010ditati<\/a><\/p>\n","protected":false},"author":1,"featured_media":0,"parent":0,"menu_order":0,"comment_status":"closed","ping_status":"closed","template":"","meta":{"ngg_post_thumbnail":0,"footnotes":"","_links_to":"","_links_to_target":""},"class_list":["post-3166","page","type-page","status-publish","hentry"],"_links":{"self":[{"href":"https:\/\/cortecros.com\/hr\/wp-json\/wp\/v2\/pages\/3166","targetHints":{"allow":["GET"]}}],"collection":[{"href":"https:\/\/cortecros.com\/hr\/wp-json\/wp\/v2\/pages"}],"about":[{"href":"https:\/\/cortecros.com\/hr\/wp-json\/wp\/v2\/types\/page"}],"author":[{"embeddable":true,"href":"https:\/\/cortecros.com\/hr\/wp-json\/wp\/v2\/users\/1"}],"replies":[{"embeddable":true,"href":"https:\/\/cortecros.com\/hr\/wp-json\/wp\/v2\/comments?post=3166"}],"version-history":[{"count":5,"href":"https:\/\/cortecros.com\/hr\/wp-json\/wp\/v2\/pages\/3166\/revisions"}],"predecessor-version":[{"id":33206,"href":"https:\/\/cortecros.com\/hr\/wp-json\/wp\/v2\/pages\/3166\/revisions\/33206"}],"wp:attachment":[{"href":"https:\/\/cortecros.com\/hr\/wp-json\/wp\/v2\/media?parent=3166"}],"curies":[{"name":"wp","href":"https:\/\/api.w.org\/{rel}","templated":true}]}}