{"id":37474,"date":"2025-12-10T14:23:28","date_gmt":"2025-12-10T14:23:28","guid":{"rendered":"https:\/\/cortecros.com\/?page_id=37474"},"modified":"2025-12-11T07:43:04","modified_gmt":"2025-12-11T07:43:04","slug":"politika-kolacica","status":"publish","type":"page","link":"https:\/\/cortecros.com\/hr\/politika-kolacica\/","title":{"rendered":"Politika Kola\u010di\u0107a"},"content":{"rendered":"<p data-start=\"547\" data-end=\"685\">Ova Politika kola\u010di\u0107a obja\u0161njava \u0161to su kola\u010di\u0107i, koje kola\u010di\u0107e koristimo, za \u0161to ih koristimo i kako mo\u017eete upravljati svojim postavkama.<\/p>\n<p data-start=\"687\" data-end=\"810\">Web stranica <strong data-start=\"700\" data-end=\"721\"><a class=\"decorated-link\" href=\"http:\/\/www.cortecros.com\" target=\"_new\" rel=\"noopener\" data-start=\"702\" data-end=\"719\">www.cortecros.com<\/a><\/strong> koristi isklju\u010divo nu\u017ene kola\u010di\u0107e potrebne za rad stranice i sigurnost kontakt obrazaca.<\/p>\n<hr data-start=\"812\" data-end=\"815\">\n<h2 data-start=\"817\" data-end=\"840\">\u0160to su kola\u010di\u0107i?<\/h2>\n<p data-start=\"842\" data-end=\"1023\">Kola\u010di\u0107i su male tekstualne datoteke koje web stranica sprema na va\u0161 ure\u0111aj kada je posjetite. Koriste se za ispravnu funkcionalnost stranice, sigurnost, te pam\u0107enje va\u0161ih postavki.<\/p>\n<hr data-start=\"1025\" data-end=\"1028\">\n<h2 data-start=\"1030\" data-end=\"1061\">Koje kola\u010di\u0107e koristimo?<\/h2>\n<p data-start=\"1063\" data-end=\"1188\">Prema posljednjem skeniranju ConsentManager CMP sustava (10.12.2025), web stranica koristi samo sljede\u0107e kategorije kola\u010di\u0107a:<\/p>\n<hr data-start=\"1190\" data-end=\"1193\">\n<h3 data-start=\"1195\" data-end=\"1253\">1. Nu\u017eni kola\u010di\u0107i (Funkcionalni kola\u010di\u0107i)<\/h3>\n<p data-start=\"1254\" data-end=\"1319\">Ovi kola\u010di\u0107i su potrebni za rad stranice i ne mogu se isklju\u010diti.<\/p>\n<h4 data-start=\"1321\" data-end=\"1360\">Consent Manager (CMP) kola\u010di\u0107i<\/h4>\n<p data-start=\"1361\" data-end=\"1370\">Primjeri:<\/p>\n<ul data-start=\"1371\" data-end=\"1415\">\n<li data-start=\"1371\" data-end=\"1383\">\n<p data-start=\"1373\" data-end=\"1383\">cmpcc*<\/p>\n<\/li>\n<li data-start=\"1371\" data-end=\"1383\">cmpccu*<\/li>\n<li data-start=\"1398\" data-end=\"1415\">\n<p data-start=\"1400\" data-end=\"1415\">cmpconsent*<\/p>\n<\/li>\n<\/ul>\n<p data-start=\"1417\" data-end=\"1497\">Svrha: pam\u0107enje va\u0161ih postavki kola\u010di\u0107a i upravljanje privolama sukladno GDPR-u.<\/p>\n<hr data-start=\"1499\" data-end=\"1502\">\n<h4 data-start=\"1504\" data-end=\"1537\">Google reCAPTCHA kola\u010di\u0107<\/h4>\n<p data-start=\"1538\" data-end=\"1546\">Primjer:<\/p>\n<ul data-start=\"1547\" data-end=\"1555\">\n<li data-start=\"1547\" data-end=\"1555\">\n<p data-start=\"1549\" data-end=\"1555\">rc:a<\/p>\n<\/li>\n<\/ul>\n<p data-start=\"1557\" data-end=\"1610\">Svrha: za\u0161tita kontakt obrasca od spama i zlouporaba.<\/p>\n<hr data-start=\"1499\" data-end=\"1502\">\n<h3 data-pm-slice=\"0 0 []\">WordPress funkcionalni kola\u010di\u0107i<\/h3>\n<p>Primjeri:<\/p>\n<ul>\n<li>wordpress_logged_in_*,<\/li>\n<li>wordpress_sec_*,<\/li>\n<li>wp-settings-*<\/li>\n<\/ul>\n<p>Svrha: osiguravanje osnovne funkcionalnosti sustava za upravljanje sadr\u017eajem (CMS) te sigurne administratorske sesije.<\/p>\n<p>Ovi kola\u010di\u0107i ne prate korisnike.<\/p>\n<hr data-start=\"1499\" data-end=\"1502\">\n<h3>WPML kola\u010di\u0107 za jezik<\/h3>\n<p>Primjer:<\/p>\n<ul>\n<li>wp-wpml_current_language<\/li>\n<\/ul>\n<p>Svrha: pam\u0107enje odabranog jezika korisnika.<\/p>\n<hr data-start=\"1499\" data-end=\"1502\">\n<h3>WCML kola\u010di\u0107 za valutu<\/h3>\n<p>Primjer:<\/p>\n<ul>\n<li>wcml_dashboard_currency<\/li>\n<\/ul>\n<p>Svrha: interni prikaz valute u administraciji.<\/p>\n<p>Ovaj kola\u010di\u0107 ne prikuplja osobne podatke posjetitelja.<\/p>\n<hr data-start=\"1612\" data-end=\"1615\">\n<h4 data-start=\"1617\" data-end=\"1651\">Hosting \/ server kola\u010di\u0107i<\/h4>\n<p data-start=\"1652\" data-end=\"1661\">Primjeri:<\/p>\n<ul data-start=\"1662\" data-end=\"1704\">\n<li data-start=\"1662\" data-end=\"1704\">\n<p data-start=\"1664\" data-end=\"1704\">sigurnosni session kola\u010di\u0107i poslu\u017eitelja<\/p>\n<\/li>\n<\/ul>\n<p data-start=\"1706\" data-end=\"1758\">Svrha: tehni\u010dka stabilnost i sigurnost web stranice.<\/p>\n<hr data-start=\"1760\" data-end=\"1763\">\n<h3 data-start=\"1765\" data-end=\"1814\">2. Kola\u010di\u0107i tre\u0107ih strana \u2013 NE KORISTE SE<\/h3>\n<p data-start=\"1816\" data-end=\"1844\">Web stranica <strong data-start=\"1829\" data-end=\"1843\">ne koristi<\/strong>:<\/p>\n<ul data-start=\"1846\" data-end=\"1977\">\n<li data-start=\"1846\" data-end=\"1866\">\n<p data-start=\"1848\" data-end=\"1866\">Google Analytics<\/p>\n<\/li>\n<li data-start=\"1867\" data-end=\"1881\">\n<p data-start=\"1869\" data-end=\"1881\">Google Ads<\/p>\n<\/li>\n<li data-start=\"1882\" data-end=\"1900\">\n<p data-start=\"1884\" data-end=\"1900\">Facebook Pixel<\/p>\n<\/li>\n<li data-start=\"1901\" data-end=\"1917\">\n<p data-start=\"1903\" data-end=\"1917\">Sourcebuster<\/p>\n<\/li>\n<li data-start=\"1918\" data-end=\"1977\">\n<p data-start=\"1920\" data-end=\"1977\">YouTube kola\u010di\u0107e (video sadr\u017eaj je blokiran do pristanka)<\/p>\n<\/li>\n<\/ul>\n<p data-start=\"1979\" data-end=\"2039\">CMP je potvrdio da <em data-start=\"1998\" data-end=\"2038\">nema aktivnih kola\u010di\u0107a koji nisu nu\u017eni<\/em>.<\/p>\n<hr data-start=\"2041\" data-end=\"2044\">\n<h2 data-start=\"2046\" data-end=\"2087\">Kako mo\u017eete upravljati kola\u010di\u0107ima?<\/h2>\n<p data-start=\"2089\" data-end=\"2228\">Mo\u017eete promijeniti svoje postavke kola\u010di\u0107a u bilo kojem trenutku klikom na gumb <strong data-start=\"2169\" data-end=\"2192\">&#8220;Postavke kola\u010di\u0107a&#8221;<\/strong> koji se nalazi u podno\u017eju stranice.<\/p>\n<hr data-start=\"2230\" data-end=\"2233\">\n<h2 data-start=\"2235\" data-end=\"2267\">Izmjene politike kola\u010di\u0107a<\/h2>\n<p data-start=\"2269\" data-end=\"2370\">CorteCros d.o.o. redovito a\u017eurira ovu Politiku kola\u010di\u0107a.<br data-start=\"2325\" data-end=\"2328\">Posljednja izmjena: <strong data-start=\"2348\" data-end=\"2370\">10. prosinca 2025.<\/strong><\/p>\n<p data-start=\"2372\" data-end=\"2428\">Za pitanja kontaktirajte nas na: <strong data-start=\"2405\" data-end=\"2427\"><a class=\"decorated-link cursor-pointer\" rel=\"noopener\" data-start=\"2407\" data-end=\"2425\">info@cortecros.com<\/a><\/strong>.<\/p>\n","protected":false},"excerpt":{"rendered":"<p>Ova Politika kola\u010di\u0107a obja\u0161njava \u0161to su kola\u010di\u0107i, koje kola\u010di\u0107e koristimo, za \u0161to ih koristimo i kako mo\u017eete upravljati svojim postavkama. Web stranica www.cortecros.com koristi isklju\u010divo nu\u017ene kola\u010di\u0107e potrebne za rad stranice i sigurnost kontakt obrazaca. \u0160to su kola\u010di\u0107i? Kola\u010di\u0107i su male tekstualne datoteke koje web stranica sprema na va\u0161 ure\u0111aj\u2026 <a class=\"continue-reading-link\" href=\"https:\/\/cortecros.com\/hr\/politika-kolacica\/\">nastavi \u010ditati<\/a><\/p>\n","protected":false},"author":1,"featured_media":0,"parent":0,"menu_order":0,"comment_status":"closed","ping_status":"closed","template":"","meta":{"ngg_post_thumbnail":0,"footnotes":"","_links_to":"","_links_to_target":""},"class_list":["post-37474","page","type-page","status-publish","hentry"],"_links":{"self":[{"href":"https:\/\/cortecros.com\/hr\/wp-json\/wp\/v2\/pages\/37474","targetHints":{"allow":["GET"]}}],"collection":[{"href":"https:\/\/cortecros.com\/hr\/wp-json\/wp\/v2\/pages"}],"about":[{"href":"https:\/\/cortecros.com\/hr\/wp-json\/wp\/v2\/types\/page"}],"author":[{"embeddable":true,"href":"https:\/\/cortecros.com\/hr\/wp-json\/wp\/v2\/users\/1"}],"replies":[{"embeddable":true,"href":"https:\/\/cortecros.com\/hr\/wp-json\/wp\/v2\/comments?post=37474"}],"version-history":[{"count":3,"href":"https:\/\/cortecros.com\/hr\/wp-json\/wp\/v2\/pages\/37474\/revisions"}],"predecessor-version":[{"id":37491,"href":"https:\/\/cortecros.com\/hr\/wp-json\/wp\/v2\/pages\/37474\/revisions\/37491"}],"wp:attachment":[{"href":"https:\/\/cortecros.com\/hr\/wp-json\/wp\/v2\/media?parent=37474"}],"curies":[{"name":"wp","href":"https:\/\/api.w.org\/{rel}","templated":true}]}}