{"id":4440,"date":"2019-07-23T10:59:00","date_gmt":"2019-07-23T10:59:00","guid":{"rendered":"https:\/\/cortecros.com\/?page_id=4440"},"modified":"2021-07-09T13:09:53","modified_gmt":"2021-07-09T13:09:53","slug":"vijesti","status":"publish","type":"page","link":"https:\/\/cortecros.com\/hr\/vijesti\/","title":{"rendered":"Vijesti"},"content":{"rendered":"<div id=\"pl-4440\"  class=\"panel-layout\" ><div id=\"pg-4440-0\"  class=\"panel-grid panel-no-style\" ><div id=\"pgc-4440-0-0\"  class=\"panel-grid-cell\" >\n\t\t<div id=\"panel-4440-0-0-0\" class=\"so-panel widget widget_recent-posts widget_recent_entries panel-first-child panel-last-child\" data-index=\"0\" >\n\t\t<h3 class=\"widget-title\">Objave<\/h3>\n\t\t<ul>\n\t\t\t\t\t\t\t\t\t\t\t<li>\n\t\t\t\t\t<a href=\"https:\/\/www.amcham.hr\/novosti\/ecocortec-ulaze-2-milijuna-eura-u-baranju-novi-logisticki-centar-za-globalnu-ekspanziju\">EcoCortec\u00ae ula\u017ee 2 milijuna eura u Baranju: Novi logisti\u010dki centar za globalnu ekspanziju &#8211; Am Cham<\/a>\n\t\t\t\t\t\t\t\t\t\t\t<span class=\"post-date\">April 20, 2026<\/span>\n\t\t\t\t\t\t\t\t\t<\/li>\n\t\t\t\t\t\t\t\t\t\t\t<li>\n\t\t\t\t\t<a href=\"https:\/\/www.poslovni.hr\/hrvatska\/tko-je-boris-miksic-s-35-dolara-u-dzepu-pokorio-je-ameriku-a-u-slavoniji-i-baranji-izgradio-poslovno-carstvo-4532718\">ko je Boris Mik\u0161i\u0107? S 35 dolara u d\u017eepu pokorio je Ameriku, a Hrvatsku kasnije pozicionirao na svjetsko tr\u017ei\u0161te &#8211; Poslovni.hr<\/a>\n\t\t\t\t\t\t\t\t\t\t\t<span class=\"post-date\">April 16, 2026<\/span>\n\t\t\t\t\t\t\t\t\t<\/li>\n\t\t\t\t\t\t\t\t\t\t\t<li>\n\t\t\t\t\t<a href=\"https:\/\/www.24sata.hr\/news\/foto-sjecate-se-borisa-miksica-evo-sto-radi-decko-s-tresnjevke-koji-je-htio-biti-predsjednik-rh-1121297\">Sje\u0107ate se Borisa Mik\u0161i\u0107a? Evo \u0161to radi &#8216;de\u010dko s Tre\u0161njevke&#8217; koji je htio biti predsjednik RH &#8211; 24 sata.hr<\/a>\n\t\t\t\t\t\t\t\t\t\t\t<span class=\"post-date\">April 14, 2026<\/span>\n\t\t\t\t\t\t\t\t\t<\/li>\n\t\t\t\t\t\t\t\t\t\t\t<li>\n\t\t\t\t\t<a href=\"https:\/\/paking.hr\/zelena-revolucija-ecocorteca\/\">Zelena revolucija EcoCorteca -Paking.hr<\/a>\n\t\t\t\t\t\t\t\t\t\t\t<span class=\"post-date\">February 9, 2026<\/span>\n\t\t\t\t\t\t\t\t\t<\/li>\n\t\t\t\t\t\t\t\t\t\t\t<li>\n\t\t\t\t\t<a href=\"https:\/\/www.poslovni.hr\/domace\/zelena-revolucija-s-hrvatskim-potpisom-iz-belog-manastira-stize-tehnologija-koja-je-pokorila-svjetsko-trziste-4521772\">Zelena revolucija s hrvatskim potpisom: Iz Belog Manastira sti\u017ee tehnologija koja je pokorila svjetsko tr\u017ei\u0161te &#8211; Poslovni.hr<\/a>\n\t\t\t\t\t\t\t\t\t\t\t<span class=\"post-date\">January 29, 2026<\/span>\n\t\t\t\t\t\t\t\t\t<\/li>\n\t\t\t\t\t\t\t\t\t\t\t<li>\n\t\t\t\t\t<a href=\"https:\/\/www.cortecvci.com\/whats_new\/announcements\/Eco-Wrap-HR-PR.pdf\">Zelena revolucija s hrvatskim potpisom: Iz Belog Manastira sti\u017ee tehnologija koja je pokorila svjetsko tr\u017ei\u0161te<\/a>\n\t\t\t\t\t\t\t\t\t\t\t<span class=\"post-date\">January 28, 2026<\/span>\n\t\t\t\t\t\t\t\t\t<\/li>\n\t\t\t\t\t\t\t\t\t\t\t<li>\n\t\t\t\t\t<a href=\"https:\/\/novac.jutarnji.hr\/novac\/aktualno\/tezak-udarac-za-nesudenog-predsjednika-rh-zbog-tog-dogovora-u-hrvatskoj-vec-imam-nove-troskove-za-ameriku-jos-cekam-15608595\">Te\u017eak udarac za nesu\u0111enog predsjednika RH: \u2018Zbog tog dogovora u Hrvatskoj ve\u0107 imam nove tro\u0161kove, za Ameriku jo\u0161 \u010dekam&#8230;\u2018<\/a>\n\t\t\t\t\t\t\t\t\t\t\t<span class=\"post-date\">July 30, 2025<\/span>\n\t\t\t\t\t\t\t\t\t<\/li>\n\t\t\t\t\t\t\t\t\t\t\t<li>\n\t\t\t\t\t<a href=\"https:\/\/cortecros.com\/wp-content\/uploads\/2024\/06\/Company-wall-2024.pdf\">CorteCros &#8211; Bonitetna ocjena 2024.<\/a>\n\t\t\t\t\t\t\t\t\t\t\t<span class=\"post-date\">June 17, 2024<\/span>\n\t\t\t\t\t\t\t\t\t<\/li>\n\t\t\t\t\t\t\t\t\t\t\t<li>\n\t\t\t\t\t<a href=\"https:\/\/cortecros.com\/wp-content\/uploads\/2024\/06\/CorteCros-zastita-od-korozije-cijevi.pdf\">Za\u0161tita od korozije cijevi oblo\u017eenih betonom<\/a>\n\t\t\t\t\t\t\t\t\t\t\t<span class=\"post-date\">June 17, 2024<\/span>\n\t\t\t\t\t\t\t\t\t<\/li>\n\t\t\t\t\t\t\t\t\t\t\t<li>\n\t\t\t\t\t<a href=\"https:\/\/www.cortecvci.com\/whats_new\/announcements\/Intervju-gradnja-2024.pdf\">Proizvodnja ekolo\u0161ki prihvatljivih proizvoda jedini je put k boljoj budu\u0107nost<\/a>\n\t\t\t\t\t\t\t\t\t\t\t<span class=\"post-date\">March 11, 2024<\/span>\n\t\t\t\t\t\t\t\t\t<\/li>\n\t\t\t\t\t\t\t\t\t\t\t<li>\n\t\t\t\t\t<a href=\"https:\/\/www.cortecvci.com\/whats_new\/announcements\/Prevencija-i-sanacija-korozije-na-vjetroelektranama.pdf\">Prevencija i sanacija korozije na vjetroelektranama<\/a>\n\t\t\t\t\t\t\t\t\t\t\t<span class=\"post-date\">January 23, 2024<\/span>\n\t\t\t\t\t\t\t\t\t<\/li>\n\t\t\t\t\t\t\t\t\t\t\t<li>\n\t\t\t\t\t<a href=\"https:\/\/www.cortecvci.com\/news-alert-cortec-publishes-guide-to-corrosion-remediation-at-wind-farms\/\">Spre\u010davanje korozije u geotermalnim elektranama<\/a>\n\t\t\t\t\t\t\t\t\t\t\t<span class=\"post-date\">January 22, 2024<\/span>\n\t\t\t\t\t\t\t\t\t<\/li>\n\t\t\t\t\t\t\t\t\t\t\t<li>\n\t\t\t\t\t<a href=\"https:\/\/www.cortecvci.com\/whats_new\/announcements\/Ciscenje-ostataka-betona-s-MCI-Super-Remover.pdf\">\u010ci\u0161\u0107enje ostataka betona s Cortec\u00ae MCI\u00ae Super Remover<\/a>\n\t\t\t\t\t\t\t\t\t\t\t<span class=\"post-date\">January 8, 2024<\/span>\n\t\t\t\t\t\t\t\t\t<\/li>\n\t\t\t\t\t\t\t\t\t\t\t<li>\n\t\t\t\t\t<a href=\"https:\/\/www.cortecvci.com\/whats_new\/announcements\/Borba-protiv-korozije-s-MCI.pdf\">Borba protiv korozije s MCI\u00ae na armirano betonskim gra\u0111evinama za pitku vodu<\/a>\n\t\t\t\t\t\t\t\t\t\t\t<span class=\"post-date\">January 8, 2024<\/span>\n\t\t\t\t\t\t\t\t\t<\/li>\n\t\t\t\t\t\t\t\t\t\t\t<li>\n\t\t\t\t\t<a href=\"https:\/\/www.cortecvci.com\/whats_new\/announcements\/CorteCros-inovativna-rjesenja.pdf\">\u010ci\u0161\u0107enje podova u automehani\u010darskim radionicama pomo\u0107u mikroorganizama &#8211; Inovativna rje\u0161enja<\/a>\n\t\t\t\t\t\t\t\t\t\t\t<span class=\"post-date\">December 8, 2023<\/span>\n\t\t\t\t\t\t\t\t\t<\/li>\n\t\t\t\t\t\t\t\t\t\t\t<li>\n\t\t\t\t\t<a href=\"https:\/\/www.cortecvci.com\/whats_new\/announcements\/Zastita-od-korozije-sustavima-premaza-1K-2K.pdf\">Za\u0161tita od korozije sustavima premaza 1K i 2K<\/a>\n\t\t\t\t\t\t\t\t\t\t\t<span class=\"post-date\">December 7, 2023<\/span>\n\t\t\t\t\t\t\t\t\t<\/li>\n\t\t\t\t\t\t\t\t\t\t\t<li>\n\t\t\t\t\t<a href=\"https:\/\/www.cortecvci.com\/whats_new\/announcements\/Ciscenje-podova-automehanicarske-radionice-uz-pomoc-mikroorganizama.pdf\">\u010ci\u0161\u0107enje podova automehani\u010darske radionice uz pomo\u0107 mikroorganizama<\/a>\n\t\t\t\t\t\t\t\t\t\t\t<span class=\"post-date\">November 30, 2023<\/span>\n\t\t\t\t\t\t\t\t\t<\/li>\n\t\t\t\t\t\t\t\t\t\t\t<li>\n\t\t\t\t\t<a href=\"https:\/\/www.cortecvci.com\/whats_new\/announcements\/Jednostavni-nacini-zastite-digitalnih-natpisa-od-korozije.pdf\">Jednostavni na\u010dini za\u0161tite digitalnih natpisa od korozije<\/a>\n\t\t\t\t\t\t\t\t\t\t\t<span class=\"post-date\">November 27, 2023<\/span>\n\t\t\t\t\t\t\t\t\t<\/li>\n\t\t\t\t\t\t\t\t\t\t\t<li>\n\t\t\t\t\t<a href=\"https:\/\/cortecros.com\/wp-content\/uploads\/2023\/11\/VCI-folija-rjesenje-za-proizvodjace-automobila-i-rezervnih-auto-dijelova.pdf\">VCI folija, rje\u0161enje za proizvo\u0111a\u010de automobila i rezervnih auto dijelova<\/a>\n\t\t\t\t\t\t\t\t\t\t\t<span class=\"post-date\">November 24, 2023<\/span>\n\t\t\t\t\t\t\t\t\t<\/li>\n\t\t\t\t\t\t\t\t\t\t\t<li>\n\t\t\t\t\t<a href=\"https:\/\/www.cortecvci.com\/whats_new\/announcements\/Priznanje-CorteCros.pdf\">CorteCros priznanje<\/a>\n\t\t\t\t\t\t\t\t\t\t\t<span class=\"post-date\">November 23, 2023<\/span>\n\t\t\t\t\t\t\t\t\t<\/li>\n\t\t\t\t\t<\/ul>\n\n\t\t<\/div><\/div><\/div><\/div>","protected":false},"excerpt":{"rendered":"<p>Objave EcoCortec\u00ae ula\u017ee 2 milijuna eura u Baranju: Novi logisti\u010dki centar za globalnu ekspanziju &#8211; Am Cham April 20, 2026 ko je Boris Mik\u0161i\u0107? S 35 dolara u d\u017eepu pokorio je Ameriku, a Hrvatsku kasnije pozicionirao na svjetsko tr\u017ei\u0161te &#8211; Poslovni.hr April 16, 2026 Sje\u0107ate se Borisa Mik\u0161i\u0107a? Evo \u0161to\u2026 <a class=\"continue-reading-link\" href=\"https:\/\/cortecros.com\/hr\/vijesti\/\">nastavi \u010ditati<\/a><\/p>\n","protected":false},"author":2,"featured_media":0,"parent":0,"menu_order":0,"comment_status":"closed","ping_status":"closed","template":"","meta":{"ngg_post_thumbnail":0,"footnotes":"","_links_to":"","_links_to_target":""},"class_list":["post-4440","page","type-page","status-publish","hentry"],"_links":{"self":[{"href":"https:\/\/cortecros.com\/hr\/wp-json\/wp\/v2\/pages\/4440","targetHints":{"allow":["GET"]}}],"collection":[{"href":"https:\/\/cortecros.com\/hr\/wp-json\/wp\/v2\/pages"}],"about":[{"href":"https:\/\/cortecros.com\/hr\/wp-json\/wp\/v2\/types\/page"}],"author":[{"embeddable":true,"href":"https:\/\/cortecros.com\/hr\/wp-json\/wp\/v2\/users\/2"}],"replies":[{"embeddable":true,"href":"https:\/\/cortecros.com\/hr\/wp-json\/wp\/v2\/comments?post=4440"}],"version-history":[{"count":5,"href":"https:\/\/cortecros.com\/hr\/wp-json\/wp\/v2\/pages\/4440\/revisions"}],"predecessor-version":[{"id":31683,"href":"https:\/\/cortecros.com\/hr\/wp-json\/wp\/v2\/pages\/4440\/revisions\/31683"}],"wp:attachment":[{"href":"https:\/\/cortecros.com\/hr\/wp-json\/wp\/v2\/media?parent=4440"}],"curies":[{"name":"wp","href":"https:\/\/api.w.org\/{rel}","templated":true}]}}