{"id":78,"date":"2017-04-28T17:48:41","date_gmt":"2017-04-28T17:48:41","guid":{"rendered":"http:\/\/cortecros.com?page_id=78"},"modified":"2022-05-16T09:07:16","modified_gmt":"2022-05-16T09:07:16","slug":"o-nama","status":"publish","type":"page","link":"https:\/\/cortecros.com\/hr\/o-nama\/","title":{"rendered":"O Nama"},"content":{"rendered":"<div id=\"pl-78\"  class=\"panel-layout\" ><div id=\"pg-78-0\"  class=\"panel-grid panel-no-style\" ><div id=\"pgc-78-0-0\"  class=\"panel-grid-cell\" ><div id=\"panel-78-0-0-0\" class=\"so-panel widget widget_sow-editor panel-first-child panel-last-child\" data-index=\"0\" ><div\n\t\t\t\n\t\t\tclass=\"so-widget-sow-editor so-widget-sow-editor-base\"\n\t\t\t\n\t\t>\n<div class=\"siteorigin-widget-tinymce textwidget\">\n\t<p>CorteCros d.o.o. osnovan je 1998. godine na principu zajedni\u010dkog ulaganja kompanija\u00a0<a class=\"naslovZeleni\" href=\"http:\/\/www.cortecvci.com\/index2.php\">Cortec Corporation Minnesota<\/a>, USA i Crosco, Naftni servisi d.o.o., \u010dlan INA grupe. CorteCros d.o.o. je generalni zastupnik mati\u010dne kompanije\u00a0<a href=\"http:\/\/www.cortecvci.com\/index2.php\">Cortec korporacije<\/a> za Hrvatsku i jugo-isto\u010dnu Europu.<\/p>\n<p>CorteCros d.o.o. od 2016. godine akvizicijom prelazi u potpuno vlasni\u0161tvo Cortec korporacije, te se u potpunosti uklju\u010duje u novu Cortec strategiju poslovanja sa svim svojim potencijalima. Cortec korporacija je jedan od najja\u010dih proizvo\u0111a\u010da inhibitora korozije za za\u0161titu od korozije na svjetskom tr\u017ei\u0161tu, te plasira svoje proizvode u preko 90 zemalja.<\/p>\n<p>CorteCros d.o.o ve\u0107 23 godine uspje\u0161no posluje plasiraju\u0107i proizvode za za\u0161titu od korozije na doma\u0107e i svjetsko tr\u017ei\u0161te. CorteCros d.o.o. u sklopu Cortec korporacije tako\u0111er pru\u017ea tehni\u010dku podr\u0161ku za Cortec proizvode i usluge u svim industrijskim granama, a naro\u010dito u industrijama kao \u0161to su vojna i industrija proizvodnje i prerade nafte i plina u kojima CorteCros d.o.o. ima bogato iskustvo.<\/p>\n<p>Sjedi\u0161te CorteCros d.o.o. je u Zagrebu, Nova Ves 57, a proizvodno distribucijski centar nalazi se u Ka\u0161tel Su\u0107urcu pored Splita. U sklopu distribucijskog centra CorteCros d.o.o. posjeduje i carinsko skladi\u0161te iz kojeg se distribuiraju antikorozivna sredstva Cortec distributerima \u0161irom svijeta i Europe.<\/p>\n<p>Distribucijski centar u Ka\u0161tel Su\u0107urcu glavna je europska lokacija za skladi\u0161tenje Cortec\u00a0 proizvoda te proizvoda tvrtke Bionetix International iz Kanade koja bavi se proizvodnjom biolo\u0161kih proizvoda na mikrobnoj i enzimnoj bazi, koja je tako\u0111er u vlasni\u0161tvu Cortec korporacije<\/p>\n<\/div>\n<\/div><\/div><\/div><div id=\"pgc-78-0-1\"  class=\"panel-grid-cell\" ><div id=\"panel-78-0-1-0\" class=\"so-panel widget widget_sow-image panel-first-child\" data-index=\"1\" ><div\n\t\t\t\n\t\t\tclass=\"so-widget-sow-image so-widget-sow-image-default-8b5b6f678277-78\"\n\t\t\t\n\t\t>\n<div class=\"sow-image-container\">\n\t\t<img \n\tsrc=\"https:\/\/cortecros.com\/wp-content\/uploads\/2018\/06\/AdobeStock_63385806.jpeg\" width=\"150\" height=\"100\" srcset=\"https:\/\/cortecros.com\/wp-content\/uploads\/2018\/06\/AdobeStock_63385806.jpeg 1536w, https:\/\/cortecros.com\/wp-content\/uploads\/2018\/06\/AdobeStock_63385806-300x200.jpeg 300w, https:\/\/cortecros.com\/wp-content\/uploads\/2018\/06\/AdobeStock_63385806-768x512.jpeg 768w, https:\/\/cortecros.com\/wp-content\/uploads\/2018\/06\/AdobeStock_63385806-1024x683.jpeg 1024w, https:\/\/cortecros.com\/wp-content\/uploads\/2018\/06\/AdobeStock_63385806-200x133.jpeg 200w, https:\/\/cortecros.com\/wp-content\/uploads\/2018\/06\/AdobeStock_63385806-150x100.jpeg 150w, https:\/\/cortecros.com\/wp-content\/uploads\/2018\/06\/AdobeStock_63385806-400x267.jpeg 400w, https:\/\/cortecros.com\/wp-content\/uploads\/2018\/06\/AdobeStock_63385806-272x182.jpeg 272w\" sizes=\"(max-width: 150px) 100vw, 150px\" title=\"Zagreb main square and cathedral aerial view, Croatia\" alt=\"Zagreb main square and cathedral aerial view\" \t\tclass=\"so-widget-image\"\/>\n\t<\/div>\n\n<\/div><\/div><div id=\"panel-78-0-1-1\" class=\"so-panel widget widget_sow-image panel-last-child\" data-index=\"2\" ><div\n\t\t\t\n\t\t\tclass=\"so-widget-sow-image so-widget-sow-image-default-8b5b6f678277-78\"\n\t\t\t\n\t\t>\n<div class=\"sow-image-container\">\n\t\t<img \n\tsrc=\"https:\/\/cortecros.com\/wp-content\/uploads\/2017\/04\/IMG_1730.jpg\" width=\"150\" height=\"113\" srcset=\"https:\/\/cortecros.com\/wp-content\/uploads\/2017\/04\/IMG_1730.jpg 1365w, https:\/\/cortecros.com\/wp-content\/uploads\/2017\/04\/IMG_1730-300x225.jpg 300w, https:\/\/cortecros.com\/wp-content\/uploads\/2017\/04\/IMG_1730-768x576.jpg 768w, https:\/\/cortecros.com\/wp-content\/uploads\/2017\/04\/IMG_1730-1024x768.jpg 1024w, https:\/\/cortecros.com\/wp-content\/uploads\/2017\/04\/IMG_1730-467x350.jpg 467w, https:\/\/cortecros.com\/wp-content\/uploads\/2017\/04\/IMG_1730-50x38.jpg 50w, https:\/\/cortecros.com\/wp-content\/uploads\/2017\/04\/IMG_1730-100x75.jpg 100w, https:\/\/cortecros.com\/wp-content\/uploads\/2017\/04\/IMG_1730-150x113.jpg 150w\" sizes=\"(max-width: 150px) 100vw, 150px\" alt=\"CorteCros office with workers at their desks\" \t\tclass=\"so-widget-image\"\/>\n\t<\/div>\n\n<\/div><\/div><\/div><\/div><div id=\"pg-78-1\"  class=\"panel-grid panel-no-style\" ><div id=\"pgc-78-1-0\"  class=\"panel-grid-cell\" ><div id=\"panel-78-1-0-0\" class=\"so-panel widget widget_sow-image panel-first-child panel-last-child\" data-index=\"3\" ><div\n\t\t\t\n\t\t\tclass=\"so-widget-sow-image so-widget-sow-image-default-8b5b6f678277-78\"\n\t\t\t\n\t\t>\n<div class=\"sow-image-container\">\n\t\t<img fetchpriority=\"high\" \n\tsrc=\"https:\/\/cortecros.com\/wp-content\/uploads\/2018\/06\/skladis\u030cte-2.jpg\" width=\"1024\" height=\"460\" srcset=\"https:\/\/cortecros.com\/wp-content\/uploads\/2018\/06\/skladis\u030cte-2.jpg 1024w, https:\/\/cortecros.com\/wp-content\/uploads\/2018\/06\/skladis\u030cte-2-300x135.jpg 300w, https:\/\/cortecros.com\/wp-content\/uploads\/2018\/06\/skladis\u030cte-2-768x345.jpg 768w, https:\/\/cortecros.com\/wp-content\/uploads\/2018\/06\/skladis\u030cte-2-200x90.jpg 200w, https:\/\/cortecros.com\/wp-content\/uploads\/2018\/06\/skladis\u030cte-2-150x67.jpg 150w, https:\/\/cortecros.com\/wp-content\/uploads\/2018\/06\/skladis\u030cte-2-400x180.jpg 400w\" sizes=\"(max-width: 1024px) 100vw, 1024px\" title=\"skladis\u030cte (2)\" alt=\"\" \t\tclass=\"so-widget-image\"\/>\n\t<\/div>\n\n<\/div><\/div><\/div><\/div><\/div>","protected":false},"excerpt":{"rendered":"<p>CorteCros d.o.o. osnovan je 1998. godine na principu zajedni\u010dkog ulaganja kompanija\u00a0Cortec Corporation Minnesota, USA i Crosco, Naftni servisi d.o.o., \u010dlan INA grupe. CorteCros d.o.o. je generalni zastupnik mati\u010dne kompanije\u00a0Cortec korporacije za Hrvatsku i jugo-isto\u010dnu Europu. CorteCros d.o.o. od 2016. godine akvizicijom prelazi u potpuno vlasni\u0161tvo Cortec korporacije, te se u\u2026 <a class=\"continue-reading-link\" href=\"https:\/\/cortecros.com\/hr\/o-nama\/\">nastavi \u010ditati<\/a><\/p>\n","protected":false},"author":1,"featured_media":0,"parent":0,"menu_order":0,"comment_status":"closed","ping_status":"closed","template":"","meta":{"ngg_post_thumbnail":0,"footnotes":"","_links_to":"","_links_to_target":""},"class_list":["post-78","page","type-page","status-publish","hentry"],"_links":{"self":[{"href":"https:\/\/cortecros.com\/hr\/wp-json\/wp\/v2\/pages\/78","targetHints":{"allow":["GET"]}}],"collection":[{"href":"https:\/\/cortecros.com\/hr\/wp-json\/wp\/v2\/pages"}],"about":[{"href":"https:\/\/cortecros.com\/hr\/wp-json\/wp\/v2\/types\/page"}],"author":[{"embeddable":true,"href":"https:\/\/cortecros.com\/hr\/wp-json\/wp\/v2\/users\/1"}],"replies":[{"embeddable":true,"href":"https:\/\/cortecros.com\/hr\/wp-json\/wp\/v2\/comments?post=78"}],"version-history":[{"count":5,"href":"https:\/\/cortecros.com\/hr\/wp-json\/wp\/v2\/pages\/78\/revisions"}],"predecessor-version":[{"id":32923,"href":"https:\/\/cortecros.com\/hr\/wp-json\/wp\/v2\/pages\/78\/revisions\/32923"}],"wp:attachment":[{"href":"https:\/\/cortecros.com\/hr\/wp-json\/wp\/v2\/media?parent=78"}],"curies":[{"name":"wp","href":"https:\/\/api.w.org\/{rel}","templated":true}]}}