{"id":81,"date":"2017-04-28T17:50:23","date_gmt":"2017-04-28T17:50:23","guid":{"rendered":"http:\/\/cortecros.com?page_id=81"},"modified":"2025-05-26T06:47:40","modified_gmt":"2025-05-26T06:47:40","slug":"kontakt","status":"publish","type":"page","link":"https:\/\/cortecros.com\/hr\/kontakt\/","title":{"rendered":"Kontakt"},"content":{"rendered":"<table class=\"contact-table\">\n<tbody>\n<tr>\n<td><strong>Uprava<\/strong><\/td>\n<td><strong>Proizvodnja<\/strong><\/td>\n<\/tr>\n<tr>\n<td>Phone: +385 1 466 92 80<\/td>\n<td>Phone: +385 21 224 007<\/td>\n<\/tr>\n<tr>\n<td>E-mail: <a href=\"mailto:info@cortecros.hr\">info@cortecros.hr<\/a><\/td>\n<td>E-mail: <a href=\"mailto:info@cortecros.hr\">info@cortecros.hr<\/a><\/td>\n<\/tr>\n<tr>\n<td>Address: Gramaca 5F<\/td>\n<td>Address: Cesta Franje Tu\u0111mana 51<\/td>\n<\/tr>\n<tr>\n<td>10000 Zagreb<\/td>\n<td>21212 Ka\u0161tel Su\u0107urac<\/td>\n<\/tr>\n<tr>\n<td>Croatia<\/td>\n<td>Croatia<\/td>\n<\/tr>\n<\/tbody>\n<\/table>\n<p>&nbsp;<\/p>\n<script type=\"text\/javascript\">\n\/* <![CDATA[ *\/\nvar gform;gform||(document.addEventListener(\"gform_main_scripts_loaded\",function(){gform.scriptsLoaded=!0}),document.addEventListener(\"gform\/theme\/scripts_loaded\",function(){gform.themeScriptsLoaded=!0}),window.addEventListener(\"DOMContentLoaded\",function(){gform.domLoaded=!0}),gform={domLoaded:!1,scriptsLoaded:!1,themeScriptsLoaded:!1,isFormEditor:()=>\"function\"==typeof InitializeEditor,callIfLoaded:function(o){return!(!gform.domLoaded||!gform.scriptsLoaded||!gform.themeScriptsLoaded&&!gform.isFormEditor()||(gform.isFormEditor()&&console.warn(\"The use of gform.initializeOnLoaded() is deprecated in the form editor context and will be removed in Gravity Forms 3.1.\"),o(),0))},initializeOnLoaded:function(o){gform.callIfLoaded(o)||(document.addEventListener(\"gform_main_scripts_loaded\",()=>{gform.scriptsLoaded=!0,gform.callIfLoaded(o)}),document.addEventListener(\"gform\/theme\/scripts_loaded\",()=>{gform.themeScriptsLoaded=!0,gform.callIfLoaded(o)}),window.addEventListener(\"DOMContentLoaded\",()=>{gform.domLoaded=!0,gform.callIfLoaded(o)}))},hooks:{action:{},filter:{}},addAction:function(o,r,e,t){gform.addHook(\"action\",o,r,e,t)},addFilter:function(o,r,e,t){gform.addHook(\"filter\",o,r,e,t)},doAction:function(o){gform.doHook(\"action\",o,arguments)},applyFilters:function(o){return gform.doHook(\"filter\",o,arguments)},removeAction:function(o,r){gform.removeHook(\"action\",o,r)},removeFilter:function(o,r,e){gform.removeHook(\"filter\",o,r,e)},addHook:function(o,r,e,t,n){null==gform.hooks[o][r]&&(gform.hooks[o][r]=[]);var d=gform.hooks[o][r];null==n&&(n=r+\"_\"+d.length),gform.hooks[o][r].push({tag:n,callable:e,priority:t=null==t?10:t})},doHook:function(r,o,e){var t;if(e=Array.prototype.slice.call(e,1),null!=gform.hooks[r][o]&&((o=gform.hooks[r][o]).sort(function(o,r){return o.priority-r.priority}),o.forEach(function(o){\"function\"!=typeof(t=o.callable)&&(t=window[t]),\"action\"==r?t.apply(null,e):e[0]=t.apply(null,e)})),\"filter\"==r)return e[0]},removeHook:function(o,r,t,n){var e;null!=gform.hooks[o][r]&&(e=(e=gform.hooks[o][r]).filter(function(o,r,e){return!!(null!=n&&n!=o.tag||null!=t&&t!=o.priority)}),gform.hooks[o][r]=e)}});\n\/* ]]> *\/\n<\/script>\n\n                <div class='gf_browser_gecko gform_wrapper gravity-theme gform-theme--no-framework' data-form-theme='gravity-theme' data-form-index='0' id='gform_wrapper_8' >\n                        <div class='gform_heading'>\n                            <h2 class=\"gform_title\">Saznajte vi\u0161e<\/h2>\n                            <p class='gform_description'><\/p>\n                        <\/div><form method='post' enctype='multipart\/form-data'  id='gform_8'  action='\/hr\/wp-json\/wp\/v2\/pages\/81' data-formid='8' novalidate>\n                        <div class='gform-body gform_body'><div id='gform_fields_8' class='gform_fields top_label form_sublabel_below description_below validation_below'><fieldset id=\"field_8_1\" class=\"gfield gfield--type-name gfield--input-type-name field_sublabel_below gfield--no-description field_description_below field_validation_below gfield_visibility_visible\"  ><legend class='gfield_label gform-field-label gfield_label_before_complex' >Ime<\/legend><div class='ginput_complex ginput_container ginput_container--name no_prefix has_first_name no_middle_name has_last_name no_suffix gf_name_has_2 ginput_container_name gform-grid-row' id='input_8_1'>\n                            \n                            <span id='input_8_1_3_container' class='name_first gform-grid-col gform-grid-col--size-auto' >\n                                                    <input type='text' name='input_1.3' id='input_8_1_3' value=''   aria-required='false'     \/>\n                                                    <label for='input_8_1_3' class='gform-field-label gform-field-label--type-sub '>Ime<\/label>\n                                                <\/span>\n                            \n                            <span id='input_8_1_6_container' class='name_last gform-grid-col gform-grid-col--size-auto' >\n                                                    <input type='text' name='input_1.6' id='input_8_1_6' value=''   aria-required='false'     \/>\n                                                    <label for='input_8_1_6' class='gform-field-label gform-field-label--type-sub '>Prezime<\/label>\n                                                <\/span>\n                            \n                        <\/div><\/fieldset><div id=\"field_8_3\" class=\"gfield gfield--type-text gfield--input-type-text gfield_contains_required field_sublabel_below gfield--no-description field_description_below field_validation_below gfield_visibility_visible\"  ><label class='gfield_label gform-field-label' for='input_8_3'>Ime Tvrtke<span class=\"gfield_required\"><span class=\"gfield_required gfield_required_text\">(Required)<\/span><\/span><\/label><div class='ginput_container ginput_container_text'><input name='input_3' id='input_8_3' type='text' value='' class='medium'     aria-required=\"true\" aria-invalid=\"false\"   \/><\/div><\/div><div id=\"field_8_2\" class=\"gfield gfield--type-email gfield--input-type-email gfield_contains_required field_sublabel_below gfield--no-description field_description_below field_validation_below gfield_visibility_visible\"  ><label class='gfield_label gform-field-label' for='input_8_2'>Email<span class=\"gfield_required\"><span class=\"gfield_required gfield_required_text\">(Required)<\/span><\/span><\/label><div class='ginput_container ginput_container_email'>\n                            <input name='input_2' id='input_8_2' type='email' value='' class='medium'    aria-required=\"true\" aria-invalid=\"false\"  \/>\n                        <\/div><\/div><div id=\"field_8_5\" class=\"gfield gfield--type-phone gfield--input-type-phone gfield_contains_required field_sublabel_below gfield--no-description field_description_below field_validation_below gfield_visibility_visible\"  ><label class='gfield_label gform-field-label' for='input_8_5'>Telefon<span class=\"gfield_required\"><span class=\"gfield_required gfield_required_text\">(Required)<\/span><\/span><\/label><div class='ginput_container ginput_container_phone'><input name='input_5' id='input_8_5' type='tel' value='' class='medium'   aria-required=\"true\" aria-invalid=\"false\"   \/><\/div><\/div><div id=\"field_8_6\" class=\"gfield gfield--type-captcha gfield--input-type-captcha field_sublabel_below gfield--no-description field_description_below field_validation_below gfield_visibility_visible\"  ><label class='gfield_label gform-field-label' for='input_8_6'>CAPTCHA<\/label><div id='input_8_6' class='ginput_container ginput_recaptcha' data-sitekey='6Lf_sfEaAAAAAO4XSpaNdZWsmCthUzQiryUOMIzn'  data-theme='light' data-tabindex='0'  data-badge=''><\/div><\/div><div id=\"field_8_7\" class=\"gfield gfield--type-html gfield--input-type-html gfield--width-full gfield_html gfield_html_formatted gfield_no_follows_desc field_sublabel_below gfield--no-description field_description_below field_validation_below gfield_visibility_visible\"  ><p class=\"privacy-notice\">\nSlanjem ovog obrasca pristajete na obradu svojih osobnih podataka u skladu s na\u0161om\n<a href=\"\/politika-privatnosti\/\" target=\"_blank\">Politikom privatnosti<\/a>.\n<br>\nOva stranica za\u0161ti\u0107ena je Google reCAPTCHA sustavom te se primjenjuju Google\n<a href=\"https:\/\/policies.google.com\/privacy\" target=\"_blank\">Pravila privatnosti<\/a> i\n<a href=\"https:\/\/policies.google.com\/terms\" target=\"_blank\">Uvjeti kori\u0161tenja<\/a>.\n<\/p>\n<\/div><\/div><\/div>\n        <div class='gform-footer gform_footer top_label'> <input type='submit' id='gform_submit_button_8' class='gform_button button' onclick='gform.submission.handleButtonClick(this);' data-submission-type='submit' value='Submit'  \/> \n            <input type='hidden' class='gform_hidden' name='gform_submission_method' data-js='gform_submission_method_8' value='postback' \/>\n            <input type='hidden' class='gform_hidden' name='gform_theme' data-js='gform_theme_8' id='gform_theme_8' value='gravity-theme' \/>\n            <input type='hidden' class='gform_hidden' name='gform_style_settings' data-js='gform_style_settings_8' id='gform_style_settings_8' value='[]' \/>\n            <input type='hidden' class='gform_hidden' name='is_submit_8' value='1' \/>\n            <input type='hidden' class='gform_hidden' name='gform_submit' value='8' \/>\n            \n            <input type='hidden' class='gform_hidden' name='gform_currency' data-currency='EUR' value='P\/4rEH2HsrDAhgQRgdIb094OKUu4\/4gD97SAUUs5tDj84KA\/JhV1Ibd2ZIf5KZ5xT6aQLTPEcEYAn06DhnJszfL268rfESE9FAjGIUbUM+nfjX4=' \/>\n            <input type='hidden' class='gform_hidden' name='gform_unique_id' value='' \/>\n            <input type='hidden' class='gform_hidden' name='state_8' value='WyJbXSIsImU1NzRiOTJkMTVlNzE1ZDY5MDMxNTA2MjgzZjQyZTQ0Il0=' \/>\n            <input type='hidden' autocomplete='off' class='gform_hidden' name='gform_target_page_number_8' id='gform_target_page_number_8' value='0' \/>\n            <input type='hidden' autocomplete='off' class='gform_hidden' name='gform_source_page_number_8' id='gform_source_page_number_8' value='1' \/>\n            <input type='hidden' name='gform_field_values' value='' \/>\n            \n        <\/div>\n                        <\/form>\n                        <\/div><script type=\"text\/javascript\">\n\/* <![CDATA[ *\/\n gform.initializeOnLoaded( function() {gformInitSpinner( 8, 'https:\/\/cortecros.com\/wp-content\/plugins\/gravityforms\/images\/spinner.svg', true );jQuery('#gform_ajax_frame_8').on('load',function(){var contents = jQuery(this).contents().find('*').html();var is_postback = contents.indexOf('GF_AJAX_POSTBACK') >= 0;if(!is_postback){return;}var form_content = jQuery(this).contents().find('#gform_wrapper_8');var is_confirmation = jQuery(this).contents().find('#gform_confirmation_wrapper_8').length > 0;var is_redirect = contents.indexOf('gformRedirect(){') >= 0;var is_form = form_content.length > 0 && ! is_redirect && ! is_confirmation;var mt = parseInt(jQuery('html').css('margin-top'), 10) + parseInt(jQuery('body').css('margin-top'), 10) + 100;if(is_form){jQuery('#gform_wrapper_8').html(form_content.html());if(form_content.hasClass('gform_validation_error')){jQuery('#gform_wrapper_8').addClass('gform_validation_error');} else {jQuery('#gform_wrapper_8').removeClass('gform_validation_error');}setTimeout( function() { \/* delay the scroll by 50 milliseconds to fix a bug in chrome *\/  }, 50 );if(window['gformInitDatepicker']) {gformInitDatepicker();}if(window['gformInitPriceFields']) {gformInitPriceFields();}var current_page = jQuery('#gform_source_page_number_8').val();gformInitSpinner( 8, 'https:\/\/cortecros.com\/wp-content\/plugins\/gravityforms\/images\/spinner.svg', true );jQuery(document).trigger('gform_page_loaded', [8, current_page]);window['gf_submitting_8'] = false;}else if(!is_redirect){var confirmation_content = jQuery(this).contents().find('.GF_AJAX_POSTBACK').html();if(!confirmation_content){confirmation_content = contents;}jQuery('#gform_wrapper_8').replaceWith(confirmation_content);jQuery(document).trigger('gform_confirmation_loaded', [8]);window['gf_submitting_8'] = false;wp.a11y.speak(jQuery('#gform_confirmation_message_8').text());}else{jQuery('#gform_8').append(contents);if(window['gformRedirect']) {gformRedirect();}}jQuery(document).trigger(\"gform_pre_post_render\", [{ formId: \"8\", currentPage: \"current_page\", abort: function() { this.preventDefault(); } }]);        if (event && event.defaultPrevented) {                return;        }        const gformWrapperDiv = document.getElementById( \"gform_wrapper_8\" );        if ( gformWrapperDiv ) {            const visibilitySpan = document.createElement( \"span\" );            visibilitySpan.id = \"gform_visibility_test_8\";            gformWrapperDiv.insertAdjacentElement( \"afterend\", visibilitySpan );        }        const visibilityTestDiv = document.getElementById( \"gform_visibility_test_8\" );        let postRenderFired = false;        function triggerPostRender() {            if ( postRenderFired ) {                return;            }            postRenderFired = true;            gform.core.triggerPostRenderEvents( 8, current_page );            if ( visibilityTestDiv ) {                visibilityTestDiv.parentNode.removeChild( visibilityTestDiv );            }        }        function debounce( func, wait, immediate ) {            var timeout;            return function() {                var context = this, args = arguments;                var later = function() {                    timeout = null;                    if ( !immediate ) func.apply( context, args );                };                var callNow = immediate && !timeout;                clearTimeout( timeout );                timeout = setTimeout( later, wait );                if ( callNow ) func.apply( context, args );            };        }        const debouncedTriggerPostRender = debounce( function() {            triggerPostRender();        }, 200 );        if ( visibilityTestDiv && visibilityTestDiv.offsetParent === null ) {            const observer = new MutationObserver( ( mutations ) => {                mutations.forEach( ( mutation ) => {                    if ( mutation.type === 'attributes' && visibilityTestDiv.offsetParent !== null ) {                        debouncedTriggerPostRender();                        observer.disconnect();                    }                });            });            observer.observe( document.body, {                attributes: true,                childList: false,                subtree: true,                attributeFilter: [ 'style', 'class' ],            });        } else {            triggerPostRender();        }    } );} ); \n\/* ]]> *\/\n<\/script>\n\n<p>&nbsp;<\/p>\n<p><em><img decoding=\"async\" class=\"border-black wp-image-7745 size-full alignleft\" src=\"https:\/\/www.cortecvci.com\/wp-content\/uploads\/ivana-radic-borsic-2.jpg\" alt=\"\" width=\"100\" height=\"133\"><\/em><strong>Ivana Radic Borsic <\/strong>| Direktorica<br \/>\n<a href=\"mailto:iborsic@cortecvci.com\">iborsic@cortecvci.com<\/a><br \/>\nGramaca 5F, HR-10000 Zagreb, Croatia<\/p>\n<p><strong>Office:<\/strong>&nbsp;+385 1 466 92 80<br \/>\n<strong>Cell:&nbsp;<\/strong>+385 98 267 572<\/p>\n<p><img decoding=\"async\" class=\"alignleft\" src=\"https:\/\/www.cortecvci.com\/wp-content\/uploads\/andreja-cortecros.jpg\" alt=\"Andreja Cortecros - Cortec Corporation\"><strong>Andreja Hrnjak<\/strong> | Voditeljica prodaje<br \/>\n<a href=\"mailto:andreja.hrnjak@cortecros.hr\" rel=\"noopener\">andreja.hrnjak@cortecros.hr<\/a>&nbsp;<br \/>\nGramaca 5F, HR-10000 Zagreb, Croatia<\/p>\n<p><strong>Office:<\/strong> +385 1 466 92 80<\/p>\n<p>&nbsp;<\/p>\n<p><img decoding=\"async\" class=\"alignleft\" src=\"https:\/\/www.cortecvci.com\/wp-content\/uploads\/ivana-cortecros.jpg\" alt=\"Ivana Cortecros - Cortec Corporation\"><\/p>\n<p><strong>Ivana Trajkov <\/strong>| Referentica prodaje<br \/>\n<a href=\"mailto:ivana.trajkov@cortecros.hr\">ivana.trajkov@cortecros.hr<\/a><br \/>\nGramaca 5F, HR-10000 Zagreb, Croatia<\/p>\n<p><strong>Office:<\/strong>+385 1 466 92 80<\/p>\n<p>&nbsp;<\/p>\n<p><img decoding=\"async\" class=\"image-border alignleft\" src=\"https:\/\/www.cortecvci.com\/wp-content\/uploads\/vanja-sef.jpg\" alt=\"Vanja Sef - Cortec Corporation\" width=\"100\" height=\"133\"><strong>Vanja Sef <\/strong>| Glavni tehnolog \/ Voditelj kontrole kvalitete<br \/>\n<a href=\"mailto:vanja.sef@cortecros.hr\">vanja.sef@cortecros.hr<\/a><br \/>\nGramaca 5F, HR-10000 Zagreb, Croatia<\/p>\n<p><strong>Office:<\/strong>+385 1 466 92 80<br \/>\n<strong>Cell:<\/strong>+385 91 601 4174<\/p>\n<p><strong><img decoding=\"async\" class=\"image-border alignleft wp-image-36074 size-full\" src=\"https:\/\/cortecros.com\/wp-content\/uploads\/2024\/12\/matej-dozdor.jpg\" alt=\"\" width=\"100\" height=\"133\">Matej Do\u017edor <\/strong>| Prodajni in\u017eenjer \/ Tehni\u010dki savjetnik<br \/>\n<a href=\"mailto:Matej.dozdor@cortecros.hr\">matej.dozdor@cortecros.hr<\/a><br \/>\nDr. Franje Tu\u0111mana 51, HR-21212 Ka\u0161tel Su\u0107urac, Croatia<\/p>\n<p><strong>Office:<\/strong>+385 21 224 007<br \/>\n<strong>Cell:<\/strong>+385 91 620 8824<\/p>\n","protected":false},"excerpt":{"rendered":"<p>Uprava Proizvodnja Phone: +385 1 466 92 80 Phone: +385 21 224 007 E-mail: info@cortecros.hr E-mail: info@cortecros.hr Address: Gramaca 5F Address: Cesta Franje Tu\u0111mana 51 10000 Zagreb 21212 Ka\u0161tel Su\u0107urac Croatia Croatia &nbsp; &nbsp; Ivana Radic Borsic | Direktorica iborsic@cortecvci.com Gramaca 5F, HR-10000 Zagreb, Croatia Office:&nbsp;+385 1 466 92 80\u2026 <a class=\"continue-reading-link\" href=\"https:\/\/cortecros.com\/hr\/kontakt\/\">nastavi \u010ditati<\/a><\/p>\n","protected":false},"author":1,"featured_media":0,"parent":0,"menu_order":0,"comment_status":"closed","ping_status":"closed","template":"","meta":{"ngg_post_thumbnail":0,"footnotes":"","_links_to":"","_links_to_target":""},"class_list":["post-81","page","type-page","status-publish","hentry"],"_links":{"self":[{"href":"https:\/\/cortecros.com\/hr\/wp-json\/wp\/v2\/pages\/81","targetHints":{"allow":["GET"]}}],"collection":[{"href":"https:\/\/cortecros.com\/hr\/wp-json\/wp\/v2\/pages"}],"about":[{"href":"https:\/\/cortecros.com\/hr\/wp-json\/wp\/v2\/types\/page"}],"author":[{"embeddable":true,"href":"https:\/\/cortecros.com\/hr\/wp-json\/wp\/v2\/users\/1"}],"replies":[{"embeddable":true,"href":"https:\/\/cortecros.com\/hr\/wp-json\/wp\/v2\/comments?post=81"}],"version-history":[{"count":15,"href":"https:\/\/cortecros.com\/hr\/wp-json\/wp\/v2\/pages\/81\/revisions"}],"predecessor-version":[{"id":36689,"href":"https:\/\/cortecros.com\/hr\/wp-json\/wp\/v2\/pages\/81\/revisions\/36689"}],"wp:attachment":[{"href":"https:\/\/cortecros.com\/hr\/wp-json\/wp\/v2\/media?parent=81"}],"curies":[{"name":"wp","href":"https:\/\/api.w.org\/{rel}","templated":true}]}}