{"id":85,"date":"2017-04-28T17:51:43","date_gmt":"2017-04-28T17:51:43","guid":{"rendered":"http:\/\/cortecros.com?page_id=85"},"modified":"2021-01-26T14:55:36","modified_gmt":"2021-01-26T14:55:36","slug":"strucni-radovi","status":"publish","type":"page","link":"https:\/\/cortecros.com\/hr\/strucni-radovi\/","title":{"rendered":"Stru\u010dni radovi"},"content":{"rendered":"<div id=\"pl-85\"  class=\"panel-layout\" ><div id=\"pg-85-0\"  class=\"panel-grid panel-no-style\" ><div id=\"pgc-85-0-0\"  class=\"panel-grid-cell\" ><div id=\"panel-85-0-0-0\" class=\"so-panel widget widget_sow-editor panel-first-child panel-last-child\" data-index=\"0\" ><div\n\t\t\t\n\t\t\tclass=\"so-widget-sow-editor so-widget-sow-editor-base\"\n\t\t\t\n\t\t>\n<div class=\"siteorigin-widget-tinymce textwidget\">\n\t<ul>\n<li><a href=\"https:\/\/www.cortecvci.com\/whats_new\/announcements\/FPSO-Layup-HR.pdf\">Uputstva za za\u0161titu od korozije plutaju\u0107ih platformi za proizvodnju, skladi\u0161tenje, istovar (FPSO, FSO, FPO) i brodova ukapljenog prirodnog plina (FLNG) u stanju mirovanja<\/a><\/li>\n<li><a href=\"https:\/\/www.cortecvci.com\/whats_new\/announcements\/EcoShield-VpCI-380-HR.pdf\">Cortec\u00ae EcoShield\u00ae VpCI\u00ae-380 nudi odli\u010dnu opciju za bojanje vagona i konstrukcijskog \u010delika<\/a><\/li>\n<li><a href=\"https:\/\/www.cortecvci.com\/whats_new\/announcements\/Substation-Preservation-Corrosion-Prevention-HR.pdf\">Odr\u017eavanje trafostanice - spre\u010davanje korozije<\/a><\/li>\n<li><a href=\"https:\/\/www.cortecvci.com\/whats_new\/announcements\/Aircraft-Preservation-HR.pdf\">Cortec\u00ae Corporation predstavlja plan za\u0161tite od korozije prizemljenih zrakoplova<\/a><\/li>\n<li><a href=\"https:\/\/www.cortecvci.com\/whats_new\/announcements\/CorrVerter-Applications-HR.pdf\">Jednostavna priprema povr\u0161ine s Cortec\u00ae CorrVerter\u00ae Rust Converter Primer-a<\/a><\/li>\n<li><a href=\"https:\/\/www.cortecvci.com\/whats_new\/announcements\/MCI-2006NS-2020-12-2.pdf\">Cortec MCI\u00ae produljuje vijek trajanja gra\u0111evine<\/a><\/li>\n<li><a href=\"https:\/\/cortecros.com\/wp-content\/uploads\/2020\/11\/MCI_CorShield-HR.pdf\">Cortec\u00ae robna marka MCI\u00ae CorShield\u00ae kao opcija za\u0161tite armature betona na otvorenom<\/a><\/li>\n<li><a href=\"https:\/\/cortecros.com\/wp-content\/uploads\/2020\/11\/mci-vukovar-vodotoranj.pdf\">Primjena Cortec Corporation MCI\u00ae tehnologije u sanaciji vukovarskog vodotornja<\/a><\/li>\n<li><a href=\"https:\/\/www.cortecvci.com\/whats_new\/announcements\/Odr%C5%BEavanje-automobila-zimi.pdf\">Ne dopustite da vam sol ove zime \"pojede\" vozni park<\/a><\/li>\n<li><a href=\"https:\/\/cortecros.com\/wp-content\/uploads\/2020\/10\/Visoka-ucinkovitost-premaza-na-bazi-vode.pdf\">Visoka u\u010dinkovitost premaza na bazi vode pobolj\u0161anih s nano VCI inhibitorima korozije<\/a><\/li>\n<li><a href=\"https:\/\/www.cortecvci.com\/whats_new\/announcements\/MCI-Izgradnja-trajnije-infrastrukture.pdf\">MCI - Izgradnja trajnije infrastrukture<\/a><\/li>\n<li><a href=\"https:\/\/www.yumpu.com\/xx\/document\/read\/15466996\/diplomski-rad\">Zastita konstrukcija od korozije primjenom premaza<\/a>, Tomislav Levanic, Diplomski rad<\/li>\n<li><a href=\"https:\/\/www.cortecvci.com\/whats_new\/announcements\/Land-Based-Oil-Rig-HR.pdf\">Konzervacija bu\u0161a\u0107eg postrojenja u stanju mirovanja<\/a><\/li>\n<li><a href=\"https:\/\/www.cortecvci.com\/whats_new\/announcements\/Borba-protiv-oksidacije.pdf\">Borba protiv oksidacije! VpCI\u00ae-126 FR pru\u017ea otpor plamenu i koroziji<\/a><\/li>\n<li><a href=\"https:\/\/www.cortecvci.com\/whats_new\/announcements\/MCI-zelene-tehnologije.pdf\">MCI \u2018zelene\u2019 tehnologije mijenjaju industriju gradnje<\/a><\/li>\n<li><a href=\"https:\/\/www.cortecvci.com\/whats_new\/announcements\/MCI-10-2018.pdf\">Sprije\u010davavanje tragi\u010dnih doga\u0111aja ru\u0161enja armiranobetonskih struktura kori\u0161tenjem tehnologije migriraju\u0107ih inhibitora korozije (MCI)<\/a><\/li>\n<li><a href=\"https:\/\/www.cortecvci.com\/whats_new\/announcements\/MCI-25.10.2017.pdf\" target=\"_blank\" rel=\"noopener noreferrer\">Produljenje \u017eivotnog vijeka armiranog betona s migriraju\u0107im inhibitorima korozije - MCI\u00ae<\/a><\/li>\n<li><a href=\"https:\/\/cortecros.com\/wp-content\/uploads\/2017\/05\/djelovanje_eco_inhibitora.jpg\" target=\"_blank\" rel=\"noopener noreferrer\">Djelovanje ekolo\u0161kih inhibitora na brzinu uglji\u010dnog \u010delika u morskoj vodi<\/a><\/li>\n<li><a href=\"https:\/\/cortecros.com\/wp-content\/uploads\/2017\/05\/hlapljivi-inhibitori-korozije-u-mazivima.pdf\" target=\"_blank\" rel=\"noopener noreferrer\">Hlapljivi inhibitori korozije u mazivima<\/a><\/li>\n<li><a href=\"https:\/\/cortecros.com\/wp-content\/uploads\/2017\/05\/korozija_u_brodogradnji.pdf\" target=\"_blank\" rel=\"noopener noreferrer\">Primjena inhibitora u za\u0161titi od korozije u brodogradnji<\/a><\/li>\n<li><a href=\"https:\/\/cortecros.com\/wp-content\/uploads\/2017\/05\/cortecros_clanak_gradnja.pdf\" target=\"_blank\" rel=\"noopener noreferrer\">Sanacija i za\u0161tita MCI-inhibitorima<\/a><\/li>\n<li><a href=\"https:\/\/cortecros.com\/wp-content\/uploads\/2017\/05\/Biorazgradivi-VpCI-inhibitori-za-biogoriva.pdf\" target=\"_blank\" rel=\"noopener noreferrer\">Biorazgradivi VpCI inhibitori za biogoriva<\/a><\/li>\n<li><a href=\"https:\/\/cortecros.com\/wp-content\/uploads\/2017\/05\/Zastita-i-sanacija-AB-konstrukcija-zastitom-armature-MCI-inhibitorima-i-AK-materijalima.pdf\" target=\"_blank\" rel=\"noopener noreferrer\">Za\u0161tita i sanacija AB-konstrukcija za\u0161titom armature MCI-inhibitorima i AK-materijali<\/a><\/li>\n<li><a href=\"https:\/\/www.cortecvci.com\/whats_new\/announcements\/clanak-gradevinar-u-izradi-Ivana-Soic_v2018_final.pdf\" target=\"_blank\" rel=\"noopener noreferrer\">Razvoj metode za odredjivanje djelotvornosti organskih inhibitora korozije armature u betonu<\/a><\/li>\n<\/ul>\n<\/div>\n<\/div><\/div><\/div><\/div><\/div>","protected":false},"excerpt":{"rendered":"<p>Uputstva za za\u0161titu od korozije plutaju\u0107ih platformi za proizvodnju, skladi\u0161tenje, istovar (FPSO, FSO, FPO) i brodova ukapljenog prirodnog plina (FLNG) u stanju mirovanja Cortec\u00ae EcoShield\u00ae VpCI\u00ae-380 nudi odli\u010dnu opciju za bojanje vagona i konstrukcijskog \u010delika Odr\u017eavanje trafostanice &#8211; spre\u010davanje korozije Cortec\u00ae Corporation predstavlja plan za\u0161tite od korozije prizemljenih zrakoplova Jednostavna\u2026 <a class=\"continue-reading-link\" href=\"https:\/\/cortecros.com\/hr\/strucni-radovi\/\">nastavi \u010ditati<\/a><\/p>\n","protected":false},"author":1,"featured_media":0,"parent":0,"menu_order":0,"comment_status":"closed","ping_status":"closed","template":"","meta":{"ngg_post_thumbnail":0,"footnotes":"","_links_to":"","_links_to_target":""},"class_list":["post-85","page","type-page","status-publish","hentry"],"_links":{"self":[{"href":"https:\/\/cortecros.com\/hr\/wp-json\/wp\/v2\/pages\/85","targetHints":{"allow":["GET"]}}],"collection":[{"href":"https:\/\/cortecros.com\/hr\/wp-json\/wp\/v2\/pages"}],"about":[{"href":"https:\/\/cortecros.com\/hr\/wp-json\/wp\/v2\/types\/page"}],"author":[{"embeddable":true,"href":"https:\/\/cortecros.com\/hr\/wp-json\/wp\/v2\/users\/1"}],"replies":[{"embeddable":true,"href":"https:\/\/cortecros.com\/hr\/wp-json\/wp\/v2\/comments?post=85"}],"version-history":[{"count":5,"href":"https:\/\/cortecros.com\/hr\/wp-json\/wp\/v2\/pages\/85\/revisions"}],"predecessor-version":[{"id":30885,"href":"https:\/\/cortecros.com\/hr\/wp-json\/wp\/v2\/pages\/85\/revisions\/30885"}],"wp:attachment":[{"href":"https:\/\/cortecros.com\/hr\/wp-json\/wp\/v2\/media?parent=85"}],"curies":[{"name":"wp","href":"https:\/\/api.w.org\/{rel}","templated":true}]}}