{"id":1690,"date":"2017-05-24T19:09:22","date_gmt":"2017-05-24T19:09:22","guid":{"rendered":"http:\/\/cortecros.com\/product\/ecospray-vpci-389-premaz-za-zastitu-od-korozije-na-otvorenom\/"},"modified":"2019-06-07T10:45:34","modified_gmt":"2019-06-07T10:45:34","slug":"ecospray-vpci-389-premaz-za-zastitu-od-korozije-na-otvorenom","status":"publish","type":"product","link":"https:\/\/cortecros.com\/hr\/product\/ecospray-vpci-389-premaz-za-zastitu-od-korozije-na-otvorenom\/","title":{"rendered":"EcoSpray VpCI-389 Premaz za za\u0161titu od korozije na otvorenom"},"content":{"rendered":"<p>Proizvod koji sprje\u010dava \u0161irenje hr\u0111e na vanjskim objektima. Stvara u\u010dinkovit za\u0161titni film koji ne o\u0161te\u0107uje postoje\u0107e premaze.<\/p>\n","protected":false},"excerpt":{"rendered":"<p>Proizvod koji sprje\u010dava \u0161irenje hr\u0111e na vanjskim objektima. Stvara u\u010dinkovit za\u0161titni film koji ne o\u0161te\u0107uje postoje\u0107e premaze. <a class=\"continue-reading-link\" href=\"https:\/\/cortecros.com\/hr\/product\/ecospray-vpci-389-premaz-za-zastitu-od-korozije-na-otvorenom\/\">nastavi \u010ditati<\/a><\/p>\n","protected":false},"featured_media":0,"template":"","meta":{"ngg_post_thumbnail":0,"_links_to":"","_links_to_target":""},"product_brand":[],"product_cat":[43],"product_tag":[],"class_list":{"0":"post-1690","1":"product","2":"type-product","3":"status-publish","5":"product_cat-eco-line-proizvodi-sprejevi","7":"first","8":"instock","9":"shipping-taxable","10":"product-type-simple"},"_links":{"self":[{"href":"https:\/\/cortecros.com\/hr\/wp-json\/wp\/v2\/product\/1690","targetHints":{"allow":["GET"]}}],"collection":[{"href":"https:\/\/cortecros.com\/hr\/wp-json\/wp\/v2\/product"}],"about":[{"href":"https:\/\/cortecros.com\/hr\/wp-json\/wp\/v2\/types\/product"}],"wp:attachment":[{"href":"https:\/\/cortecros.com\/hr\/wp-json\/wp\/v2\/media?parent=1690"}],"wp:term":[{"taxonomy":"product_brand","embeddable":true,"href":"https:\/\/cortecros.com\/hr\/wp-json\/wp\/v2\/product_brand?post=1690"},{"taxonomy":"product_cat","embeddable":true,"href":"https:\/\/cortecros.com\/hr\/wp-json\/wp\/v2\/product_cat?post=1690"},{"taxonomy":"product_tag","embeddable":true,"href":"https:\/\/cortecros.com\/hr\/wp-json\/wp\/v2\/product_tag?post=1690"}],"curies":[{"name":"wp","href":"https:\/\/api.w.org\/{rel}","templated":true}]}}