{"id":1693,"date":"2017-05-24T19:08:31","date_gmt":"2017-05-24T19:08:31","guid":{"rendered":"http:\/\/cortecros.com\/product\/ecospray-vpci-325-industrijski-podmazivac\/"},"modified":"2019-12-30T10:20:51","modified_gmt":"2019-12-30T10:20:51","slug":"ecospray-vpci-325-industrijski-podmazivac","status":"publish","type":"product","link":"https:\/\/cortecros.com\/hr\/product\/ecospray-vpci-325-industrijski-podmazivac\/","title":{"rendered":"EcoSpray VpCI-325 Industrijski podmaziva\u010d"},"content":{"rendered":"<p>Primjena: podmazivanje strojnih dijelova, brave, alati, vijci, matice, oru\u017eja.<br \/>\nECOSpray 325 je biorazgradivo ulje na bazi biljnih ulja ne\u0161kodljivo za okoli\u0161 i ljude.<\/p>\n<p>Podmazuje i pri tome zaustavlja koroziju, \u0161kripu i zapinjanje. Prije svake upotrebe dobro promu\u0107kaj. Djeluje dva puta du\u017ee od ve\u0107 poznatih sli\u010dnih ulja za podmazivanje.<\/p>\n<p>ECOSpray 325 djeluje na dva na\u010dina:<br \/>\n\u2022 Stvara tanki za\u0161titni sloj koji \u010dvrsto prianja uz metalne povr\u0161ine, spre\u010dava pristup vlazi i onemogu\u0107ava koroziju,<br \/>\n\u2022 Naneseni sloj ispu\u0161ta inhibitor korozije (VCI) u parnoj fazi koji dospijeva tamo gdje nije mogla doprijeti teku\u0107ina. Na taj na\u010din je \u010ditava povr\u0161ina, bez obzira jeli izravno podmazana ili ne, za\u0161ti\u0107ena od korozije.<\/p>\n<p>Ovaj je proizvod razvijen u USA i koristi se u ameri\u010dkoj industriji, vojsci i NATO-u.<br \/>\n\u0160titi od korozije sve podmazane metalne dijelove do dvije godine.<br \/>\nNeotrovan i termi\u010dki stabilan.<br \/>\nSiguran za metale i plastiku.<br \/>\nBez nitrita, freona ili 1,1,1 triklor spojeva.<\/p>\n<p>Rok upotrebe 24 mjeseca.<br \/>\nPunjenje: 470 ml<\/p>\n<p>Tehni\u010dki list proizvoda<\/p>\n<p><a href=\"https:\/\/cortecros.com\/wp-content\/uploads\/2019\/12\/VpCI-325-Cortecros-1.pdf\">VpCI-325<\/a><\/p>\n","protected":false},"excerpt":{"rendered":"<p>Primjena: podmazivanje strojnih dijelova, brave, alati, vijci, matice, oru\u017eja. ECOSpray 325 je biorazgradivo ulje na bazi biljnih ulja ne\u0161kodljivo za okoli\u0161 i ljude. Podmazuje i pri tome zaustavlja koroziju, \u0161kripu i zapinjanje. Prije svake upotrebe dobro promu\u0107kaj. Djeluje dva puta du\u017ee od ve\u0107 poznatih sli\u010dnih ulja za podmazivanje. ECOSpray 325\u2026 <a class=\"continue-reading-link\" href=\"https:\/\/cortecros.com\/hr\/product\/ecospray-vpci-325-industrijski-podmazivac\/\">nastavi \u010ditati<\/a><\/p>\n","protected":false},"featured_media":0,"template":"","meta":{"ngg_post_thumbnail":0,"_links_to":"","_links_to_target":""},"product_brand":[],"product_cat":[43],"product_tag":[],"class_list":{"0":"post-1693","1":"product","2":"type-product","3":"status-publish","5":"product_cat-eco-line-proizvodi-sprejevi","7":"first","8":"instock","9":"shipping-taxable","10":"product-type-simple"},"_links":{"self":[{"href":"https:\/\/cortecros.com\/hr\/wp-json\/wp\/v2\/product\/1693","targetHints":{"allow":["GET"]}}],"collection":[{"href":"https:\/\/cortecros.com\/hr\/wp-json\/wp\/v2\/product"}],"about":[{"href":"https:\/\/cortecros.com\/hr\/wp-json\/wp\/v2\/types\/product"}],"wp:attachment":[{"href":"https:\/\/cortecros.com\/hr\/wp-json\/wp\/v2\/media?parent=1693"}],"wp:term":[{"taxonomy":"product_brand","embeddable":true,"href":"https:\/\/cortecros.com\/hr\/wp-json\/wp\/v2\/product_brand?post=1693"},{"taxonomy":"product_cat","embeddable":true,"href":"https:\/\/cortecros.com\/hr\/wp-json\/wp\/v2\/product_cat?post=1693"},{"taxonomy":"product_tag","embeddable":true,"href":"https:\/\/cortecros.com\/hr\/wp-json\/wp\/v2\/product_tag?post=1693"}],"curies":[{"name":"wp","href":"https:\/\/api.w.org\/{rel}","templated":true}]}}