{"id":1700,"date":"2017-05-24T18:48:58","date_gmt":"2017-05-24T18:48:58","guid":{"rendered":"http:\/\/cortecros.com\/product\/ecoline-all-purpose-lubricant-podmazivac-siroke-primjene\/"},"modified":"2019-05-10T09:29:31","modified_gmt":"2019-05-10T09:29:31","slug":"ecoline-all-purpose-lubricant-podmazivac-siroke-primjene","status":"publish","type":"product","link":"https:\/\/cortecros.com\/hr\/product\/ecoline-all-purpose-lubricant-podmazivac-siroke-primjene\/","title":{"rendered":"EcoLine All Purpose Lubricant &#8211; Podmaziva\u010d \u0161iroke primjene"},"content":{"rendered":"<p>EcoLine&#x2122; All Purpose Lubricant je podmaziva\u010d \u0161iroke primjene namijenjen za kori\u0161tenje u industriji i ku\u0107noj uporabi. Sadr\u017ei aditive za ekstremna optere\u0107enja i trenja. Siguran za kori\u0161tenje kod svih vrsta metala i ve\u0107ine plastike.<\/p>\n<p>EcoLine&#x2122; All Purpose Lubricant odli\u010dno se pona\u0161a kod primjene na otvorenom i zatvorenom prostoru. EcoLine&#x2122; All Purpose Lubricant proizveden je na bio bazi, ulje soje i metil estera soje. Metil esteri soje koriste se kao tehnologija niskog utjecaja otapala. Proizvodi na bazi soje omogu\u0107uju izvrsno podmazivanje i biorazgradivost. EcoLine&#x2122; All Purpose Lubricant stvara na povr\u0161ini metala za\u0161titni sloj inhibitora korozije (VpCI). Proizvod posjeduje vodopravnu dozvolu: UPI\/II-034-03\/06-02\/000893. Izvje\u0161\u0107e o biolo\u0161koj razgradljivosti Zavoda za javno zdravstvo grada Zagreba: 05502 58\/2006.<\/p>\n<p><b>Pakiranje:<\/b> Aerosol 200 ml, Eco sprej 400 ml, 19-litarskim plasti\u010dnim ba\u010dvama, 208-litarskim metalnim ba\u010dvama, kontejnerima za teku\u0107ine 1040 litara.<\/p>\n<p><a class=\"blue\" href=\"https:\/\/cortecros.com\/wp-content\/uploads\/2017\/05\/EcoLine-All-Purpose-Lubricant-cro.pdf\" target=\"_blank\" rel=\"noopener noreferrer\">Tehni\u010dki list proizvoda<\/a><\/p>\n","protected":false},"excerpt":{"rendered":"<p>EcoLine&#x2122; All Purpose Lubricant je podmaziva\u010d \u0161iroke primjene namijenjen za kori\u0161tenje u industriji i ku\u0107noj uporabi. Sadr\u017ei aditive za ekstremna optere\u0107enja i trenja. Siguran za kori\u0161tenje kod svih vrsta metala i ve\u0107ine plastike. EcoLine&#x2122; All Purpose Lubricant odli\u010dno se pona\u0161a kod primjene na otvorenom i zatvorenom prostoru. EcoLine&#x2122; All Purpose\u2026 <a class=\"continue-reading-link\" href=\"https:\/\/cortecros.com\/hr\/product\/ecoline-all-purpose-lubricant-podmazivac-siroke-primjene\/\">nastavi \u010ditati<\/a><\/p>\n","protected":false},"featured_media":0,"template":"","meta":{"ngg_post_thumbnail":0,"_links_to":"","_links_to_target":""},"product_brand":[],"product_cat":[43],"product_tag":[],"class_list":{"0":"post-1700","1":"product","2":"type-product","3":"status-publish","5":"product_cat-eco-line-proizvodi-sprejevi","7":"first","8":"instock","9":"shipping-taxable","10":"product-type-simple"},"_links":{"self":[{"href":"https:\/\/cortecros.com\/hr\/wp-json\/wp\/v2\/product\/1700","targetHints":{"allow":["GET"]}}],"collection":[{"href":"https:\/\/cortecros.com\/hr\/wp-json\/wp\/v2\/product"}],"about":[{"href":"https:\/\/cortecros.com\/hr\/wp-json\/wp\/v2\/types\/product"}],"wp:attachment":[{"href":"https:\/\/cortecros.com\/hr\/wp-json\/wp\/v2\/media?parent=1700"}],"wp:term":[{"taxonomy":"product_brand","embeddable":true,"href":"https:\/\/cortecros.com\/hr\/wp-json\/wp\/v2\/product_brand?post=1700"},{"taxonomy":"product_cat","embeddable":true,"href":"https:\/\/cortecros.com\/hr\/wp-json\/wp\/v2\/product_cat?post=1700"},{"taxonomy":"product_tag","embeddable":true,"href":"https:\/\/cortecros.com\/hr\/wp-json\/wp\/v2\/product_tag?post=1700"}],"curies":[{"name":"wp","href":"https:\/\/api.w.org\/{rel}","templated":true}]}}