{"id":17300,"date":"2017-05-23T18:34:11","date_gmt":"2017-05-23T18:34:11","guid":{"rendered":"https:\/\/cortecros.com\/product\/flashcorr-vpci\/"},"modified":"2026-03-05T08:38:22","modified_gmt":"2026-03-05T08:38:22","slug":"flashcorr-vpci","status":"publish","type":"product","link":"https:\/\/cortecros.com\/hr\/product\/flashcorr-vpci\/","title":{"rendered":"FlashCorr\u00ae VpCI\u00ae"},"content":{"rendered":"<p>FlashCorr\u00ae VpCI\u00ae je biorazgradiv, nezapaljiv, bez amina i nitrita. Ne utje\u010de na kvalitetu adhezije boja. Mo\u017ee se koristiti za ispiranje opreme kao dio preventivne za\u0161tite \u0161to produljuje radni vijek opreme za nekoliko godina.<\/p>\n<p>PRIMJENA<br \/>\nFlashCorr\u00ae VpCI\u00ae se mo\u017ee nanositi pomo\u0107u strojeva za pranje i<br \/>\nprskalica. Potrebno je promije\u0161ati proizvod u vodi dok se potpuno<br \/>\nne otopi. Proizvod je preporu\u010deno koristiti na temperaturama od<br \/>\n5 do 71 \u00b0C.<\/p>\n<p>Tehni\u010dki list proizvoda (TLP)<br \/>\n<a href=\"https:\/\/cortecros.com\/wp-content\/uploads\/2019\/10\/FlashCorr_VpCI-hr.pdf\">FlashCorr VpCI<\/a><\/p>\n","protected":false},"excerpt":{"rendered":"<p>FlashCorr\u00ae VpCI\u00ae je biorazgradiv, nezapaljiv, bez amina i nitrita. Ne utje\u010de na kvalitetu adhezije boja. Mo\u017ee se koristiti za ispiranje opreme kao dio preventivne za\u0161tite \u0161to produljuje radni vijek opreme za nekoliko godina. PRIMJENA FlashCorr\u00ae VpCI\u00ae se mo\u017ee nanositi pomo\u0107u strojeva za pranje i prskalica. Potrebno je promije\u0161ati proizvod u\u2026 <a class=\"continue-reading-link\" href=\"https:\/\/cortecros.com\/hr\/product\/flashcorr-vpci\/\">nastavi \u010ditati<\/a><\/p>\n","protected":false},"featured_media":17301,"template":"","meta":{"ngg_post_thumbnail":0,"_links_to":"","_links_to_target":""},"product_brand":[],"product_cat":[39],"product_tag":[],"class_list":{"0":"post-17300","1":"product","2":"type-product","3":"status-publish","4":"has-post-thumbnail","6":"product_cat-vpci-proizvodi-za-ciscenje-odmascivanje-i-pripremu-povrsine-metala","8":"first","9":"instock","10":"shipping-taxable","11":"product-type-simple"},"_links":{"self":[{"href":"https:\/\/cortecros.com\/hr\/wp-json\/wp\/v2\/product\/17300","targetHints":{"allow":["GET"]}}],"collection":[{"href":"https:\/\/cortecros.com\/hr\/wp-json\/wp\/v2\/product"}],"about":[{"href":"https:\/\/cortecros.com\/hr\/wp-json\/wp\/v2\/types\/product"}],"wp:featuredmedia":[{"embeddable":true,"href":"https:\/\/cortecros.com\/hr\/wp-json\/wp\/v2\/media\/17301"}],"wp:attachment":[{"href":"https:\/\/cortecros.com\/hr\/wp-json\/wp\/v2\/media?parent=17300"}],"wp:term":[{"taxonomy":"product_brand","embeddable":true,"href":"https:\/\/cortecros.com\/hr\/wp-json\/wp\/v2\/product_brand?post=17300"},{"taxonomy":"product_cat","embeddable":true,"href":"https:\/\/cortecros.com\/hr\/wp-json\/wp\/v2\/product_cat?post=17300"},{"taxonomy":"product_tag","embeddable":true,"href":"https:\/\/cortecros.com\/hr\/wp-json\/wp\/v2\/product_tag?post=17300"}],"curies":[{"name":"wp","href":"https:\/\/api.w.org\/{rel}","templated":true}]}}