{"id":28800,"date":"2019-12-18T11:22:28","date_gmt":"2019-12-18T11:22:28","guid":{"rendered":"https:\/\/cortecros.com\/?post_type=product&#038;p=28800"},"modified":"2021-01-22T14:13:17","modified_gmt":"2021-01-22T14:13:17","slug":"mci-2005-ns","status":"publish","type":"product","link":"https:\/\/cortecros.com\/hr\/product\/mci-2005-ns\/","title":{"rendered":"MCI-2005 NS"},"content":{"rendered":"<p><strong>DESCRIPTION <\/strong><\/p>\n<p>MCI\u00ae-2005 NS (normal setting) je organska primjesa na bazi vode koja slu\u017ei za inhibiciju korozije i za\u0161titu armature u AB* strukturama. Zamije\u0161an u beton MCI\u00ae-2005 NS stvara za\u0161titni monomolekularni sloj oko armature koji inhibira nastanak korozije. U novim AB konstrukcijama ovaj efekt je kvantificiran pove\u0107anjem kriti\u010dnog praga klorida i posljedi\u010dno smanjenjem brzine korozije. Kada se koristi u reparaturnim mortovima, MCI\u00ae-2005 NS ne samo da \u0161titi armaturu gdje je apliciran nego i migrira u ostatak betonske strukture i pru\u017ea za\u0161titu armaturi u ostatku konstrukcije. MCI\u00ae-2005 NS je dostupan u verziji sa dodanim mirisom (bubble gum \u2013 guma za \u017evakanje) pod imenom MCI\u00ae-2005 NSB.<\/p>\n<p><strong>PAKIRANJE I SKLADI\u0160TENJE<\/strong><br \/>\nDostupno u kanistrima od 19 litara, ba\u010dvama od 208 litara i IBC kontejnerima od 1040 litara. Skladi\u0161titi izvan direktnog utjecaja sun\u010devog svijetla, u zatvorenom prostoru, u originalnoj ambala\u017ei i na temperaturi izme\u0111u 4\u00b0C i 38\u00b0C. MCI\u00ae-2005 NS ima rok trajanja od 24 mjeseca u originalnom pakiranju.<\/p>\n<p><a href=\"https:\/\/cortecros.com\/wp-content\/uploads\/2020\/07\/MCI-2005-NS.pdf\">Tehni\u010dki list proizvoda<\/a><\/p>\n","protected":false},"excerpt":{"rendered":"<p>DESCRIPTION MCI\u00ae-2005 NS (normal setting) je organska primjesa na bazi vode koja slu\u017ei za inhibiciju korozije i za\u0161titu armature u AB* strukturama. Zamije\u0161an u beton MCI\u00ae-2005 NS stvara za\u0161titni monomolekularni sloj oko armature koji inhibira nastanak korozije. U novim AB konstrukcijama ovaj efekt je kvantificiran pove\u0107anjem kriti\u010dnog praga klorida i\u2026 <a class=\"continue-reading-link\" href=\"https:\/\/cortecros.com\/hr\/product\/mci-2005-ns\/\">nastavi \u010ditati<\/a><\/p>\n","protected":false},"featured_media":30880,"template":"","meta":{"ngg_post_thumbnail":0,"_links_to":"","_links_to_target":""},"product_brand":[],"product_cat":[42],"product_tag":[],"class_list":{"0":"post-28800","1":"product","2":"type-product","3":"status-publish","4":"has-post-thumbnail","6":"product_cat-mci-proizvodi-za-graditeljstvo","8":"first","9":"instock","10":"shipping-taxable","11":"product-type-simple"},"_links":{"self":[{"href":"https:\/\/cortecros.com\/hr\/wp-json\/wp\/v2\/product\/28800","targetHints":{"allow":["GET"]}}],"collection":[{"href":"https:\/\/cortecros.com\/hr\/wp-json\/wp\/v2\/product"}],"about":[{"href":"https:\/\/cortecros.com\/hr\/wp-json\/wp\/v2\/types\/product"}],"wp:featuredmedia":[{"embeddable":true,"href":"https:\/\/cortecros.com\/hr\/wp-json\/wp\/v2\/media\/30880"}],"wp:attachment":[{"href":"https:\/\/cortecros.com\/hr\/wp-json\/wp\/v2\/media?parent=28800"}],"wp:term":[{"taxonomy":"product_brand","embeddable":true,"href":"https:\/\/cortecros.com\/hr\/wp-json\/wp\/v2\/product_brand?post=28800"},{"taxonomy":"product_cat","embeddable":true,"href":"https:\/\/cortecros.com\/hr\/wp-json\/wp\/v2\/product_cat?post=28800"},{"taxonomy":"product_tag","embeddable":true,"href":"https:\/\/cortecros.com\/hr\/wp-json\/wp\/v2\/product_tag?post=28800"}],"curies":[{"name":"wp","href":"https:\/\/api.w.org\/{rel}","templated":true}]}}