{"id":29438,"date":"2020-04-15T11:42:34","date_gmt":"2020-04-15T11:42:34","guid":{"rendered":"https:\/\/cortecros.com\/?post_type=product&#038;p=29438"},"modified":"2020-04-15T11:42:35","modified_gmt":"2020-04-15T11:42:35","slug":"stimulus","status":"publish","type":"product","link":"https:\/\/cortecros.com\/hr\/product\/stimulus\/","title":{"rendered":"Stimulus"},"content":{"rendered":"<p>Stimulus sprje\u010dava aktivnosti enzima uree koji pretvaraju du\u0161ik i ureu u amonijak.<\/p>\n<p>&nbsp;<\/p>\n<p><a href=\"https:\/\/cortecros.com\/wp-content\/uploads\/2020\/04\/Stimulus.pdf\">Tehni\u010dki list proizvoda<\/a><\/p>\n","protected":false},"excerpt":{"rendered":"<p>Stimulus sprje\u010dava aktivnosti enzima uree koji pretvaraju du\u0161ik i ureu u amonijak. &nbsp; Tehni\u010dki list proizvoda <a class=\"continue-reading-link\" href=\"https:\/\/cortecros.com\/hr\/product\/stimulus\/\">nastavi \u010ditati<\/a><\/p>\n","protected":false},"featured_media":29441,"template":"","meta":{"ngg_post_thumbnail":0,"_links_to":"","_links_to_target":""},"product_brand":[],"product_cat":[111],"product_tag":[],"class_list":{"0":"post-29438","1":"product","2":"type-product","3":"status-publish","4":"has-post-thumbnail","6":"product_cat-biostimulansi","8":"first","9":"instock","10":"shipping-taxable","11":"product-type-simple"},"_links":{"self":[{"href":"https:\/\/cortecros.com\/hr\/wp-json\/wp\/v2\/product\/29438","targetHints":{"allow":["GET"]}}],"collection":[{"href":"https:\/\/cortecros.com\/hr\/wp-json\/wp\/v2\/product"}],"about":[{"href":"https:\/\/cortecros.com\/hr\/wp-json\/wp\/v2\/types\/product"}],"wp:featuredmedia":[{"embeddable":true,"href":"https:\/\/cortecros.com\/hr\/wp-json\/wp\/v2\/media\/29441"}],"wp:attachment":[{"href":"https:\/\/cortecros.com\/hr\/wp-json\/wp\/v2\/media?parent=29438"}],"wp:term":[{"taxonomy":"product_brand","embeddable":true,"href":"https:\/\/cortecros.com\/hr\/wp-json\/wp\/v2\/product_brand?post=29438"},{"taxonomy":"product_cat","embeddable":true,"href":"https:\/\/cortecros.com\/hr\/wp-json\/wp\/v2\/product_cat?post=29438"},{"taxonomy":"product_tag","embeddable":true,"href":"https:\/\/cortecros.com\/hr\/wp-json\/wp\/v2\/product_tag?post=29438"}],"curies":[{"name":"wp","href":"https:\/\/api.w.org\/{rel}","templated":true}]}}