{"id":29467,"date":"2020-04-15T11:46:31","date_gmt":"2020-04-15T11:46:31","guid":{"rendered":"https:\/\/cortecros.com\/?post_type=product&#038;p=29467"},"modified":"2020-04-15T11:46:32","modified_gmt":"2020-04-15T11:46:32","slug":"bio-tab-1t","status":"publish","type":"product","link":"https:\/\/cortecros.com\/hr\/product\/bio-tab-1t\/","title":{"rendered":"Bio-tab 1T"},"content":{"rendered":"<p>Bio-tab sadr\u017ei kulture bakterija i bakterijskih enzima koji:<\/p>\n<ul>\n<li>su u\u010dinkoviti u aerobnim i anaerobnim uvjetima<\/li>\n<li>razgra\u0111uju organske materijale koji se sastoje od proteina, masti i ugljikohidrata<\/li>\n<\/ul>\n<p><a href=\"https:\/\/cortecros.com\/wp-content\/uploads\/2020\/04\/BIO_TAB-cro-prodajni_predstavnik.pdf\">Tehni\u010dki list proizvoda<\/a><\/p>\n","protected":false},"excerpt":{"rendered":"<p>Bio-tab sadr\u017ei kulture bakterija i bakterijskih enzima koji: su u\u010dinkoviti u aerobnim i anaerobnim uvjetima razgra\u0111uju organske materijale koji se sastoje od proteina, masti i ugljikohidrata Tehni\u010dki list proizvoda <a class=\"continue-reading-link\" href=\"https:\/\/cortecros.com\/hr\/product\/bio-tab-1t\/\">nastavi \u010ditati<\/a><\/p>\n","protected":false},"featured_media":29458,"template":"","meta":{"ngg_post_thumbnail":0,"_links_to":"","_links_to_target":""},"product_brand":[],"product_cat":[107],"product_tag":[],"class_list":{"0":"post-29467","1":"product","2":"type-product","3":"status-publish","4":"has-post-thumbnail","6":"product_cat-industrijska-sredstva-za-ciscenje","8":"first","9":"instock","10":"shipping-taxable","11":"product-type-simple"},"_links":{"self":[{"href":"https:\/\/cortecros.com\/hr\/wp-json\/wp\/v2\/product\/29467","targetHints":{"allow":["GET"]}}],"collection":[{"href":"https:\/\/cortecros.com\/hr\/wp-json\/wp\/v2\/product"}],"about":[{"href":"https:\/\/cortecros.com\/hr\/wp-json\/wp\/v2\/types\/product"}],"wp:featuredmedia":[{"embeddable":true,"href":"https:\/\/cortecros.com\/hr\/wp-json\/wp\/v2\/media\/29458"}],"wp:attachment":[{"href":"https:\/\/cortecros.com\/hr\/wp-json\/wp\/v2\/media?parent=29467"}],"wp:term":[{"taxonomy":"product_brand","embeddable":true,"href":"https:\/\/cortecros.com\/hr\/wp-json\/wp\/v2\/product_brand?post=29467"},{"taxonomy":"product_cat","embeddable":true,"href":"https:\/\/cortecros.com\/hr\/wp-json\/wp\/v2\/product_cat?post=29467"},{"taxonomy":"product_tag","embeddable":true,"href":"https:\/\/cortecros.com\/hr\/wp-json\/wp\/v2\/product_tag?post=29467"}],"curies":[{"name":"wp","href":"https:\/\/api.w.org\/{rel}","templated":true}]}}