{"id":29470,"date":"2020-04-15T11:49:58","date_gmt":"2020-04-15T11:49:58","guid":{"rendered":"https:\/\/cortecros.com\/?post_type=product&#038;p=29470"},"modified":"2020-04-15T11:49:58","modified_gmt":"2020-04-15T11:49:58","slug":"eco-drain-tekucina","status":"publish","type":"product","link":"https:\/\/cortecros.com\/hr\/product\/eco-drain-tekucina\/","title":{"rendered":"Eco-drain teku\u0107ina"},"content":{"rendered":"<p>Eco-drain sadr\u017ei mje\u0161avinu aerobnih i anaerobnih mikroorganizama koji imaju mogu\u0107nost biolo\u0161ke razgradnje ulja, masti i raznovrsnih organskih materijala u najte\u017eim uvjetima.<\/p>\n<p>&nbsp;<\/p>\n<p><a href=\"https:\/\/cortecros.com\/wp-content\/uploads\/2020\/04\/Eco_drain_L.pdf\">Tehni\u010dki list proizvoda<\/a><\/p>\n","protected":false},"excerpt":{"rendered":"<p>Eco-drain sadr\u017ei mje\u0161avinu aerobnih i anaerobnih mikroorganizama koji imaju mogu\u0107nost biolo\u0161ke razgradnje ulja, masti i raznovrsnih organskih materijala u najte\u017eim uvjetima. &nbsp; Tehni\u010dki list proizvoda <a class=\"continue-reading-link\" href=\"https:\/\/cortecros.com\/hr\/product\/eco-drain-tekucina\/\">nastavi \u010ditati<\/a><\/p>\n","protected":false},"featured_media":29461,"template":"","meta":{"ngg_post_thumbnail":0,"_links_to":"","_links_to_target":""},"product_brand":[],"product_cat":[107],"product_tag":[],"class_list":{"0":"post-29470","1":"product","2":"type-product","3":"status-publish","4":"has-post-thumbnail","6":"product_cat-industrijska-sredstva-za-ciscenje","8":"first","9":"instock","10":"shipping-taxable","11":"product-type-simple"},"_links":{"self":[{"href":"https:\/\/cortecros.com\/hr\/wp-json\/wp\/v2\/product\/29470","targetHints":{"allow":["GET"]}}],"collection":[{"href":"https:\/\/cortecros.com\/hr\/wp-json\/wp\/v2\/product"}],"about":[{"href":"https:\/\/cortecros.com\/hr\/wp-json\/wp\/v2\/types\/product"}],"wp:featuredmedia":[{"embeddable":true,"href":"https:\/\/cortecros.com\/hr\/wp-json\/wp\/v2\/media\/29461"}],"wp:attachment":[{"href":"https:\/\/cortecros.com\/hr\/wp-json\/wp\/v2\/media?parent=29470"}],"wp:term":[{"taxonomy":"product_brand","embeddable":true,"href":"https:\/\/cortecros.com\/hr\/wp-json\/wp\/v2\/product_brand?post=29470"},{"taxonomy":"product_cat","embeddable":true,"href":"https:\/\/cortecros.com\/hr\/wp-json\/wp\/v2\/product_cat?post=29470"},{"taxonomy":"product_tag","embeddable":true,"href":"https:\/\/cortecros.com\/hr\/wp-json\/wp\/v2\/product_tag?post=29470"}],"curies":[{"name":"wp","href":"https:\/\/api.w.org\/{rel}","templated":true}]}}