{"id":29471,"date":"2020-04-15T11:52:22","date_gmt":"2020-04-15T11:52:22","guid":{"rendered":"https:\/\/cortecros.com\/?post_type=product&#038;p=29471"},"modified":"2020-04-15T11:52:22","modified_gmt":"2020-04-15T11:52:22","slug":"eco-scent","status":"publish","type":"product","link":"https:\/\/cortecros.com\/hr\/product\/eco-scent\/","title":{"rendered":"Eco-scent"},"content":{"rendered":"<p>Posebno formuliran i pakiran proizvod za lako nano\u0161enje direktno na podru\u010dja koja uzrokuju neugodne mirise, ostavljaju\u0107i svje\u017e i \u010dist miris.<\/p>\n<p>&nbsp;<\/p>\n<p><a href=\"https:\/\/cortecros.com\/wp-content\/uploads\/2020\/04\/ECO_scent.pdf\">Tehni\u010dki list proizvoda<\/a><\/p>\n","protected":false},"excerpt":{"rendered":"<p>Posebno formuliran i pakiran proizvod za lako nano\u0161enje direktno na podru\u010dja koja uzrokuju neugodne mirise, ostavljaju\u0107i svje\u017e i \u010dist miris. &nbsp; Tehni\u010dki list proizvoda <a class=\"continue-reading-link\" href=\"https:\/\/cortecros.com\/hr\/product\/eco-scent\/\">nastavi \u010ditati<\/a><\/p>\n","protected":false},"featured_media":29463,"template":"","meta":{"ngg_post_thumbnail":0,"_links_to":"","_links_to_target":""},"product_brand":[],"product_cat":[107],"product_tag":[],"class_list":{"0":"post-29471","1":"product","2":"type-product","3":"status-publish","4":"has-post-thumbnail","6":"product_cat-industrijska-sredstva-za-ciscenje","8":"first","9":"instock","10":"shipping-taxable","11":"product-type-simple"},"_links":{"self":[{"href":"https:\/\/cortecros.com\/hr\/wp-json\/wp\/v2\/product\/29471","targetHints":{"allow":["GET"]}}],"collection":[{"href":"https:\/\/cortecros.com\/hr\/wp-json\/wp\/v2\/product"}],"about":[{"href":"https:\/\/cortecros.com\/hr\/wp-json\/wp\/v2\/types\/product"}],"wp:featuredmedia":[{"embeddable":true,"href":"https:\/\/cortecros.com\/hr\/wp-json\/wp\/v2\/media\/29463"}],"wp:attachment":[{"href":"https:\/\/cortecros.com\/hr\/wp-json\/wp\/v2\/media?parent=29471"}],"wp:term":[{"taxonomy":"product_brand","embeddable":true,"href":"https:\/\/cortecros.com\/hr\/wp-json\/wp\/v2\/product_brand?post=29471"},{"taxonomy":"product_cat","embeddable":true,"href":"https:\/\/cortecros.com\/hr\/wp-json\/wp\/v2\/product_cat?post=29471"},{"taxonomy":"product_tag","embeddable":true,"href":"https:\/\/cortecros.com\/hr\/wp-json\/wp\/v2\/product_tag?post=29471"}],"curies":[{"name":"wp","href":"https:\/\/api.w.org\/{rel}","templated":true}]}}