{"id":29472,"date":"2020-04-15T11:55:07","date_gmt":"2020-04-15T11:55:07","guid":{"rendered":"https:\/\/cortecros.com\/?post_type=product&#038;p=29472"},"modified":"2020-04-15T11:55:08","modified_gmt":"2020-04-15T11:55:08","slug":"eco-sept-prah","status":"publish","type":"product","link":"https:\/\/cortecros.com\/hr\/product\/eco-sept-prah\/","title":{"rendered":"Eco-sept prah"},"content":{"rendered":"<p>Ovaj proizvod namijenjen je kori\u0161tenju u septi\u010dkom sustavu gdje pobolj\u0161ava djelovanje prisutnih mikroorganizama, produljuje radni vijek odvodnog sustava, smanjuje koli\u010dinu mulja, sprje\u010dava za\u010depljenja&#8230;<\/p>\n<p>&nbsp;<\/p>\n<p><a href=\"https:\/\/cortecros.com\/wp-content\/uploads\/2020\/04\/eco_sept_prah.pdf\">Tehni\u010dki list proizvoda<\/a><\/p>\n","protected":false},"excerpt":{"rendered":"<p>Ovaj proizvod namijenjen je kori\u0161tenju u septi\u010dkom sustavu gdje pobolj\u0161ava djelovanje prisutnih mikroorganizama, produljuje radni vijek odvodnog sustava, smanjuje koli\u010dinu mulja, sprje\u010dava za\u010depljenja&#8230; &nbsp; Tehni\u010dki list proizvoda <a class=\"continue-reading-link\" href=\"https:\/\/cortecros.com\/hr\/product\/eco-sept-prah\/\">nastavi \u010ditati<\/a><\/p>\n","protected":false},"featured_media":29465,"template":"","meta":{"ngg_post_thumbnail":0,"_links_to":"","_links_to_target":""},"product_brand":[],"product_cat":[107],"product_tag":[],"class_list":{"0":"post-29472","1":"product","2":"type-product","3":"status-publish","4":"has-post-thumbnail","6":"product_cat-industrijska-sredstva-za-ciscenje","8":"first","9":"instock","10":"shipping-taxable","11":"product-type-simple"},"_links":{"self":[{"href":"https:\/\/cortecros.com\/hr\/wp-json\/wp\/v2\/product\/29472","targetHints":{"allow":["GET"]}}],"collection":[{"href":"https:\/\/cortecros.com\/hr\/wp-json\/wp\/v2\/product"}],"about":[{"href":"https:\/\/cortecros.com\/hr\/wp-json\/wp\/v2\/types\/product"}],"wp:featuredmedia":[{"embeddable":true,"href":"https:\/\/cortecros.com\/hr\/wp-json\/wp\/v2\/media\/29465"}],"wp:attachment":[{"href":"https:\/\/cortecros.com\/hr\/wp-json\/wp\/v2\/media?parent=29472"}],"wp:term":[{"taxonomy":"product_brand","embeddable":true,"href":"https:\/\/cortecros.com\/hr\/wp-json\/wp\/v2\/product_brand?post=29472"},{"taxonomy":"product_cat","embeddable":true,"href":"https:\/\/cortecros.com\/hr\/wp-json\/wp\/v2\/product_cat?post=29472"},{"taxonomy":"product_tag","embeddable":true,"href":"https:\/\/cortecros.com\/hr\/wp-json\/wp\/v2\/product_tag?post=29472"}],"curies":[{"name":"wp","href":"https:\/\/api.w.org\/{rel}","templated":true}]}}