{"id":29473,"date":"2020-04-15T11:58:16","date_gmt":"2020-04-15T11:58:16","guid":{"rendered":"https:\/\/cortecros.com\/?post_type=product&#038;p=29473"},"modified":"2020-04-15T11:58:16","modified_gmt":"2020-04-15T11:58:16","slug":"eco-sept-tekucina","status":"publish","type":"product","link":"https:\/\/cortecros.com\/hr\/product\/eco-sept-tekucina\/","title":{"rendered":"Eco-sept teku\u0107ina"},"content":{"rendered":"<p>Posebno formuliran proizvod koji pomo\u0107u specijalne kombinacije mikroorganizama aktivira razgradnju krutog otpada.<\/p>\n<p>Produljuje radni vijek odvodnog sustava, smanjuje koli\u010dinu mulja, sprje\u010dava za\u010depljenja\u2026<\/p>\n<p>&nbsp;<\/p>\n<p><a href=\"https:\/\/cortecros.com\/wp-content\/uploads\/2020\/04\/eco_sept_tekucina.pdf\">Tehni\u010dki list proizvoda<\/a><\/p>\n","protected":false},"excerpt":{"rendered":"<p>Posebno formuliran proizvod koji pomo\u0107u specijalne kombinacije mikroorganizama aktivira razgradnju krutog otpada. Produljuje radni vijek odvodnog sustava, smanjuje koli\u010dinu mulja, sprje\u010dava za\u010depljenja\u2026 &nbsp; Tehni\u010dki list proizvoda <a class=\"continue-reading-link\" href=\"https:\/\/cortecros.com\/hr\/product\/eco-sept-tekucina\/\">nastavi \u010ditati<\/a><\/p>\n","protected":false},"featured_media":29468,"template":"","meta":{"ngg_post_thumbnail":0,"_links_to":"","_links_to_target":""},"product_brand":[],"product_cat":[107],"product_tag":[],"class_list":{"0":"post-29473","1":"product","2":"type-product","3":"status-publish","4":"has-post-thumbnail","6":"product_cat-industrijska-sredstva-za-ciscenje","8":"first","9":"instock","10":"shipping-taxable","11":"product-type-simple"},"_links":{"self":[{"href":"https:\/\/cortecros.com\/hr\/wp-json\/wp\/v2\/product\/29473","targetHints":{"allow":["GET"]}}],"collection":[{"href":"https:\/\/cortecros.com\/hr\/wp-json\/wp\/v2\/product"}],"about":[{"href":"https:\/\/cortecros.com\/hr\/wp-json\/wp\/v2\/types\/product"}],"wp:featuredmedia":[{"embeddable":true,"href":"https:\/\/cortecros.com\/hr\/wp-json\/wp\/v2\/media\/29468"}],"wp:attachment":[{"href":"https:\/\/cortecros.com\/hr\/wp-json\/wp\/v2\/media?parent=29473"}],"wp:term":[{"taxonomy":"product_brand","embeddable":true,"href":"https:\/\/cortecros.com\/hr\/wp-json\/wp\/v2\/product_brand?post=29473"},{"taxonomy":"product_cat","embeddable":true,"href":"https:\/\/cortecros.com\/hr\/wp-json\/wp\/v2\/product_cat?post=29473"},{"taxonomy":"product_tag","embeddable":true,"href":"https:\/\/cortecros.com\/hr\/wp-json\/wp\/v2\/product_tag?post=29473"}],"curies":[{"name":"wp","href":"https:\/\/api.w.org\/{rel}","templated":true}]}}