{"id":29474,"date":"2020-04-15T12:00:32","date_gmt":"2020-04-15T12:00:32","guid":{"rendered":"https:\/\/cortecros.com\/?post_type=product&#038;p=29474"},"modified":"2020-04-15T12:00:33","modified_gmt":"2020-04-15T12:00:33","slug":"urinal-blocks","status":"publish","type":"product","link":"https:\/\/cortecros.com\/hr\/product\/urinal-blocks\/","title":{"rendered":"Urinal blocks"},"content":{"rendered":"<p>Tablete za otklanjanje neugodnih mirisa i dezinfekciju pisoara.<\/p>\n<p>Poma\u017ee pri uklanjanju kamenca, mokra\u0107ne soli i krutih tvari koje uzrokuju za\u010depljenja te neugodnih mirisa.<\/p>\n<p>&nbsp;<\/p>\n<p><a href=\"https:\/\/cortecros.com\/wp-content\/uploads\/2020\/04\/Urinal_blocks.pdf\">Tehni\u010dki list proizvoda<\/a><\/p>\n","protected":false},"excerpt":{"rendered":"<p>Tablete za otklanjanje neugodnih mirisa i dezinfekciju pisoara. Poma\u017ee pri uklanjanju kamenca, mokra\u0107ne soli i krutih tvari koje uzrokuju za\u010depljenja te neugodnih mirisa. &nbsp; Tehni\u010dki list proizvoda <a class=\"continue-reading-link\" href=\"https:\/\/cortecros.com\/hr\/product\/urinal-blocks\/\">nastavi \u010ditati<\/a><\/p>\n","protected":false},"featured_media":29456,"template":"","meta":{"ngg_post_thumbnail":0,"_links_to":"","_links_to_target":""},"product_brand":[],"product_cat":[107],"product_tag":[],"class_list":{"0":"post-29474","1":"product","2":"type-product","3":"status-publish","4":"has-post-thumbnail","6":"product_cat-industrijska-sredstva-za-ciscenje","8":"first","9":"instock","10":"shipping-taxable","11":"product-type-simple"},"_links":{"self":[{"href":"https:\/\/cortecros.com\/hr\/wp-json\/wp\/v2\/product\/29474","targetHints":{"allow":["GET"]}}],"collection":[{"href":"https:\/\/cortecros.com\/hr\/wp-json\/wp\/v2\/product"}],"about":[{"href":"https:\/\/cortecros.com\/hr\/wp-json\/wp\/v2\/types\/product"}],"wp:featuredmedia":[{"embeddable":true,"href":"https:\/\/cortecros.com\/hr\/wp-json\/wp\/v2\/media\/29456"}],"wp:attachment":[{"href":"https:\/\/cortecros.com\/hr\/wp-json\/wp\/v2\/media?parent=29474"}],"wp:term":[{"taxonomy":"product_brand","embeddable":true,"href":"https:\/\/cortecros.com\/hr\/wp-json\/wp\/v2\/product_brand?post=29474"},{"taxonomy":"product_cat","embeddable":true,"href":"https:\/\/cortecros.com\/hr\/wp-json\/wp\/v2\/product_cat?post=29474"},{"taxonomy":"product_tag","embeddable":true,"href":"https:\/\/cortecros.com\/hr\/wp-json\/wp\/v2\/product_tag?post=29474"}],"curies":[{"name":"wp","href":"https:\/\/api.w.org\/{rel}","templated":true}]}}