{"id":29607,"date":"2020-04-28T07:16:03","date_gmt":"2020-04-28T07:16:03","guid":{"rendered":"https:\/\/cortecros.com\/?post_type=product&#038;p=29607"},"modified":"2020-04-28T07:16:04","modified_gmt":"2020-04-28T07:16:04","slug":"m-531","status":"publish","type":"product","link":"https:\/\/cortecros.com\/hr\/product\/m-531\/","title":{"rendered":"M-531"},"content":{"rendered":"<p>M-531 je inhibitor korozije na bazi ulja, koji je namijenjena za primjenu u uljnim i sinteti\u010dkim uljima. M-531 pru\u017ea za\u0161titu od korozije kontaktom i hlapivim inhibitorom korozije, s odli\u010dnim svojstvom deemulzifikacije.<\/p>\n<p><a href=\"https:\/\/cortecros.com\/wp-content\/uploads\/2020\/04\/M-531.pdf\">Tehni\u010dki list proizvoda<\/a><\/p>\n","protected":false},"excerpt":{"rendered":"<p>M-531 je inhibitor korozije na bazi ulja, koji je namijenjena za primjenu u uljnim i sinteti\u010dkim uljima. M-531 pru\u017ea za\u0161titu od korozije kontaktom i hlapivim inhibitorom korozije, s odli\u010dnim svojstvom deemulzifikacije. Tehni\u010dki list proizvoda <a class=\"continue-reading-link\" href=\"https:\/\/cortecros.com\/hr\/product\/m-531\/\">nastavi \u010ditati<\/a><\/p>\n","protected":false},"featured_media":29608,"template":"","meta":{"ngg_post_thumbnail":0,"_links_to":"","_links_to_target":""},"product_brand":[],"product_cat":[35],"product_tag":[],"class_list":{"0":"post-29607","1":"product","2":"type-product","3":"status-publish","4":"has-post-thumbnail","6":"product_cat-vpci-proizvodi-za-obradu-metala","8":"first","9":"instock","10":"shipping-taxable","11":"product-type-simple"},"_links":{"self":[{"href":"https:\/\/cortecros.com\/hr\/wp-json\/wp\/v2\/product\/29607","targetHints":{"allow":["GET"]}}],"collection":[{"href":"https:\/\/cortecros.com\/hr\/wp-json\/wp\/v2\/product"}],"about":[{"href":"https:\/\/cortecros.com\/hr\/wp-json\/wp\/v2\/types\/product"}],"wp:featuredmedia":[{"embeddable":true,"href":"https:\/\/cortecros.com\/hr\/wp-json\/wp\/v2\/media\/29608"}],"wp:attachment":[{"href":"https:\/\/cortecros.com\/hr\/wp-json\/wp\/v2\/media?parent=29607"}],"wp:term":[{"taxonomy":"product_brand","embeddable":true,"href":"https:\/\/cortecros.com\/hr\/wp-json\/wp\/v2\/product_brand?post=29607"},{"taxonomy":"product_cat","embeddable":true,"href":"https:\/\/cortecros.com\/hr\/wp-json\/wp\/v2\/product_cat?post=29607"},{"taxonomy":"product_tag","embeddable":true,"href":"https:\/\/cortecros.com\/hr\/wp-json\/wp\/v2\/product_tag?post=29607"}],"curies":[{"name":"wp","href":"https:\/\/api.w.org\/{rel}","templated":true}]}}