{"id":29610,"date":"2020-04-28T07:33:15","date_gmt":"2020-04-28T07:33:15","guid":{"rendered":"https:\/\/cortecros.com\/?post_type=product&#038;p=29610"},"modified":"2020-04-28T07:33:16","modified_gmt":"2020-04-28T07:33:16","slug":"m-530-inhibitor-korozije-na-bazi-ulja","status":"publish","type":"product","link":"https:\/\/cortecros.com\/hr\/product\/m-530-inhibitor-korozije-na-bazi-ulja\/","title":{"rendered":"M-530 Inhibitor korozije na bazi ulja"},"content":{"rendered":"<p>M-530 je inhibitor korozije na bazi ulja predvi\u0111en za kori\u0161tenje u hidrauli\u010dnim uljima i uljima za podmazivanje. M-530 je proizvod koji slu\u017ei za sprje\u010davanje korozije, te pru\u017ea za\u0161titu u radnim uvjetima kao i prilikom stajanja opreme. M-530 je vrlo u\u010dinkovit u mineralnim i sinteti\u010dkim uljima, izme\u0111u ostalog i naftenskim, izo-parafinskim i PAO (poli alfa olefini) uljima.<\/p>\n<p><a href=\"https:\/\/cortecros.com\/wp-content\/uploads\/2020\/04\/M-530.pdf\">Tehni\u010dki list proizvoda<\/a><\/p>\n","protected":false},"excerpt":{"rendered":"<p>M-530 je inhibitor korozije na bazi ulja predvi\u0111en za kori\u0161tenje u hidrauli\u010dnim uljima i uljima za podmazivanje. M-530 je proizvod koji slu\u017ei za sprje\u010davanje korozije, te pru\u017ea za\u0161titu u radnim uvjetima kao i prilikom stajanja opreme. M-530 je vrlo u\u010dinkovit u mineralnim i sinteti\u010dkim uljima, izme\u0111u ostalog i naftenskim, izo-parafinskim\u2026 <a class=\"continue-reading-link\" href=\"https:\/\/cortecros.com\/hr\/product\/m-530-inhibitor-korozije-na-bazi-ulja\/\">nastavi \u010ditati<\/a><\/p>\n","protected":false},"featured_media":29613,"template":"","meta":{"ngg_post_thumbnail":0,"_links_to":"","_links_to_target":""},"product_brand":[],"product_cat":[34],"product_tag":[],"class_list":{"0":"post-29610","1":"product","2":"type-product","3":"status-publish","4":"has-post-thumbnail","6":"product_cat-aditivi-za-ulja-obradu-voda-i-inhibitori-korozije-za-naftnu-industriju","8":"first","9":"instock","10":"shipping-taxable","11":"product-type-simple"},"_links":{"self":[{"href":"https:\/\/cortecros.com\/hr\/wp-json\/wp\/v2\/product\/29610","targetHints":{"allow":["GET"]}}],"collection":[{"href":"https:\/\/cortecros.com\/hr\/wp-json\/wp\/v2\/product"}],"about":[{"href":"https:\/\/cortecros.com\/hr\/wp-json\/wp\/v2\/types\/product"}],"wp:featuredmedia":[{"embeddable":true,"href":"https:\/\/cortecros.com\/hr\/wp-json\/wp\/v2\/media\/29613"}],"wp:attachment":[{"href":"https:\/\/cortecros.com\/hr\/wp-json\/wp\/v2\/media?parent=29610"}],"wp:term":[{"taxonomy":"product_brand","embeddable":true,"href":"https:\/\/cortecros.com\/hr\/wp-json\/wp\/v2\/product_brand?post=29610"},{"taxonomy":"product_cat","embeddable":true,"href":"https:\/\/cortecros.com\/hr\/wp-json\/wp\/v2\/product_cat?post=29610"},{"taxonomy":"product_tag","embeddable":true,"href":"https:\/\/cortecros.com\/hr\/wp-json\/wp\/v2\/product_tag?post=29610"}],"curies":[{"name":"wp","href":"https:\/\/api.w.org\/{rel}","templated":true}]}}