{"id":29942,"date":"2020-07-13T12:51:53","date_gmt":"2020-07-13T12:51:53","guid":{"rendered":"https:\/\/cortecros.com\/?post_type=product&#038;p=29942"},"modified":"2022-07-07T10:18:54","modified_gmt":"2022-07-07T10:18:54","slug":"vpci-705-bio","status":"publish","type":"product","link":"https:\/\/cortecros.com\/hr\/product\/vpci-705-bio\/","title":{"rendered":"VpCI-705 Bio"},"content":{"rendered":"<h2>Opis<\/h2>\n<p>VpCI\u00ae-705 Bio je specijalno formuliran multifunkcionalan aditiv za biodizel i ostala biogoriva. Koristi se kao inhibitor korozije, stabilizator goriva i emulgator vode za biodizelska, dizelska i benzinska goriva. VpCI-705 Bio pru\u017ea za\u0161titu od korozije, podmazivanje i elastomernu za\u0161titu. Kao stabilizator goriva, ovaj proizvod pobolj\u0161ava u\u010dinkovitost motora.<\/p>\n<p>VpCI\u00ae-705 Bio pru\u017ea izvrsnu za\u0161titu od korozije za sve uobi\u010dajene metale koji se koriste u sustavima za napajanje gorivom; uklju\u010duju\u0107i i aluminij, aluminijske i cinkove legure iz kalupa, kositrene plo\u010de, bakar, legure \u017eeljeza, lijevano \u017eeljezo i lem.<\/p>\n<p><strong>Pakiranje:<\/strong>\u00a019 l, ba\u010dva 208 l, kontejner 1040 l.<\/p>\n<p><a href=\"https:\/\/cortecros.com\/wp-content\/uploads\/2022\/07\/VpCI-705_Bio.pdf\">Tehni\u010dki list proizvoda<\/a><\/p>\n","protected":false},"excerpt":{"rendered":"<p>Opis VpCI\u00ae-705 Bio je specijalno formuliran multifunkcionalan aditiv za biodizel i ostala biogoriva. Koristi se kao inhibitor korozije, stabilizator goriva i emulgator vode za biodizelska, dizelska i benzinska goriva. VpCI-705 Bio pru\u017ea za\u0161titu od korozije, podmazivanje i elastomernu za\u0161titu. Kao stabilizator goriva, ovaj proizvod pobolj\u0161ava u\u010dinkovitost motora. VpCI\u00ae-705 Bio pru\u017ea\u2026 <a class=\"continue-reading-link\" href=\"https:\/\/cortecros.com\/hr\/product\/vpci-705-bio\/\">nastavi \u010ditati<\/a><\/p>\n","protected":false},"featured_media":29941,"template":"","meta":{"ngg_post_thumbnail":0,"_links_to":"","_links_to_target":""},"product_brand":[],"product_cat":[34],"product_tag":[],"class_list":{"0":"post-29942","1":"product","2":"type-product","3":"status-publish","4":"has-post-thumbnail","6":"product_cat-aditivi-za-ulja-obradu-voda-i-inhibitori-korozije-za-naftnu-industriju","8":"first","9":"instock","10":"shipping-taxable","11":"product-type-simple"},"_links":{"self":[{"href":"https:\/\/cortecros.com\/hr\/wp-json\/wp\/v2\/product\/29942","targetHints":{"allow":["GET"]}}],"collection":[{"href":"https:\/\/cortecros.com\/hr\/wp-json\/wp\/v2\/product"}],"about":[{"href":"https:\/\/cortecros.com\/hr\/wp-json\/wp\/v2\/types\/product"}],"wp:featuredmedia":[{"embeddable":true,"href":"https:\/\/cortecros.com\/hr\/wp-json\/wp\/v2\/media\/29941"}],"wp:attachment":[{"href":"https:\/\/cortecros.com\/hr\/wp-json\/wp\/v2\/media?parent=29942"}],"wp:term":[{"taxonomy":"product_brand","embeddable":true,"href":"https:\/\/cortecros.com\/hr\/wp-json\/wp\/v2\/product_brand?post=29942"},{"taxonomy":"product_cat","embeddable":true,"href":"https:\/\/cortecros.com\/hr\/wp-json\/wp\/v2\/product_cat?post=29942"},{"taxonomy":"product_tag","embeddable":true,"href":"https:\/\/cortecros.com\/hr\/wp-json\/wp\/v2\/product_tag?post=29942"}],"curies":[{"name":"wp","href":"https:\/\/api.w.org\/{rel}","templated":true}]}}