{"id":29955,"date":"2020-07-14T10:23:19","date_gmt":"2020-07-14T10:23:19","guid":{"rendered":"https:\/\/cortecros.com\/?post_type=product&#038;p=29955"},"modified":"2021-01-22T13:40:28","modified_gmt":"2021-01-22T13:40:28","slug":"ecoshield-vpci-380","status":"publish","type":"product","link":"https:\/\/cortecros.com\/hr\/product\/ecoshield-vpci-380\/","title":{"rendered":"Ecoshield VpCI-380"},"content":{"rendered":"<p>OPIS<br \/>\nEcoShield VpCI-380 je brzo su\u0161e\u0107i akrilni premaz na bazi vode, modificiran dodatkom fluoropolimera. Mo\u017ee se nanijeti direktno na metal. Pru\u017ea za\u0161titu na otvorenom. Proizvod je mje\u0161avina netoksi\u010dnih, organskih inhibitora koji pru\u017eaju za\u0161titu na razini konvencionalnih boja i temeljnih boja na bazi cinka. Pru\u017ea multimetalnu za\u0161titu i izvrsnu rezistentnost na UV zra\u010denje. EcoShield VpCI380 mo\u017ee se nanijeti na metale prije varenja. Dostupan je u nekoliko razli\u010ditih boja.<\/p>\n<p>PAKIRANJE I SKLADI\u0160TENJE<br \/>\nEcoShield VpCI-380 je dostupan u kantama od 19L, ba\u010dvama od 208L, IBC kontejnerima, bulk pakiranju. Sprije\u010diti smrzavanje proizvoda. Kako bi se osigurala najbolja u\u010dinkovitost proizvoda, potrebno je skladi\u0161titi u originalnom zatvorenom pakiranju, i van utjecaja direktnog sun\u010devog zra\u010denja. Optimalna temperatura skladi\u0161tenja je 4-38\u00b0C. Rok trajanja proizvoda je 1 godine.<\/p>\n<p><a href=\"https:\/\/cortecros.com\/wp-content\/uploads\/2021\/01\/EcoShield-VpCI-380-hr.pdf\">TEHNI\u010cKI LIST PROIZVODA<\/a><\/p>\n","protected":false},"excerpt":{"rendered":"<p>OPIS EcoShield VpCI-380 je brzo su\u0161e\u0107i akrilni premaz na bazi vode, modificiran dodatkom fluoropolimera. Mo\u017ee se nanijeti direktno na metal. Pru\u017ea za\u0161titu na otvorenom. Proizvod je mje\u0161avina netoksi\u010dnih, organskih inhibitora koji pru\u017eaju za\u0161titu na razini konvencionalnih boja i temeljnih boja na bazi cinka. Pru\u017ea multimetalnu za\u0161titu i izvrsnu rezistentnost na\u2026 <a class=\"continue-reading-link\" href=\"https:\/\/cortecros.com\/hr\/product\/ecoshield-vpci-380\/\">nastavi \u010ditati<\/a><\/p>\n","protected":false},"featured_media":17310,"template":"","meta":{"ngg_post_thumbnail":0,"_links_to":"","_links_to_target":""},"product_brand":[],"product_cat":[36],"product_tag":[],"class_list":{"0":"post-29955","1":"product","2":"type-product","3":"status-publish","4":"has-post-thumbnail","6":"product_cat-vpci-premazi-za-antikorozivnu-zastitu-i-konzervaciju-metala","8":"first","9":"instock","10":"shipping-taxable","11":"product-type-simple"},"_links":{"self":[{"href":"https:\/\/cortecros.com\/hr\/wp-json\/wp\/v2\/product\/29955","targetHints":{"allow":["GET"]}}],"collection":[{"href":"https:\/\/cortecros.com\/hr\/wp-json\/wp\/v2\/product"}],"about":[{"href":"https:\/\/cortecros.com\/hr\/wp-json\/wp\/v2\/types\/product"}],"wp:featuredmedia":[{"embeddable":true,"href":"https:\/\/cortecros.com\/hr\/wp-json\/wp\/v2\/media\/17310"}],"wp:attachment":[{"href":"https:\/\/cortecros.com\/hr\/wp-json\/wp\/v2\/media?parent=29955"}],"wp:term":[{"taxonomy":"product_brand","embeddable":true,"href":"https:\/\/cortecros.com\/hr\/wp-json\/wp\/v2\/product_brand?post=29955"},{"taxonomy":"product_cat","embeddable":true,"href":"https:\/\/cortecros.com\/hr\/wp-json\/wp\/v2\/product_cat?post=29955"},{"taxonomy":"product_tag","embeddable":true,"href":"https:\/\/cortecros.com\/hr\/wp-json\/wp\/v2\/product_tag?post=29955"}],"curies":[{"name":"wp","href":"https:\/\/api.w.org\/{rel}","templated":true}]}}