{"id":29956,"date":"2020-07-14T12:45:32","date_gmt":"2020-07-14T12:45:32","guid":{"rendered":"https:\/\/cortecros.com\/?post_type=product&#038;p=29956"},"modified":"2023-10-06T13:10:35","modified_gmt":"2023-10-06T13:10:35","slug":"ecoshield-vpci-386","status":"publish","type":"product","link":"https:\/\/cortecros.com\/hr\/product\/ecoshield-vpci-386\/","title":{"rendered":"EcoShield VpCI-386"},"content":{"rendered":"<p><strong>OPIS<\/strong><br \/>\nEcoShield VpCI-386 je brzo su\u0161e\u0107i akrilni premaz na bazi vode. EcoShield VpCI-386 akrilni premaz primjenjuje se kao temeljni i zavr\u0161ni premaz u za\u0161titi od korozije na otvorenom, poluotvorenom ili natkritom prostoru. Proizvod je mje\u0161avina netoksi\u010dnih, organskih inhibitora koji pru\u017eaju za\u0161titu na razini konvencionalnih boja i primera na bazi cinka. Pru\u017ea multimetalnu za\u0161titu i izvrsnu otpornost na UV zra\u010denje. EcoShield VpCI-386 se mo\u017ee nanijeti na metale prije varenja. Dostupan je u nekoliko razli\u010ditih boja. Zadovoljava NSN 8030-01-481-8897 (samo bezbojna verzija).<\/p>\n<p><strong>PAKIRANJE I SKLADI\u0160TENJE<\/strong><br \/>\nEcoShield VpCI-386 je dostupan u kantama od 19L, ba\u010dvama od 208L, IBC kontejnerima, bulk pakiranju. Sprije\u010diti smrzavanje proizvoda. Kako bi se osigurala najbolja u\u010dinkovitost proizvoda,<br \/>\npotrebno je skladi\u0161titi u originalnom pakiranju, u zatvorenom i van utjecaja direktnog Sun\u010devog zra\u010denja. Optimalna temperatura skladi\u0161tenja je 4-38\u00b0C. Rok trajanja proizvoda je 1 godine.<\/p>\n<p><a href=\"https:\/\/cortecros.com\/wp-content\/uploads\/2023\/10\/EcoShield-VpCI-386-v3.pdf\">Tehni\u010dki list proizvoda<\/a><\/p>\n<p>&nbsp;<\/p>\n","protected":false},"excerpt":{"rendered":"<p>OPIS EcoShield VpCI-386 je brzo su\u0161e\u0107i akrilni premaz na bazi vode. EcoShield VpCI-386 akrilni premaz primjenjuje se kao temeljni i zavr\u0161ni premaz u za\u0161titi od korozije na otvorenom, poluotvorenom ili natkritom prostoru. Proizvod je mje\u0161avina netoksi\u010dnih, organskih inhibitora koji pru\u017eaju za\u0161titu na razini konvencionalnih boja i primera na bazi cinka.\u2026 <a class=\"continue-reading-link\" href=\"https:\/\/cortecros.com\/hr\/product\/ecoshield-vpci-386\/\">nastavi \u010ditati<\/a><\/p>\n","protected":false},"featured_media":17310,"template":"","meta":{"ngg_post_thumbnail":0,"_links_to":"","_links_to_target":""},"product_brand":[],"product_cat":[36],"product_tag":[],"class_list":{"0":"post-29956","1":"product","2":"type-product","3":"status-publish","4":"has-post-thumbnail","6":"product_cat-vpci-premazi-za-antikorozivnu-zastitu-i-konzervaciju-metala","8":"first","9":"instock","10":"shipping-taxable","11":"product-type-simple"},"_links":{"self":[{"href":"https:\/\/cortecros.com\/hr\/wp-json\/wp\/v2\/product\/29956","targetHints":{"allow":["GET"]}}],"collection":[{"href":"https:\/\/cortecros.com\/hr\/wp-json\/wp\/v2\/product"}],"about":[{"href":"https:\/\/cortecros.com\/hr\/wp-json\/wp\/v2\/types\/product"}],"wp:featuredmedia":[{"embeddable":true,"href":"https:\/\/cortecros.com\/hr\/wp-json\/wp\/v2\/media\/17310"}],"wp:attachment":[{"href":"https:\/\/cortecros.com\/hr\/wp-json\/wp\/v2\/media?parent=29956"}],"wp:term":[{"taxonomy":"product_brand","embeddable":true,"href":"https:\/\/cortecros.com\/hr\/wp-json\/wp\/v2\/product_brand?post=29956"},{"taxonomy":"product_cat","embeddable":true,"href":"https:\/\/cortecros.com\/hr\/wp-json\/wp\/v2\/product_cat?post=29956"},{"taxonomy":"product_tag","embeddable":true,"href":"https:\/\/cortecros.com\/hr\/wp-json\/wp\/v2\/product_tag?post=29956"}],"curies":[{"name":"wp","href":"https:\/\/api.w.org\/{rel}","templated":true}]}}