{"id":29995,"date":"2020-07-31T07:43:16","date_gmt":"2020-07-31T07:43:16","guid":{"rendered":"https:\/\/cortecros.com\/?post_type=product&#038;p=29995"},"modified":"2020-07-31T07:43:17","modified_gmt":"2020-07-31T07:43:17","slug":"vpci-148-papir-sa-inhibitorom-korozije-rezistentan-na-masnoce","status":"publish","type":"product","link":"https:\/\/cortecros.com\/hr\/product\/vpci-148-papir-sa-inhibitorom-korozije-rezistentan-na-masnoce\/","title":{"rendered":"VpCI-148 Papir sa inhibitorom korozije, rezistentan na masno\u0107e"},"content":{"rendered":"<h3>OPIS PROIZVODA<\/h3>\n<p>Cortec\u00ae VpCI\u00ae-148 je papir sa inhibitorom korozije koji je rezistentan na masno\u0107e. Ovaj proizvod pru\u017ea svojstvo inhibicije korozije, kao i otpornost na masti, ulja i otapala. Za razliku od vo\u0161tanih papira i papira premazanih polimerima koji pridonose zaga\u0111enju okoli\u0161a, VpCI-148 sadr\u017ei premaz na biolo\u0161koj bazi i u potpunosti se mo\u017ee reciklirati ili pulpirati. Cortec\u00ae VpCI\u00ae-148 papir je izra\u0111en od neutralnog, prirodnog Kraft papira i bez fluoriranih kemikalija i pru\u017ea alternativu, prihvatljivu za okoli\u0161, standardnim papirima otpornim na masno\u0107e.<\/p>\n<h3>SVOJSTVA<\/h3>\n<ul>\n<li>Rezistentan na masti, ulja i otapala<\/li>\n<li>Ulje se ne apsorbira na papir, ve\u0107 ostaje zadr\u017eano na povr\u0161ini metala<\/li>\n<li>Kori\u0161tenjem ne stvara opasan otpad kao tipi\u010dni vo\u0161tani papiri i ostali papiri otporni na masti<\/li>\n<li>\u0160titi crne i obojene metale<\/li>\n<li>Izra\u0111en od materijala na biolo\u0161koj bazi<\/li>\n<li>Bez fluoriranih kemikalija, nitrita, fosfata, silikona, kromata i ostalih te\u0161kih metala<\/li>\n<li>Mo\u017ee se u potpunosti reciklirati ili pulpirati<\/li>\n<li>3M kit ocjena &#8211; 9<\/li>\n<li>\u0160titi suhe ili nauljene metale od vlage, SO<sub>2<\/sub>, H<sub>2<\/sub>S, i galvanske korozije tijekom skladi\u0161tenja, tranzita i transporta vodenim putevima<\/li>\n<\/ul>\n<h3>VELI\u010cINE<\/h3>\n<p>Proizvod je dostupan u razli\u010ditim veli\u010dinama i oblicima, prema zahtjevima kupca.<\/p>\n<p><a href=\"https:\/\/cortecros.com\/wp-content\/uploads\/2020\/07\/VpCI-148_Paper-HR.pdf\">TEHNI\u010cKI LIST PROIZVODA<\/a><\/p>\n","protected":false},"excerpt":{"rendered":"<p>OPIS PROIZVODA Cortec\u00ae VpCI\u00ae-148 je papir sa inhibitorom korozije koji je rezistentan na masno\u0107e. Ovaj proizvod pru\u017ea svojstvo inhibicije korozije, kao i otpornost na masti, ulja i otapala. Za razliku od vo\u0161tanih papira i papira premazanih polimerima koji pridonose zaga\u0111enju okoli\u0161a, VpCI-148 sadr\u017ei premaz na biolo\u0161koj bazi i u potpunosti\u2026 <a class=\"continue-reading-link\" href=\"https:\/\/cortecros.com\/hr\/product\/vpci-148-papir-sa-inhibitorom-korozije-rezistentan-na-masnoce\/\">nastavi \u010ditati<\/a><\/p>\n","protected":false},"featured_media":29996,"template":"","meta":{"ngg_post_thumbnail":0,"_links_to":"","_links_to_target":""},"product_brand":[],"product_cat":[38],"product_tag":[],"class_list":{"0":"post-29995","1":"product","2":"type-product","3":"status-publish","4":"has-post-thumbnail","6":"product_cat-vpci-proizvodi-za-pakiranje-i-konzervaciju","8":"first","9":"instock","10":"shipping-taxable","11":"product-type-simple"},"_links":{"self":[{"href":"https:\/\/cortecros.com\/hr\/wp-json\/wp\/v2\/product\/29995","targetHints":{"allow":["GET"]}}],"collection":[{"href":"https:\/\/cortecros.com\/hr\/wp-json\/wp\/v2\/product"}],"about":[{"href":"https:\/\/cortecros.com\/hr\/wp-json\/wp\/v2\/types\/product"}],"wp:featuredmedia":[{"embeddable":true,"href":"https:\/\/cortecros.com\/hr\/wp-json\/wp\/v2\/media\/29996"}],"wp:attachment":[{"href":"https:\/\/cortecros.com\/hr\/wp-json\/wp\/v2\/media?parent=29995"}],"wp:term":[{"taxonomy":"product_brand","embeddable":true,"href":"https:\/\/cortecros.com\/hr\/wp-json\/wp\/v2\/product_brand?post=29995"},{"taxonomy":"product_cat","embeddable":true,"href":"https:\/\/cortecros.com\/hr\/wp-json\/wp\/v2\/product_cat?post=29995"},{"taxonomy":"product_tag","embeddable":true,"href":"https:\/\/cortecros.com\/hr\/wp-json\/wp\/v2\/product_tag?post=29995"}],"curies":[{"name":"wp","href":"https:\/\/api.w.org\/{rel}","templated":true}]}}