{"id":30817,"date":"2017-05-22T16:31:54","date_gmt":"2017-05-22T16:31:54","guid":{"rendered":"https:\/\/cortecros.com\/product\/ecoshield-reciklabilni-omotni-papir-i-linearna-obloga\/"},"modified":"2021-01-05T14:43:08","modified_gmt":"2021-01-05T14:43:08","slug":"ecoshield-reciklabilni-omotni-papir-i-linearna-obloga","status":"publish","type":"product","link":"https:\/\/cortecros.com\/hr\/product\/ecoshield-reciklabilni-omotni-papir-i-linearna-obloga\/","title":{"rendered":"EcoShield\u00ae reciklabilni omotni papir i linearna obloga"},"content":{"rendered":"<p>EcoShield\u00ae papir vrhunski je omotni papir za za\u0161titu od vlage koji se mo\u017ee reciklirati i ponovno preraditi u celulozu. Oblo\u017een je za\u0161titnim premazom na bazi vode koji je otporan na<br \/>\nvlagu, masno\u0107u i ulje. Dostupan je i kao linearna obloga.<\/p>\n<p>Povijesno gledano, polietilenski i vo\u0161tani premazi upotrebljavali su se za premazivanje poroznog papira kako bi se stvorila za\u0161tita od vlage i\/ili sprije\u010dilo prodiranje vlage\/pare. Takav premaz<br \/>\nna nastalom papirnatom proizvodu nije pogodan za okoli\u0161 i ne mo\u017ee se reciklirati uobi\u010dajenim kanalima. EcoShield\u00ae papir daje konkurentnu ekolo\u0161ku alternativu polietilenskom i vo\u0161tanom<br \/>\npapiru, s usporedivim svojstvima za\u0161tite od vodene pare.<br \/>\nPotpuno se mo\u017ee ponovno preraditi u celulozu za druge vrste papirnatih proizvoda, poput kutija, kartona i drugih valovitih materijala.<\/p>\n<p>Pakiranje: Standardno role i prema narud\u017ebi<\/p>\n<p>Tehni\u010dki list proizvoda (TLP)<\/p>\n<p><a href=\"https:\/\/www.cortecvci.com\/whats_new\/announcements\/EcoShield_papir_HR-02.pdf\">EcoShield papir<\/a><\/p>\n","protected":false},"excerpt":{"rendered":"<p>EcoShield\u00ae papir vrhunski je omotni papir za za\u0161titu od vlage koji se mo\u017ee reciklirati i ponovno preraditi u celulozu. Oblo\u017een je za\u0161titnim premazom na bazi vode koji je otporan na vlagu, masno\u0107u i ulje. Dostupan je i kao linearna obloga. Povijesno gledano, polietilenski i vo\u0161tani premazi upotrebljavali su se za\u2026 <a class=\"continue-reading-link\" href=\"https:\/\/cortecros.com\/hr\/product\/ecoshield-reciklabilni-omotni-papir-i-linearna-obloga\/\">nastavi \u010ditati<\/a><\/p>\n","protected":false},"featured_media":30819,"template":"","meta":{"ngg_post_thumbnail":0,"_links_to":"","_links_to_target":""},"product_brand":[],"product_cat":[38,43],"product_tag":[],"class_list":{"0":"post-30817","1":"product","2":"type-product","3":"status-publish","4":"has-post-thumbnail","6":"product_cat-vpci-proizvodi-za-pakiranje-i-konzervaciju","7":"product_cat-eco-line-proizvodi-sprejevi","9":"first","10":"instock","11":"shipping-taxable","12":"product-type-simple"},"_links":{"self":[{"href":"https:\/\/cortecros.com\/hr\/wp-json\/wp\/v2\/product\/30817","targetHints":{"allow":["GET"]}}],"collection":[{"href":"https:\/\/cortecros.com\/hr\/wp-json\/wp\/v2\/product"}],"about":[{"href":"https:\/\/cortecros.com\/hr\/wp-json\/wp\/v2\/types\/product"}],"wp:featuredmedia":[{"embeddable":true,"href":"https:\/\/cortecros.com\/hr\/wp-json\/wp\/v2\/media\/30819"}],"wp:attachment":[{"href":"https:\/\/cortecros.com\/hr\/wp-json\/wp\/v2\/media?parent=30817"}],"wp:term":[{"taxonomy":"product_brand","embeddable":true,"href":"https:\/\/cortecros.com\/hr\/wp-json\/wp\/v2\/product_brand?post=30817"},{"taxonomy":"product_cat","embeddable":true,"href":"https:\/\/cortecros.com\/hr\/wp-json\/wp\/v2\/product_cat?post=30817"},{"taxonomy":"product_tag","embeddable":true,"href":"https:\/\/cortecros.com\/hr\/wp-json\/wp\/v2\/product_tag?post=30817"}],"curies":[{"name":"wp","href":"https:\/\/api.w.org\/{rel}","templated":true}]}}