{"id":30853,"date":"2021-01-21T07:28:36","date_gmt":"2021-01-21T07:28:36","guid":{"rendered":"https:\/\/cortecros.com\/?post_type=product&#038;p=30853"},"modified":"2021-01-21T07:31:23","modified_gmt":"2021-01-21T07:31:23","slug":"vpci-322-d","status":"publish","type":"product","link":"https:\/\/cortecros.com\/hr\/product\/vpci-322-d\/","title":{"rendered":"VpCI-322 D"},"content":{"rendered":"<h3>OPIS PROIZVODA<\/h3>\n<p>VpCI\u00ae-322 D je proizvod na bazi ulja koji pru\u017ea svojstva za\u0161tite od korozije. VpCI\u00ae-322 D pru\u017ea izvrsnu za\u0161titu od korozije u zatvorenom i u uvjetima na otvorenom. Uljno topivi inhibitori korozije prvo stvaraju uljni sloj koji prianja za povr\u0161inu metala i pru\u017ea izvrsnu za\u0161titu od korozije. Pored stvaranja za\u0161titnog sloja VpCI\u00ae-322 D sadr\u017ei isparavaju\u0107e inhibitore korozije, koji prianjaju za metalne povr\u0161ine i pru\u017eaju dodatnu za\u0161titu od korozije.<\/p>\n<h3>ZA\u0160TITA METALA<\/h3>\n<ul>\n<li>Uglji\u010dni \u010delik<\/li>\n<li>Bakar<\/li>\n<li>Nehr\u0111aju\u0107i \u010delik<\/li>\n<li>Kadmij<\/li>\n<li>Galvanizirani \u010delik<\/li>\n<li>Magnezij<\/li>\n<li>Aluminij<\/li>\n<li>Srebro<\/li>\n<li>Mjed<\/li>\n<li>Cink<\/li>\n<\/ul>\n<p><a href=\"https:\/\/cortecros.com\/wp-content\/uploads\/2021\/01\/VpCI-322-D-hr.pdf\">Tehni\u010dki list proizvoda<\/a><\/p>\n","protected":false},"excerpt":{"rendered":"<p>OPIS PROIZVODA VpCI\u00ae-322 D je proizvod na bazi ulja koji pru\u017ea svojstva za\u0161tite od korozije. VpCI\u00ae-322 D pru\u017ea izvrsnu za\u0161titu od korozije u zatvorenom i u uvjetima na otvorenom. Uljno topivi inhibitori korozije prvo stvaraju uljni sloj koji prianja za povr\u0161inu metala i pru\u017ea izvrsnu za\u0161titu od korozije. Pored stvaranja\u2026 <a class=\"continue-reading-link\" href=\"https:\/\/cortecros.com\/hr\/product\/vpci-322-d\/\">nastavi \u010ditati<\/a><\/p>\n","protected":false},"featured_media":30858,"template":"","meta":{"ngg_post_thumbnail":0,"_links_to":"","_links_to_target":""},"product_brand":[],"product_cat":[35,94],"product_tag":[],"class_list":{"0":"post-30853","1":"product","2":"type-product","3":"status-publish","4":"has-post-thumbnail","6":"product_cat-vpci-proizvodi-za-obradu-metala","7":"product_cat-vpci-proizvodi-za-obradu-metala-hr","9":"first","10":"instock","11":"shipping-taxable","12":"product-type-simple"},"_links":{"self":[{"href":"https:\/\/cortecros.com\/hr\/wp-json\/wp\/v2\/product\/30853","targetHints":{"allow":["GET"]}}],"collection":[{"href":"https:\/\/cortecros.com\/hr\/wp-json\/wp\/v2\/product"}],"about":[{"href":"https:\/\/cortecros.com\/hr\/wp-json\/wp\/v2\/types\/product"}],"wp:featuredmedia":[{"embeddable":true,"href":"https:\/\/cortecros.com\/hr\/wp-json\/wp\/v2\/media\/30858"}],"wp:attachment":[{"href":"https:\/\/cortecros.com\/hr\/wp-json\/wp\/v2\/media?parent=30853"}],"wp:term":[{"taxonomy":"product_brand","embeddable":true,"href":"https:\/\/cortecros.com\/hr\/wp-json\/wp\/v2\/product_brand?post=30853"},{"taxonomy":"product_cat","embeddable":true,"href":"https:\/\/cortecros.com\/hr\/wp-json\/wp\/v2\/product_cat?post=30853"},{"taxonomy":"product_tag","embeddable":true,"href":"https:\/\/cortecros.com\/hr\/wp-json\/wp\/v2\/product_tag?post=30853"}],"curies":[{"name":"wp","href":"https:\/\/api.w.org\/{rel}","templated":true}]}}