{"id":30909,"date":"2021-02-01T08:09:57","date_gmt":"2021-02-01T08:09:57","guid":{"rendered":"https:\/\/cortecros.com\/?post_type=product&#038;p=30909"},"modified":"2022-01-03T13:24:57","modified_gmt":"2022-01-03T13:24:57","slug":"corshield-vpci-369-privremeni-premaz-na-bazi-ulja","status":"publish","type":"product","link":"https:\/\/cortecros.com\/hr\/product\/corshield-vpci-369-privremeni-premaz-na-bazi-ulja\/","title":{"rendered":"CorShield VpCI-369 Privremeni premaz na bazi ulja"},"content":{"rendered":"<h3>CorShield VpCI-369 Privremeni premaz na bazi ulja<\/h3>\n<p><span class=\"fontstyle0\"><strong>OPIS<\/strong><br \/>\n<\/span><span class=\"fontstyle1\">CorShield VpCI-369 je privremeni premaz na bazi ulja koji pru\u017ea u\u010dinkoviti za\u0161titu od korozije u agresivnim atmosferama.<\/span><\/p>\n<p><span class=\"fontstyle1\"><strong>Zadovoljava<\/strong>:<\/span><\/p>\n<p><span class=\"fontstyle1\">MIL-PRF-16173E (Klasa 2); NSN 8030-00-244-1295, 244-1297,244-1298,01-149-1731.<br \/>\n<\/span><\/p>\n<p><span class=\"fontstyle1\"><strong>UFI<\/strong>: 1KTX-A14E-NU18-EAEC<br \/>\n<\/span><\/p>\n<p><span class=\"fontstyle0\"><strong>PAKIRANJE I SKLADI\u0160TENJE<\/strong><br \/>\n<\/span><span class=\"fontstyle1\">CorShield VpCI-369 je dostupan u kanistrima od 19L, ba\u010dvama od 208L, IBC kontejnerima, bulk pakiranju, kao i u sprej bocama (213 g). <\/span><\/p>\n<p><span class=\"fontstyle1\">Kako bi se osigurala najbolja u\u010dinkovitost proizvoda, potrebno je skladi\u0161titi u originalnom pakiranju, u zatvorenom i van utjecaja direktnog sun\u010devog svijetla.<br \/>\nOptimalna temperatura skladi\u0161tenja je 4-38\u00b0C. Rok trajanja proizvoda je 2 godine.<\/span><\/p>\n<p><a href=\"https:\/\/cortecros.com\/wp-content\/uploads\/2021\/02\/CorShield-VpCI-369-hr-1.pdf\">Tehni\u010dki list proizvoda<\/a><\/p>\n","protected":false},"excerpt":{"rendered":"<p>CorShield VpCI-369 Privremeni premaz na bazi ulja OPIS CorShield VpCI-369 je privremeni premaz na bazi ulja koji pru\u017ea u\u010dinkoviti za\u0161titu od korozije u agresivnim atmosferama. Zadovoljava: MIL-PRF-16173E (Klasa 2); NSN 8030-00-244-1295, 244-1297,244-1298,01-149-1731. UFI: 1KTX-A14E-NU18-EAEC PAKIRANJE I SKLADI\u0160TENJE CorShield VpCI-369 je dostupan u kanistrima od 19L, ba\u010dvama od 208L, IBC kontejnerima,\u2026 <a class=\"continue-reading-link\" href=\"https:\/\/cortecros.com\/hr\/product\/corshield-vpci-369-privremeni-premaz-na-bazi-ulja\/\">nastavi \u010ditati<\/a><\/p>\n","protected":false},"featured_media":17310,"template":"","meta":{"ngg_post_thumbnail":0,"_links_to":"","_links_to_target":""},"product_brand":[],"product_cat":[36],"product_tag":[],"class_list":{"0":"post-30909","1":"product","2":"type-product","3":"status-publish","4":"has-post-thumbnail","6":"product_cat-vpci-premazi-za-antikorozivnu-zastitu-i-konzervaciju-metala","8":"first","9":"instock","10":"shipping-taxable","11":"product-type-simple"},"_links":{"self":[{"href":"https:\/\/cortecros.com\/hr\/wp-json\/wp\/v2\/product\/30909","targetHints":{"allow":["GET"]}}],"collection":[{"href":"https:\/\/cortecros.com\/hr\/wp-json\/wp\/v2\/product"}],"about":[{"href":"https:\/\/cortecros.com\/hr\/wp-json\/wp\/v2\/types\/product"}],"wp:featuredmedia":[{"embeddable":true,"href":"https:\/\/cortecros.com\/hr\/wp-json\/wp\/v2\/media\/17310"}],"wp:attachment":[{"href":"https:\/\/cortecros.com\/hr\/wp-json\/wp\/v2\/media?parent=30909"}],"wp:term":[{"taxonomy":"product_brand","embeddable":true,"href":"https:\/\/cortecros.com\/hr\/wp-json\/wp\/v2\/product_brand?post=30909"},{"taxonomy":"product_cat","embeddable":true,"href":"https:\/\/cortecros.com\/hr\/wp-json\/wp\/v2\/product_cat?post=30909"},{"taxonomy":"product_tag","embeddable":true,"href":"https:\/\/cortecros.com\/hr\/wp-json\/wp\/v2\/product_tag?post=30909"}],"curies":[{"name":"wp","href":"https:\/\/api.w.org\/{rel}","templated":true}]}}