{"id":30979,"date":"2021-02-12T12:42:04","date_gmt":"2021-02-12T12:42:04","guid":{"rendered":"https:\/\/cortecros.com\/?post_type=product&#038;p=30979"},"modified":"2021-02-12T12:42:05","modified_gmt":"2021-02-12T12:42:05","slug":"ecoshield-zastitni-premaz-za-papir-i-karton","status":"publish","type":"product","link":"https:\/\/cortecros.com\/hr\/product\/ecoshield-zastitni-premaz-za-papir-i-karton\/","title":{"rendered":"EcoShield za\u0161titni premaz za papir i karton"},"content":{"rendered":"<p>OPIS<br \/>\nEcoShield\u00ae za\u0161titni premaz je proizvod na bazi vode koji ne utje\u010de na u\u010dinkovitost recikla\u017ee i pulpiranja ambala\u017ee na koju je nanesen, te na taj na\u010din potpuno uklanja potrebu za standardnim vo\u0161tanim ili polietilenskim papirom. Ecoshield se tako\u0111er mo\u017ee nanijeti na natronski i reciklirani papir kako bi se sprije\u010dilo vezanje one\u010di\u0161\u0107enja na povr\u0161inu papira koja bi kasnije mogla uzrokovati koroziju. Ecoshield se tako\u0111er mo\u017ee koristiti na pregradnim dijelovima kartona kako bi se stvorila hidrofobna barijera. Ecoshield tako\u0111er pru\u017ea izvrsnu otpornost na ulja i masti.<br \/>\nTradicionalno se koristi polietilen i vosak kako bi se porozni papirni i kartonski materijal za\u0161titio od utjecaja vlage i vodene pare. Tako tretirani papirni materijal predstavlja zna\u010dajan ekolo\u0161ki problem jer se ne mo\u017ee reciklirati standardnim metodama.<\/p>\n<p>PAKIRANJE I SKLADI\u0160TENJE<br \/>\nEcoShield\u00ae za\u0161titni premaz dostupan je u kanistrima od 19 L, ba\u010dvama od 208 L, IBC kontejnerima i rinfuzi. Dobro promije\u0161ati prije primjene.<br \/>\nSkladi\u0161titi u originalnom pakiranju, u zatvorenom, van direktne sun\u010deve svijetlosti na 4-38 \u00b0C.<br \/>\nRok trajanja: 1 godina.<\/p>\n<p><a href=\"https:\/\/cortecros.com\/wp-content\/uploads\/2021\/02\/EcoShield_Barrier_Coating_for_Paper-PDS.pdf\">Tehni\u010dki list proizvoda<\/a><\/p>\n","protected":false},"excerpt":{"rendered":"<p>OPIS EcoShield\u00ae za\u0161titni premaz je proizvod na bazi vode koji ne utje\u010de na u\u010dinkovitost recikla\u017ee i pulpiranja ambala\u017ee na koju je nanesen, te na taj na\u010din potpuno uklanja potrebu za standardnim vo\u0161tanim ili polietilenskim papirom. Ecoshield se tako\u0111er mo\u017ee nanijeti na natronski i reciklirani papir kako bi se sprije\u010dilo vezanje\u2026 <a class=\"continue-reading-link\" href=\"https:\/\/cortecros.com\/hr\/product\/ecoshield-zastitni-premaz-za-papir-i-karton\/\">nastavi \u010ditati<\/a><\/p>\n","protected":false},"featured_media":30819,"template":"","meta":{"ngg_post_thumbnail":0,"_links_to":"","_links_to_target":""},"product_brand":[],"product_cat":[38],"product_tag":[],"class_list":{"0":"post-30979","1":"product","2":"type-product","3":"status-publish","4":"has-post-thumbnail","6":"product_cat-vpci-proizvodi-za-pakiranje-i-konzervaciju","8":"first","9":"instock","10":"shipping-taxable","11":"product-type-simple"},"_links":{"self":[{"href":"https:\/\/cortecros.com\/hr\/wp-json\/wp\/v2\/product\/30979","targetHints":{"allow":["GET"]}}],"collection":[{"href":"https:\/\/cortecros.com\/hr\/wp-json\/wp\/v2\/product"}],"about":[{"href":"https:\/\/cortecros.com\/hr\/wp-json\/wp\/v2\/types\/product"}],"wp:featuredmedia":[{"embeddable":true,"href":"https:\/\/cortecros.com\/hr\/wp-json\/wp\/v2\/media\/30819"}],"wp:attachment":[{"href":"https:\/\/cortecros.com\/hr\/wp-json\/wp\/v2\/media?parent=30979"}],"wp:term":[{"taxonomy":"product_brand","embeddable":true,"href":"https:\/\/cortecros.com\/hr\/wp-json\/wp\/v2\/product_brand?post=30979"},{"taxonomy":"product_cat","embeddable":true,"href":"https:\/\/cortecros.com\/hr\/wp-json\/wp\/v2\/product_cat?post=30979"},{"taxonomy":"product_tag","embeddable":true,"href":"https:\/\/cortecros.com\/hr\/wp-json\/wp\/v2\/product_tag?post=30979"}],"curies":[{"name":"wp","href":"https:\/\/api.w.org\/{rel}","templated":true}]}}