{"id":30999,"date":"2021-02-19T07:20:49","date_gmt":"2021-02-19T07:20:49","guid":{"rendered":"http:\/\/cortecros.com\/?post_type=product&#038;p=30999"},"modified":"2021-02-19T07:20:49","modified_gmt":"2021-02-19T07:20:49","slug":"biosurf","status":"publish","type":"product","link":"https:\/\/cortecros.com\/hr\/product\/biosurf\/","title":{"rendered":"Biosurf"},"content":{"rendered":"<p>BIOSURFAKTANT \u2013JAKI BIOSTIMULANT U FUNKCIJI UBRZANJA BIODEGRADACIJE<\/p>\n<p>OPIS PROIZVODA<br \/>\nBiosurf se sastoji od biosurfaktanata ekstraktiranih iz biljaka. Odli\u010dna je netoksi\u010dna zamjena za sinteti\u010dke surfaktante i disperzante. Nanosi se sprejanjem po naftnim mrljama na povr\u0161ini vode ili tla i ubrzava prirodnu disperziju i biodegradaciju. Ovaj proizvod sadr\u017ei molekule koje imaju afinitet za dvije razli\u010dite teku\u0107ine koje ne idu zajedno, napadaju\u0107i povr\u0161insku napetost me\u0111u njima. Jedan dio molekula privla\u010di ulje, a drugi privla\u010di vodu. To poja\u010dava prisutnost mikroroganizama koji \u0107e biorazgraditi ostatke zaga\u0111enja.<\/p>\n<p>SPECIFIKACIJA<br \/>\nOpis: Tamno sme\u0107kasta teku\u0107ina<br \/>\nPakiranje: 4 x 4L, 20,37 kg,208,82 kg, prema \u017eelji kupaca<br \/>\nGusto\u0107a: 1.10-1.30 g\/mL<br \/>\npH: 3.5.-5.5<br \/>\nSadr\u017eaj hranjivih tvari: tragovi elemenata poput kalcija, \u017eeljeza, du\u0161ika, bora, mangana, fosfora, kalija.<\/p>\n<p>SKLADI\u0160TENJE I RUKOVANJE<br \/>\n\u010cuvati na hladnom mjestu. Ne piti. Izbjegavati kontakt s o\u010dima. Vidjeti STL. Bionetix\u00ae se ne\u0107e smatrati odgovornim za pitanja kvalitete nakon 6 mjese\u010dnog skladi\u0161tenja.<\/p>\n<p>APPLIKACIJA<br \/>\nBIOSURF se treba razrijediti u omjeru 1:9 s vodom i aplicirati u omjeru 10 L na 100 m2 povr\u0161ine bez obzira da li se radi o naftnim mrljama na vodi ili obali. Za bioremedijaciju tla proizvod se mo\u017ee ubrizgati u zaga\u0111ena podru\u010dja. Za bolje rezultate koristiti BIOSURF sa BCP35S ili BCP35M ovisno o primjeni na tlu ili vodi. BCP mikrobiolo\u0161ki proizvod mo\u017ee se razrijediti u BIOSUFR-u 24 sata prije aplikacije da bi do\u0161lo do aktivacije spora. Za vi\u0161e informacija kontaktirati va\u0161eg BIONETIX predstavnika.<\/p>\n<p><a href=\"https:\/\/cortecros.com\/wp-content\/uploads\/2021\/02\/BioSurf.pdf\">TEHNI\u010cKI LIST PROIZVODA<\/a><\/p>\n","protected":false},"excerpt":{"rendered":"<p>BIOSURFAKTANT \u2013JAKI BIOSTIMULANT U FUNKCIJI UBRZANJA BIODEGRADACIJE OPIS PROIZVODA Biosurf se sastoji od biosurfaktanata ekstraktiranih iz biljaka. Odli\u010dna je netoksi\u010dna zamjena za sinteti\u010dke surfaktante i disperzante. Nanosi se sprejanjem po naftnim mrljama na povr\u0161ini vode ili tla i ubrzava prirodnu disperziju i biodegradaciju. Ovaj proizvod sadr\u017ei molekule koje imaju afinitet\u2026 <a class=\"continue-reading-link\" href=\"https:\/\/cortecros.com\/hr\/product\/biosurf\/\">nastavi \u010ditati<\/a><\/p>\n","protected":false},"featured_media":31000,"template":"","meta":{"ngg_post_thumbnail":0,"_links_to":"","_links_to_target":""},"product_brand":[],"product_cat":[111],"product_tag":[],"class_list":{"0":"post-30999","1":"product","2":"type-product","3":"status-publish","4":"has-post-thumbnail","6":"product_cat-biostimulansi","8":"first","9":"instock","10":"shipping-taxable","11":"product-type-simple"},"_links":{"self":[{"href":"https:\/\/cortecros.com\/hr\/wp-json\/wp\/v2\/product\/30999","targetHints":{"allow":["GET"]}}],"collection":[{"href":"https:\/\/cortecros.com\/hr\/wp-json\/wp\/v2\/product"}],"about":[{"href":"https:\/\/cortecros.com\/hr\/wp-json\/wp\/v2\/types\/product"}],"wp:featuredmedia":[{"embeddable":true,"href":"https:\/\/cortecros.com\/hr\/wp-json\/wp\/v2\/media\/31000"}],"wp:attachment":[{"href":"https:\/\/cortecros.com\/hr\/wp-json\/wp\/v2\/media?parent=30999"}],"wp:term":[{"taxonomy":"product_brand","embeddable":true,"href":"https:\/\/cortecros.com\/hr\/wp-json\/wp\/v2\/product_brand?post=30999"},{"taxonomy":"product_cat","embeddable":true,"href":"https:\/\/cortecros.com\/hr\/wp-json\/wp\/v2\/product_cat?post=30999"},{"taxonomy":"product_tag","embeddable":true,"href":"https:\/\/cortecros.com\/hr\/wp-json\/wp\/v2\/product_tag?post=30999"}],"curies":[{"name":"wp","href":"https:\/\/api.w.org\/{rel}","templated":true}]}}