{"id":31196,"date":"2021-04-08T09:59:19","date_gmt":"2021-04-08T09:59:19","guid":{"rendered":"https:\/\/cortecros.com\/?post_type=product&#038;p=31196"},"modified":"2022-05-24T08:46:04","modified_gmt":"2022-05-24T08:46:04","slug":"ecoclean-scale-remover","status":"publish","type":"product","link":"https:\/\/cortecros.com\/hr\/product\/ecoclean-scale-remover\/","title":{"rendered":"EcoClean Scale Remover"},"content":{"rendered":"<h3>OPIS PROIZVODA<\/h3>\n<p>EcoClean\u00ae\u00a0Scale Remover je visoko u\u010dinkovito sredstvo za uklanjanje kamenca i hr\u0111e. Jedno je od najbr\u017ee djeluju\u0107ih proizvoda na tr\u017ei\u0161tu za otapanje te\u0161kih naslaga kamenca, korozije i prirodnih oksida koji se nalaze na metalu. U\u010dinkovit je i siguran za upotrebu na \u017eeljezu, uglji\u010dnom \u010deliku, nehr\u0111aju\u0107em \u010deliku, bakru, aluminiju, magneziju i njihovim legurama. Sna\u017eni inhibitori korozije sadr\u017eani u proizvodu \u0161tite obra\u0111ene metale od pojave hr\u0111e. Proizvod je jednostavan za upotrebu i nije opasan za korisnika, te pru\u017ea jedinstveno sredstvo za uklanjanje kamenca i za\u0161titu od korozije.<\/p>\n<p>EcoClean\u00ae Scale Remover nosi USDA BIO-based certifikat (USDA#5564). Lako je biorazgradiv.<\/p>\n<h3>ZNA\u010cAJKE<\/h3>\n<ul>\n<li>Brzo djelovanje<\/li>\n<li>Pru\u017ea za\u0161titu od korozije<\/li>\n<li>Sadr\u017ei sna\u017ean inhibitor korozije koji sprje\u010dava pojavu \u201eflash\u201c korozije<\/li>\n<li>Sigurna primjena za \u017eeljezo, uglji\u010dni i nehr\u0111aju\u0107i \u010delik, bakar, aluminij, magnezij i njihove legure<\/li>\n<li>Pobolj\u0161ava protok u cijevima koje su za\u010depljene kamencem<\/li>\n<li>Pobolj\u0161ava prijenos topline u izmjenjiva\u010dima topline uklanjaju\u0107i kamenac sa povr\u0161ina<\/li>\n<li>U\u010dinkovit na te\u0161ko dostupnim mjestima, nije potrebno rastavljanje opreme<\/li>\n<li>Biorazgradiv<\/li>\n<li>U\u0161teda rada<\/li>\n<li>Jednostavno i sigurno odlaganje<\/li>\n<li>Smanjuje tro\u0161kove priprema povr\u0161ina<\/li>\n<li>Dostupno u obliku vodotopive vre\u0107ice za cirkularne sustave<\/li>\n<li>Dostupno i u obliku praha koji se lako transportira i teku\u0107em obliku spremnom za primjenu<\/li>\n<\/ul>\n<h3>KOMPATIBILNI METALI<\/h3>\n<ul>\n<li>\u017deljezo<\/li>\n<li>Uglji\u010dni \u010delik<\/li>\n<li>Nehr\u0111aju\u0107i \u010delik<\/li>\n<li>Bakar<\/li>\n<li>Aluminij<\/li>\n<li>Magnezij<\/li>\n<li>Razne legure<\/li>\n<\/ul>\n<h3>PAKIRANJE I SKLADI\u0160TENJE<\/h3>\n<p>EcoClean\u00ae Scale Remover vre\u0107ice dostupne su u pakiranju od 4 vre\u0107ice u kutiji (masa vre\u0107ice 1 kg).<\/p>\n<p>EcoClean\u00ae Scale Remover prah dostupan je u vre\u0107ama od 2.3 kg, 22.7 kg, i 45.4 kg.<\/p>\n<p>EcoClean\u00ae Scale Remover teku\u0107ina dostupna je u kanistrima od 19 L, ba\u010dvama od 208 litara, IBC kontejnerima i rinfuzno.<\/p>\n<p>Minimalna temperatura skladi\u0161tenja: 0\u00b0C<\/p>\n<p>Maksimalna temperatura skladi\u0161tenja: 49\u00b0C<\/p>\n<p>&nbsp;<\/p>\n<h3><a href=\"https:\/\/cortecros.com\/wp-content\/uploads\/2022\/05\/EcoClean_Scale_Remover-24.5.2022-v3.pdf\">TEHNI\u010cKI LIST PROIZVODA<\/a><\/h3>\n","protected":false},"excerpt":{"rendered":"<p>OPIS PROIZVODA EcoClean\u00ae\u00a0Scale Remover je visoko u\u010dinkovito sredstvo za uklanjanje kamenca i hr\u0111e. Jedno je od najbr\u017ee djeluju\u0107ih proizvoda na tr\u017ei\u0161tu za otapanje te\u0161kih naslaga kamenca, korozije i prirodnih oksida koji se nalaze na metalu. U\u010dinkovit je i siguran za upotrebu na \u017eeljezu, uglji\u010dnom \u010deliku, nehr\u0111aju\u0107em \u010deliku, bakru, aluminiju, magneziju\u2026 <a class=\"continue-reading-link\" href=\"https:\/\/cortecros.com\/hr\/product\/ecoclean-scale-remover\/\">nastavi \u010ditati<\/a><\/p>\n","protected":false},"featured_media":31199,"template":"","meta":{"ngg_post_thumbnail":0,"_links_to":"","_links_to_target":""},"product_brand":[],"product_cat":[39],"product_tag":[],"class_list":{"0":"post-31196","1":"product","2":"type-product","3":"status-publish","4":"has-post-thumbnail","6":"product_cat-vpci-proizvodi-za-ciscenje-odmascivanje-i-pripremu-povrsine-metala","8":"first","9":"instock","10":"shipping-taxable","11":"product-type-simple"},"_links":{"self":[{"href":"https:\/\/cortecros.com\/hr\/wp-json\/wp\/v2\/product\/31196","targetHints":{"allow":["GET"]}}],"collection":[{"href":"https:\/\/cortecros.com\/hr\/wp-json\/wp\/v2\/product"}],"about":[{"href":"https:\/\/cortecros.com\/hr\/wp-json\/wp\/v2\/types\/product"}],"wp:featuredmedia":[{"embeddable":true,"href":"https:\/\/cortecros.com\/hr\/wp-json\/wp\/v2\/media\/31199"}],"wp:attachment":[{"href":"https:\/\/cortecros.com\/hr\/wp-json\/wp\/v2\/media?parent=31196"}],"wp:term":[{"taxonomy":"product_brand","embeddable":true,"href":"https:\/\/cortecros.com\/hr\/wp-json\/wp\/v2\/product_brand?post=31196"},{"taxonomy":"product_cat","embeddable":true,"href":"https:\/\/cortecros.com\/hr\/wp-json\/wp\/v2\/product_cat?post=31196"},{"taxonomy":"product_tag","embeddable":true,"href":"https:\/\/cortecros.com\/hr\/wp-json\/wp\/v2\/product_tag?post=31196"}],"curies":[{"name":"wp","href":"https:\/\/api.w.org\/{rel}","templated":true}]}}