{"id":31268,"date":"2021-04-22T11:39:35","date_gmt":"2021-04-22T11:39:35","guid":{"rendered":"https:\/\/cortecros.com\/?post_type=product&#038;p=31268"},"modified":"2021-04-22T11:39:35","modified_gmt":"2021-04-22T11:39:35","slug":"vpci-143-emiter","status":"publish","type":"product","link":"https:\/\/cortecros.com\/hr\/product\/vpci-143-emiter\/","title":{"rendered":"VpCI-143 emiter"},"content":{"rendered":"<h4>OPIS PROIZVODA<\/h4>\n<p>Cortec VpCI\u00ae-143 papirnati emiteri su prakti\u010dno i isplativo rje\u0161enje za za\u0161titu od korozije. Pru\u017eaju vrhunsku za\u0161titu od korozije za crne i obojene metale. Uz to, Cortec VpCI\u00ae-143 emiteri mogu se u potpunosti reciklirati i ponovno uporabiti kao sirovina za izradu drugih proizvoda od papira kao \u0161to su kutije, karton i sli\u010dno. VpCI\u00ae-143 emiteri su ekolo\u0161ki sigurni, netoksi\u010dni i biorazgradivi, te ne sadr\u017ee nitrite, fosfate, silikate ili druge opasne spojeve.<\/p>\n<p>&nbsp;<\/p>\n<h4>PAKIRANJE I SKLADI\u0160TENJE<\/h4>\n<p>Prilago\u0111ene veli\u010dine i konstrukcije dostupne na zahtjev, u standardnoj te\u017eini 205 g\/m2. Dostupne su i druge osnovne te\u017eine.<\/p>\n<p><a href=\"https:\/\/cortecros.com\/wp-content\/uploads\/2021\/04\/VpCI-143-emiteri-TDS.pdf\">TEHNI\u010cKI LIST PROIZVODA<\/a><\/p>\n","protected":false},"excerpt":{"rendered":"<p>OPIS PROIZVODA Cortec VpCI\u00ae-143 papirnati emiteri su prakti\u010dno i isplativo rje\u0161enje za za\u0161titu od korozije. Pru\u017eaju vrhunsku za\u0161titu od korozije za crne i obojene metale. Uz to, Cortec VpCI\u00ae-143 emiteri mogu se u potpunosti reciklirati i ponovno uporabiti kao sirovina za izradu drugih proizvoda od papira kao \u0161to su kutije,\u2026 <a class=\"continue-reading-link\" href=\"https:\/\/cortecros.com\/hr\/product\/vpci-143-emiter\/\">nastavi \u010ditati<\/a><\/p>\n","protected":false},"featured_media":31266,"template":"","meta":{"ngg_post_thumbnail":0,"_links_to":"","_links_to_target":""},"product_brand":[],"product_cat":[38],"product_tag":[],"class_list":{"0":"post-31268","1":"product","2":"type-product","3":"status-publish","4":"has-post-thumbnail","6":"product_cat-vpci-proizvodi-za-pakiranje-i-konzervaciju","8":"first","9":"instock","10":"shipping-taxable","11":"product-type-simple"},"_links":{"self":[{"href":"https:\/\/cortecros.com\/hr\/wp-json\/wp\/v2\/product\/31268","targetHints":{"allow":["GET"]}}],"collection":[{"href":"https:\/\/cortecros.com\/hr\/wp-json\/wp\/v2\/product"}],"about":[{"href":"https:\/\/cortecros.com\/hr\/wp-json\/wp\/v2\/types\/product"}],"wp:featuredmedia":[{"embeddable":true,"href":"https:\/\/cortecros.com\/hr\/wp-json\/wp\/v2\/media\/31266"}],"wp:attachment":[{"href":"https:\/\/cortecros.com\/hr\/wp-json\/wp\/v2\/media?parent=31268"}],"wp:term":[{"taxonomy":"product_brand","embeddable":true,"href":"https:\/\/cortecros.com\/hr\/wp-json\/wp\/v2\/product_brand?post=31268"},{"taxonomy":"product_cat","embeddable":true,"href":"https:\/\/cortecros.com\/hr\/wp-json\/wp\/v2\/product_cat?post=31268"},{"taxonomy":"product_tag","embeddable":true,"href":"https:\/\/cortecros.com\/hr\/wp-json\/wp\/v2\/product_tag?post=31268"}],"curies":[{"name":"wp","href":"https:\/\/api.w.org\/{rel}","templated":true}]}}