{"id":32231,"date":"2021-12-02T07:21:30","date_gmt":"2021-12-02T07:21:30","guid":{"rendered":"https:\/\/cortecros.com\/?post_type=product&#038;p=32231"},"modified":"2021-12-02T07:21:31","modified_gmt":"2021-12-02T07:21:31","slug":"ecoair-privremeni-premaz-na-biobazi-s-nano-vpci","status":"publish","type":"product","link":"https:\/\/cortecros.com\/hr\/product\/ecoair-privremeni-premaz-na-biobazi-s-nano-vpci\/","title":{"rendered":"EcoAir\u00ae privremeni premaz na biobazi s nano VpCI\u00ae"},"content":{"rendered":"<p><strong>OPIS PROIZVODA<\/strong><\/p>\n<p>EcoAir\u00ae privremeni premaz, specijalno dizajniran za upotrebu u slanom okoli\u0161u i ostali uvjeti koji podrazumijevaju vrlo visoku vlagu.<\/p>\n<p>EcoAir\u00ae omogu\u0107uje \u00a0multimetalnu za\u0161titu od korozije. Temperaturno stabilan do 82\u00b0C. Nakon upotrebe, ostavlja uljasti za\u0161titni film koji se ne su\u0161i.<\/p>\n<p>&nbsp;<\/p>\n<p><strong>PAKIRANJE I SKLADI\u0160TENJE<\/strong><\/p>\n<p><strong>\u00a0<\/strong><\/p>\n<p>Proizvod je dostupan u metalnim sprej bo\u010dicama od 368 ml. Bo\u010dice su punjene stla\u010denim zrakom, pakiranje od 12 kom\/karton.<\/p>\n<p>Kako bi se osigurala najbolja u\u010dinkovitost, proizvod je \u00a0potrebno skladi\u0161titi u originalnom pakiranju, u zatvorenom prostoru bez\u00a0 \u00a0direktnog utjecaja svjetlosti sunca, pri temperaturi izme\u0111u 4 i 38 \u00b0C.<\/p>\n<p>Rok trajanja: 2 godine<\/p>\n<p>&nbsp;<\/p>\n<p><a href=\"https:\/\/cortecros.com\/wp-content\/uploads\/2021\/12\/EcoAir_Biobased-Temp.-Coating.3690-HR.pdf\"><strong>TEHNI\u010cKI LIST PROIZVODA<\/strong><\/a><\/p>\n","protected":false},"excerpt":{"rendered":"<p>OPIS PROIZVODA EcoAir\u00ae privremeni premaz, specijalno dizajniran za upotrebu u slanom okoli\u0161u i ostali uvjeti koji podrazumijevaju vrlo visoku vlagu. EcoAir\u00ae omogu\u0107uje \u00a0multimetalnu za\u0161titu od korozije. Temperaturno stabilan do 82\u00b0C. Nakon upotrebe, ostavlja uljasti za\u0161titni film koji se ne su\u0161i. &nbsp; PAKIRANJE I SKLADI\u0160TENJE \u00a0 Proizvod je dostupan u metalnim\u2026 <a class=\"continue-reading-link\" href=\"https:\/\/cortecros.com\/hr\/product\/ecoair-privremeni-premaz-na-biobazi-s-nano-vpci\/\">nastavi \u010ditati<\/a><\/p>\n","protected":false},"featured_media":32234,"template":"","meta":{"ngg_post_thumbnail":0,"_links_to":"","_links_to_target":""},"product_brand":[],"product_cat":[36],"product_tag":[],"class_list":{"0":"post-32231","1":"product","2":"type-product","3":"status-publish","4":"has-post-thumbnail","6":"product_cat-vpci-premazi-za-antikorozivnu-zastitu-i-konzervaciju-metala","8":"first","9":"instock","10":"shipping-taxable","11":"product-type-simple"},"_links":{"self":[{"href":"https:\/\/cortecros.com\/hr\/wp-json\/wp\/v2\/product\/32231","targetHints":{"allow":["GET"]}}],"collection":[{"href":"https:\/\/cortecros.com\/hr\/wp-json\/wp\/v2\/product"}],"about":[{"href":"https:\/\/cortecros.com\/hr\/wp-json\/wp\/v2\/types\/product"}],"wp:featuredmedia":[{"embeddable":true,"href":"https:\/\/cortecros.com\/hr\/wp-json\/wp\/v2\/media\/32234"}],"wp:attachment":[{"href":"https:\/\/cortecros.com\/hr\/wp-json\/wp\/v2\/media?parent=32231"}],"wp:term":[{"taxonomy":"product_brand","embeddable":true,"href":"https:\/\/cortecros.com\/hr\/wp-json\/wp\/v2\/product_brand?post=32231"},{"taxonomy":"product_cat","embeddable":true,"href":"https:\/\/cortecros.com\/hr\/wp-json\/wp\/v2\/product_cat?post=32231"},{"taxonomy":"product_tag","embeddable":true,"href":"https:\/\/cortecros.com\/hr\/wp-json\/wp\/v2\/product_tag?post=32231"}],"curies":[{"name":"wp","href":"https:\/\/api.w.org\/{rel}","templated":true}]}}