{"id":3231,"date":"2017-05-16T13:28:59","date_gmt":"2017-05-16T13:28:59","guid":{"rendered":"http:\/\/cortecros.com\/product\/boiler-lizard\/"},"modified":"2017-08-04T08:34:32","modified_gmt":"2017-08-04T08:34:32","slug":"boiler-lizard","status":"publish","type":"product","link":"https:\/\/cortecros.com\/hr\/product\/boiler-lizard\/","title":{"rendered":"Boiler Lizard<sup>\u00ae<\/sup>"},"content":{"rendered":"<p>Cortec-ov proizvod Boiler Lizard kombinacija je hlapljivog korozijskog inhibitora u prahu i polivinilne vodotopive vre\u0107ice. Proizvod je dizajniran za za\u0161titu suhih spremnika u mirovanju, te na taj na\u010din za\u0161ti\u0107uje metalne povr\u0161ine u zatvorenom prostoru.<br \/>\n<b>Pakiranje:<\/b>\u00a0kartonske tube ( 1 vre\u0107ica po tubi )<\/p>\n<p><b>View Product Data Sheet<\/b><\/p>\n<p><a href=\"https:\/\/cortecros.com\/wp-content\/uploads\/2017\/07\/Boiler-Lizard.pdf\">Boiler Lizard<\/a><\/p>\n<p>&nbsp;<\/p>\n","protected":false},"excerpt":{"rendered":"<p>Cortec-ov proizvod Boiler Lizard kombinacija je hlapljivog korozijskog inhibitora u prahu i polivinilne vodotopive vre\u0107ice. Proizvod je dizajniran za za\u0161titu suhih spremnika u mirovanju, te na taj na\u010din za\u0161ti\u0107uje metalne povr\u0161ine u zatvorenom prostoru. Pakiranje:\u00a0kartonske tube ( 1 vre\u0107ica po tubi ) View Product Data Sheet Boiler Lizard &nbsp; <a class=\"continue-reading-link\" href=\"https:\/\/cortecros.com\/hr\/product\/boiler-lizard\/\">nastavi \u010ditati<\/a><\/p>\n","protected":false},"featured_media":29007,"template":"","meta":{"ngg_post_thumbnail":0,"_links_to":"","_links_to_target":""},"product_brand":[],"product_cat":[34],"product_tag":[],"class_list":{"0":"post-3231","1":"product","2":"type-product","3":"status-publish","4":"has-post-thumbnail","6":"product_cat-aditivi-za-ulja-obradu-voda-i-inhibitori-korozije-za-naftnu-industriju","8":"first","9":"instock","10":"shipping-taxable","11":"product-type-simple"},"_links":{"self":[{"href":"https:\/\/cortecros.com\/hr\/wp-json\/wp\/v2\/product\/3231","targetHints":{"allow":["GET"]}}],"collection":[{"href":"https:\/\/cortecros.com\/hr\/wp-json\/wp\/v2\/product"}],"about":[{"href":"https:\/\/cortecros.com\/hr\/wp-json\/wp\/v2\/types\/product"}],"wp:featuredmedia":[{"embeddable":true,"href":"https:\/\/cortecros.com\/hr\/wp-json\/wp\/v2\/media\/29007"}],"wp:attachment":[{"href":"https:\/\/cortecros.com\/hr\/wp-json\/wp\/v2\/media?parent=3231"}],"wp:term":[{"taxonomy":"product_brand","embeddable":true,"href":"https:\/\/cortecros.com\/hr\/wp-json\/wp\/v2\/product_brand?post=3231"},{"taxonomy":"product_cat","embeddable":true,"href":"https:\/\/cortecros.com\/hr\/wp-json\/wp\/v2\/product_cat?post=3231"},{"taxonomy":"product_tag","embeddable":true,"href":"https:\/\/cortecros.com\/hr\/wp-json\/wp\/v2\/product_tag?post=3231"}],"curies":[{"name":"wp","href":"https:\/\/api.w.org\/{rel}","templated":true}]}}