{"id":3232,"date":"2017-05-23T19:30:28","date_gmt":"2017-05-23T19:30:28","guid":{"rendered":"http:\/\/cortecros.com\/product\/m-235-2\/"},"modified":"2019-05-07T11:12:50","modified_gmt":"2019-05-07T11:12:50","slug":"m-235-2","status":"publish","type":"product","link":"https:\/\/cortecros.com\/hr\/product\/m-235-2\/","title":{"rendered":"M-235"},"content":{"rendered":"<p>M-235 Aditiv za bakar i bakrene legure<br \/>\nInhibitor korozije u prahu za bakar, bakrene legure i druge \u017eute metale.<\/p>\n<p>Pakiranje: kartonska kutija 2,3 kg, ba\u010dva 23 kg, 45 kg, kontejner 1040 l.<\/p>\n<p>Tehni\u010dki list proizvoda (TLP)<\/p>\n<p>&nbsp;<\/p>\n","protected":false},"excerpt":{"rendered":"<p>M-235 Aditiv za bakar i bakrene legure Inhibitor korozije u prahu za bakar, bakrene legure i druge \u017eute metale. Pakiranje: kartonska kutija 2,3 kg, ba\u010dva 23 kg, 45 kg, kontejner 1040 l. Tehni\u010dki list proizvoda (TLP) &nbsp; <a class=\"continue-reading-link\" href=\"https:\/\/cortecros.com\/hr\/product\/m-235-2\/\">nastavi \u010ditati<\/a><\/p>\n","protected":false},"featured_media":0,"template":"","meta":{"ngg_post_thumbnail":0,"_links_to":"","_links_to_target":""},"product_brand":[],"product_cat":[40],"product_tag":[],"class_list":{"0":"post-3232","1":"product","2":"type-product","3":"status-publish","5":"product_cat-vpci-polymeri-aditivi","7":"first","8":"instock","9":"shipping-taxable","10":"product-type-simple"},"_links":{"self":[{"href":"https:\/\/cortecros.com\/hr\/wp-json\/wp\/v2\/product\/3232","targetHints":{"allow":["GET"]}}],"collection":[{"href":"https:\/\/cortecros.com\/hr\/wp-json\/wp\/v2\/product"}],"about":[{"href":"https:\/\/cortecros.com\/hr\/wp-json\/wp\/v2\/types\/product"}],"wp:attachment":[{"href":"https:\/\/cortecros.com\/hr\/wp-json\/wp\/v2\/media?parent=3232"}],"wp:term":[{"taxonomy":"product_brand","embeddable":true,"href":"https:\/\/cortecros.com\/hr\/wp-json\/wp\/v2\/product_brand?post=3232"},{"taxonomy":"product_cat","embeddable":true,"href":"https:\/\/cortecros.com\/hr\/wp-json\/wp\/v2\/product_cat?post=3232"},{"taxonomy":"product_tag","embeddable":true,"href":"https:\/\/cortecros.com\/hr\/wp-json\/wp\/v2\/product_tag?post=3232"}],"curies":[{"name":"wp","href":"https:\/\/api.w.org\/{rel}","templated":true}]}}