{"id":3235,"date":"2017-05-16T13:49:55","date_gmt":"2017-05-16T13:49:55","guid":{"rendered":"http:\/\/cortecros.com\/product\/m-236\/"},"modified":"2019-05-07T11:14:09","modified_gmt":"2019-05-07T11:14:09","slug":"m-236","status":"publish","type":"product","link":"https:\/\/cortecros.com\/hr\/product\/m-236\/","title":{"rendered":"M-236 inhibitor korozije za ulja"},"content":{"rendered":"<p>M-236 inhibitor korozije za ulja<br \/>\nTeku\u0107i inhibitor korozije namjenjen uljima i razrije\u0111iva\u010dima. Pru\u017ea za\u0161titu od korozije na crnim i obojenim metalima, a posebno je djelotvoran za \u017eute metale.<\/p>\n<p>Pakiranje: 19 l, 208 l, rinfuza, kontejner.<\/p>\n","protected":false},"excerpt":{"rendered":"<p>M-236 inhibitor korozije za ulja Teku\u0107i inhibitor korozije namjenjen uljima i razrije\u0111iva\u010dima. Pru\u017ea za\u0161titu od korozije na crnim i obojenim metalima, a posebno je djelotvoran za \u017eute metale. Pakiranje: 19 l, 208 l, rinfuza, kontejner. <a class=\"continue-reading-link\" href=\"https:\/\/cortecros.com\/hr\/product\/m-236\/\">nastavi \u010ditati<\/a><\/p>\n","protected":false},"featured_media":0,"template":"","meta":{"ngg_post_thumbnail":0,"_links_to":"","_links_to_target":""},"product_brand":[],"product_cat":[34],"product_tag":[],"class_list":{"0":"post-3235","1":"product","2":"type-product","3":"status-publish","5":"product_cat-aditivi-za-ulja-obradu-voda-i-inhibitori-korozije-za-naftnu-industriju","7":"first","8":"instock","9":"shipping-taxable","10":"product-type-simple"},"_links":{"self":[{"href":"https:\/\/cortecros.com\/hr\/wp-json\/wp\/v2\/product\/3235","targetHints":{"allow":["GET"]}}],"collection":[{"href":"https:\/\/cortecros.com\/hr\/wp-json\/wp\/v2\/product"}],"about":[{"href":"https:\/\/cortecros.com\/hr\/wp-json\/wp\/v2\/types\/product"}],"wp:attachment":[{"href":"https:\/\/cortecros.com\/hr\/wp-json\/wp\/v2\/media?parent=3235"}],"wp:term":[{"taxonomy":"product_brand","embeddable":true,"href":"https:\/\/cortecros.com\/hr\/wp-json\/wp\/v2\/product_brand?post=3235"},{"taxonomy":"product_cat","embeddable":true,"href":"https:\/\/cortecros.com\/hr\/wp-json\/wp\/v2\/product_cat?post=3235"},{"taxonomy":"product_tag","embeddable":true,"href":"https:\/\/cortecros.com\/hr\/wp-json\/wp\/v2\/product_tag?post=3235"}],"curies":[{"name":"wp","href":"https:\/\/api.w.org\/{rel}","templated":true}]}}