{"id":3236,"date":"2017-05-16T13:51:26","date_gmt":"2017-05-16T13:51:26","guid":{"rendered":"http:\/\/cortecros.com\/product\/m-238\/"},"modified":"2019-05-07T11:14:42","modified_gmt":"2019-05-07T11:14:42","slug":"m-238","status":"publish","type":"product","link":"https:\/\/cortecros.com\/hr\/product\/m-238\/","title":{"rendered":"M-238 Aditiv na bazi otapala za teku\u0107ine kod obrade metala"},"content":{"rendered":"<p>Smjesa na bazi otapala, sadr\u017ei VpCI inhibitore, namjenjena je za za\u0161titu crnih i obojenih metala tijekom obrade metala kao i u uvjetima mirovanja.<br \/>\nM-238 je posebno djelotvoran kad se dodaje aromati\u010dnim, parafinskim, benzinskim, fluorugljikovim i ugljikovodikovim komponentama.<\/p>\n<p>Pakiranje: 19 l, ba\u010dva 208 l, kontejner 1040 l.<\/p>\n","protected":false},"excerpt":{"rendered":"<p>Smjesa na bazi otapala, sadr\u017ei VpCI inhibitore, namjenjena je za za\u0161titu crnih i obojenih metala tijekom obrade metala kao i u uvjetima mirovanja. M-238 je posebno djelotvoran kad se dodaje aromati\u010dnim, parafinskim, benzinskim, fluorugljikovim i ugljikovodikovim komponentama. Pakiranje: 19 l, ba\u010dva 208 l, kontejner 1040 l. <a class=\"continue-reading-link\" href=\"https:\/\/cortecros.com\/hr\/product\/m-238\/\">nastavi \u010ditati<\/a><\/p>\n","protected":false},"featured_media":0,"template":"","meta":{"ngg_post_thumbnail":0,"_links_to":"","_links_to_target":""},"product_brand":[],"product_cat":[34,40],"product_tag":[],"class_list":{"0":"post-3236","1":"product","2":"type-product","3":"status-publish","5":"product_cat-aditivi-za-ulja-obradu-voda-i-inhibitori-korozije-za-naftnu-industriju","6":"product_cat-vpci-polymeri-aditivi","8":"first","9":"instock","10":"shipping-taxable","11":"product-type-simple"},"_links":{"self":[{"href":"https:\/\/cortecros.com\/hr\/wp-json\/wp\/v2\/product\/3236","targetHints":{"allow":["GET"]}}],"collection":[{"href":"https:\/\/cortecros.com\/hr\/wp-json\/wp\/v2\/product"}],"about":[{"href":"https:\/\/cortecros.com\/hr\/wp-json\/wp\/v2\/types\/product"}],"wp:attachment":[{"href":"https:\/\/cortecros.com\/hr\/wp-json\/wp\/v2\/media?parent=3236"}],"wp:term":[{"taxonomy":"product_brand","embeddable":true,"href":"https:\/\/cortecros.com\/hr\/wp-json\/wp\/v2\/product_brand?post=3236"},{"taxonomy":"product_cat","embeddable":true,"href":"https:\/\/cortecros.com\/hr\/wp-json\/wp\/v2\/product_cat?post=3236"},{"taxonomy":"product_tag","embeddable":true,"href":"https:\/\/cortecros.com\/hr\/wp-json\/wp\/v2\/product_tag?post=3236"}],"curies":[{"name":"wp","href":"https:\/\/api.w.org\/{rel}","templated":true}]}}