{"id":3237,"date":"2017-05-23T19:35:34","date_gmt":"2017-05-23T19:35:34","guid":{"rendered":"http:\/\/cortecros.com\/product\/m-240-aditiv-za-boje-na-bazi-vode\/"},"modified":"2017-07-13T08:21:54","modified_gmt":"2017-07-13T08:21:54","slug":"m-240-aditiv-za-boje-na-bazi-vode","status":"publish","type":"product","link":"https:\/\/cortecros.com\/hr\/product\/m-240-aditiv-za-boje-na-bazi-vode\/","title":{"rendered":"M-240 Aditiv za boje na bazi vode"},"content":{"rendered":"<p>Inhibitor korozije za za\u0161titu of flash-korozije, a dodaje se bojama na bazi vode, aditivima, ljepilima, teku\u0107inama itd.<\/p>\n<p><strong>Pakiranje:<\/strong> 19 l, ba\u010dva 208 l, kontejner 1040 l.<\/p>\n","protected":false},"excerpt":{"rendered":"<p>Inhibitor korozije za za\u0161titu of flash-korozije, a dodaje se bojama na bazi vode, aditivima, ljepilima, teku\u0107inama itd. Pakiranje: 19 l, ba\u010dva 208 l, kontejner 1040 l. <a class=\"continue-reading-link\" href=\"https:\/\/cortecros.com\/hr\/product\/m-240-aditiv-za-boje-na-bazi-vode\/\">nastavi \u010ditati<\/a><\/p>\n","protected":false},"featured_media":34336,"template":"","meta":{"ngg_post_thumbnail":0,"_links_to":"","_links_to_target":""},"product_brand":[],"product_cat":[40],"product_tag":[],"class_list":{"0":"post-3237","1":"product","2":"type-product","3":"status-publish","4":"has-post-thumbnail","6":"product_cat-vpci-polymeri-aditivi","8":"first","9":"instock","10":"shipping-taxable","11":"product-type-simple"},"_links":{"self":[{"href":"https:\/\/cortecros.com\/hr\/wp-json\/wp\/v2\/product\/3237","targetHints":{"allow":["GET"]}}],"collection":[{"href":"https:\/\/cortecros.com\/hr\/wp-json\/wp\/v2\/product"}],"about":[{"href":"https:\/\/cortecros.com\/hr\/wp-json\/wp\/v2\/types\/product"}],"wp:featuredmedia":[{"embeddable":true,"href":"https:\/\/cortecros.com\/hr\/wp-json\/wp\/v2\/media\/34336"}],"wp:attachment":[{"href":"https:\/\/cortecros.com\/hr\/wp-json\/wp\/v2\/media?parent=3237"}],"wp:term":[{"taxonomy":"product_brand","embeddable":true,"href":"https:\/\/cortecros.com\/hr\/wp-json\/wp\/v2\/product_brand?post=3237"},{"taxonomy":"product_cat","embeddable":true,"href":"https:\/\/cortecros.com\/hr\/wp-json\/wp\/v2\/product_cat?post=3237"},{"taxonomy":"product_tag","embeddable":true,"href":"https:\/\/cortecros.com\/hr\/wp-json\/wp\/v2\/product_tag?post=3237"}],"curies":[{"name":"wp","href":"https:\/\/api.w.org\/{rel}","templated":true}]}}