{"id":3239,"date":"2017-05-23T19:44:09","date_gmt":"2017-05-23T19:44:09","guid":{"rendered":"http:\/\/cortecros.com\/product\/m-370-aditiv-za-tekucine-na-bazi-vode\/"},"modified":"2017-07-13T08:24:22","modified_gmt":"2017-07-13T08:24:22","slug":"m-370-aditiv-za-tekucine-na-bazi-vode","status":"publish","type":"product","link":"https:\/\/cortecros.com\/hr\/product\/m-370-aditiv-za-tekucine-na-bazi-vode\/","title":{"rendered":"M-370 Aditiv za teku\u010dine na bazi vode"},"content":{"rendered":"<p>M-370 Aditiv za teku\u010dine na bazi vode<br \/>\nAditiv za za\u0161titu od korozije obojenih i crnih metala namjenjen teku\u0107inama na bazi vode, podmaziva\u010dima, \u010dista\u010dima i premazima koji se koriste tjekom proizvodnje proizvoda. Dostupan u verzijama za specijalne namjene za\u0161tite specificiranih metala.<\/p>\n<p><strong>Pakiranje:<\/strong> 19 l, ba\u010dva 208 l, kontejner 1040 l.<\/p>\n","protected":false},"excerpt":{"rendered":"<p>M-370 Aditiv za teku\u010dine na bazi vode Aditiv za za\u0161titu od korozije obojenih i crnih metala namjenjen teku\u0107inama na bazi vode, podmaziva\u010dima, \u010dista\u010dima i premazima koji se koriste tjekom proizvodnje proizvoda. Dostupan u verzijama za specijalne namjene za\u0161tite specificiranih metala. Pakiranje: 19 l, ba\u010dva 208 l, kontejner 1040 l. <a class=\"continue-reading-link\" href=\"https:\/\/cortecros.com\/hr\/product\/m-370-aditiv-za-tekucine-na-bazi-vode\/\">nastavi \u010ditati<\/a><\/p>\n","protected":false},"featured_media":0,"template":"","meta":{"ngg_post_thumbnail":0,"_links_to":"","_links_to_target":""},"product_brand":[],"product_cat":[40],"product_tag":[],"class_list":{"0":"post-3239","1":"product","2":"type-product","3":"status-publish","5":"product_cat-vpci-polymeri-aditivi","7":"first","8":"instock","9":"shipping-taxable","10":"product-type-simple"},"_links":{"self":[{"href":"https:\/\/cortecros.com\/hr\/wp-json\/wp\/v2\/product\/3239","targetHints":{"allow":["GET"]}}],"collection":[{"href":"https:\/\/cortecros.com\/hr\/wp-json\/wp\/v2\/product"}],"about":[{"href":"https:\/\/cortecros.com\/hr\/wp-json\/wp\/v2\/types\/product"}],"wp:attachment":[{"href":"https:\/\/cortecros.com\/hr\/wp-json\/wp\/v2\/media?parent=3239"}],"wp:term":[{"taxonomy":"product_brand","embeddable":true,"href":"https:\/\/cortecros.com\/hr\/wp-json\/wp\/v2\/product_brand?post=3239"},{"taxonomy":"product_cat","embeddable":true,"href":"https:\/\/cortecros.com\/hr\/wp-json\/wp\/v2\/product_cat?post=3239"},{"taxonomy":"product_tag","embeddable":true,"href":"https:\/\/cortecros.com\/hr\/wp-json\/wp\/v2\/product_tag?post=3239"}],"curies":[{"name":"wp","href":"https:\/\/api.w.org\/{rel}","templated":true}]}}