{"id":32413,"date":"2021-12-29T09:48:34","date_gmt":"2021-12-29T09:48:34","guid":{"rendered":"https:\/\/cortecros.com\/?post_type=product&#038;p=32413"},"modified":"2021-12-29T09:48:34","modified_gmt":"2021-12-29T09:48:34","slug":"vpci-277","status":"publish","type":"product","link":"https:\/\/cortecros.com\/hr\/product\/vpci-277\/","title":{"rendered":"VpCI-277"},"content":{"rendered":"<p><strong>OPIS PROIZVODA<\/strong><\/p>\n<p>VpCI\u00ae-277 je sredstvo za\u0161titu od korozije, odmah spremno za upotrebu. Koristi se za za\u0161titu metala prilikom skladi\u0161tenja i transporta. VpCI\u00ae-277 sadr\u017ei inhibitor korozije na biobazi, \u00a0nezapaljivo otapalo i niski sadr\u017eaj hlapivih organskih tvari (VOC). Za razliku od tradicionalnih ulja za za\u0161titu, VpCI\u00ae-277 ostavlja suh, gotovo nevidljiv film na povr\u0161ini metala. VpCI\u00ae-277 mo\u017ee pru\u017eiti za\u0161titu od korozije do dvije godine prilikom skladi\u0161tenja u zatvorenom ili tijekom transporta ako se kombinira sa VpCI proizvodima za pakiranje.<\/p>\n<p><strong>SVOJSTVA<\/strong><\/p>\n<ul>\n<li>Pru\u017ea izvrsnu multimetalnu za\u0161titu od korozije<\/li>\n<li>Kombinira inhibitore korozije u parnoj fazi i svojstvo stvaranja za\u0161titnog filma<\/li>\n<li>Stvara suh za\u0161titni film, bez uljastog ostatka<\/li>\n<li>Sadr\u017ei inhibitore na biolo\u0161koj bazi<\/li>\n<li>Ne sadr\u017ei klorirane spojene, kromate ili nitrite<\/li>\n<li>Nizak udio hlapivih organskih spojeva i nezapaljiv<\/li>\n<li>Odmah spreman za upotrebu<\/li>\n<li>Idealan za roboti\u010dko sklapanje preciznih komponenata koje zahtijevaju vrlo malo odstupanje<\/li>\n<\/ul>\n<p><strong>PAKIRANJE I SKLADI\u0160TENJE<\/strong><\/p>\n<p>VpCI\u00ae-277 je dostupan u kanistrima od 19 litara, ba\u010dvama od 208 litara, IBC kontejnerima i bulk pakiranju.<\/p>\n<p>VpCI\u00ae-277 se skladi\u0161ti u standardnim skladi\u0161nim uvjetima, za\u0161ti\u0107en od visokih temperatura.<\/p>\n<p>Rok trajanja neotvorenog proizvoda u originalnom pakiranju je 2 godine.<\/p>\n<p><a href=\"https:\/\/cortecros.com\/wp-content\/uploads\/2021\/12\/VpCI-277-converted.pdf\">TEHNI\u010cKI LIST PROIZVODA<\/a><\/p>\n<p>&nbsp;<\/p>\n","protected":false},"excerpt":{"rendered":"<p>OPIS PROIZVODA VpCI\u00ae-277 je sredstvo za\u0161titu od korozije, odmah spremno za upotrebu. Koristi se za za\u0161titu metala prilikom skladi\u0161tenja i transporta. VpCI\u00ae-277 sadr\u017ei inhibitor korozije na biobazi, \u00a0nezapaljivo otapalo i niski sadr\u017eaj hlapivih organskih tvari (VOC). Za razliku od tradicionalnih ulja za za\u0161titu, VpCI\u00ae-277 ostavlja suh, gotovo nevidljiv film na\u2026 <a class=\"continue-reading-link\" href=\"https:\/\/cortecros.com\/hr\/product\/vpci-277\/\">nastavi \u010ditati<\/a><\/p>\n","protected":false},"featured_media":32416,"template":"","meta":{"ngg_post_thumbnail":0,"_links_to":"","_links_to_target":""},"product_brand":[],"product_cat":[94,35],"product_tag":[],"class_list":{"0":"post-32413","1":"product","2":"type-product","3":"status-publish","4":"has-post-thumbnail","6":"product_cat-vpci-proizvodi-za-obradu-metala-hr","7":"product_cat-vpci-proizvodi-za-obradu-metala","9":"first","10":"instock","11":"shipping-taxable","12":"product-type-simple"},"_links":{"self":[{"href":"https:\/\/cortecros.com\/hr\/wp-json\/wp\/v2\/product\/32413","targetHints":{"allow":["GET"]}}],"collection":[{"href":"https:\/\/cortecros.com\/hr\/wp-json\/wp\/v2\/product"}],"about":[{"href":"https:\/\/cortecros.com\/hr\/wp-json\/wp\/v2\/types\/product"}],"wp:featuredmedia":[{"embeddable":true,"href":"https:\/\/cortecros.com\/hr\/wp-json\/wp\/v2\/media\/32416"}],"wp:attachment":[{"href":"https:\/\/cortecros.com\/hr\/wp-json\/wp\/v2\/media?parent=32413"}],"wp:term":[{"taxonomy":"product_brand","embeddable":true,"href":"https:\/\/cortecros.com\/hr\/wp-json\/wp\/v2\/product_brand?post=32413"},{"taxonomy":"product_cat","embeddable":true,"href":"https:\/\/cortecros.com\/hr\/wp-json\/wp\/v2\/product_cat?post=32413"},{"taxonomy":"product_tag","embeddable":true,"href":"https:\/\/cortecros.com\/hr\/wp-json\/wp\/v2\/product_tag?post=32413"}],"curies":[{"name":"wp","href":"https:\/\/api.w.org\/{rel}","templated":true}]}}