{"id":3242,"date":"2017-05-24T13:49:54","date_gmt":"2017-05-24T13:49:54","guid":{"rendered":"http:\/\/cortecros.com\/product\/m-528528l-aditiv-za-hidraulicne-sustave\/"},"modified":"2017-05-24T13:49:54","modified_gmt":"2017-05-24T13:49:54","slug":"m-528528l-aditiv-za-hidraulicne-sustave","status":"publish","type":"product","link":"https:\/\/cortecros.com\/hr\/product\/m-528528l-aditiv-za-hidraulicne-sustave\/","title":{"rendered":"M-528\/528L aditiv za hidrauli\u010dne sustave"},"content":{"rendered":"<p>M-528\/528L su aditivi za hidrauli\u010dne fluide koji se koriste u podmorskim sustavima kontrole i upravljanja. M-528\/528L pru\u017eaju antikorozivnu za\u0161titu \u010delika, bakra, slitina bakra i cinka, aluminija, bronce, galvaniziranog \u010delika i drugih crnih i obojenih metala i njihovih legura. M-528\/528L pru\u017eaju za\u0161titu od korozije u obje faze: kontaktnoj i parnoj.<\/p>\n<p><strong>Pakiranje:<\/strong> 19 l kanistri, 208 l ba\u010dva, 1040 l kontejner<\/p>\n<p>&nbsp;<\/p>\n<p>&nbsp;<\/p>\n","protected":false},"excerpt":{"rendered":"<p>M-528\/528L su aditivi za hidrauli\u010dne fluide koji se koriste u podmorskim sustavima kontrole i upravljanja. M-528\/528L pru\u017eaju antikorozivnu za\u0161titu \u010delika, bakra, slitina bakra i cinka, aluminija, bronce, galvaniziranog \u010delika i drugih crnih i obojenih metala i njihovih legura. M-528\/528L pru\u017eaju za\u0161titu od korozije u obje faze: kontaktnoj i parnoj. Pakiranje:\u2026 <a class=\"continue-reading-link\" href=\"https:\/\/cortecros.com\/hr\/product\/m-528528l-aditiv-za-hidraulicne-sustave\/\">nastavi \u010ditati<\/a><\/p>\n","protected":false},"featured_media":0,"template":"","meta":{"ngg_post_thumbnail":0,"_links_to":"","_links_to_target":""},"product_brand":[],"product_cat":[40],"product_tag":[],"class_list":{"0":"post-3242","1":"product","2":"type-product","3":"status-publish","5":"product_cat-vpci-polymeri-aditivi","7":"first","8":"instock","9":"shipping-taxable","10":"product-type-simple"},"_links":{"self":[{"href":"https:\/\/cortecros.com\/hr\/wp-json\/wp\/v2\/product\/3242","targetHints":{"allow":["GET"]}}],"collection":[{"href":"https:\/\/cortecros.com\/hr\/wp-json\/wp\/v2\/product"}],"about":[{"href":"https:\/\/cortecros.com\/hr\/wp-json\/wp\/v2\/types\/product"}],"wp:attachment":[{"href":"https:\/\/cortecros.com\/hr\/wp-json\/wp\/v2\/media?parent=3242"}],"wp:term":[{"taxonomy":"product_brand","embeddable":true,"href":"https:\/\/cortecros.com\/hr\/wp-json\/wp\/v2\/product_brand?post=3242"},{"taxonomy":"product_cat","embeddable":true,"href":"https:\/\/cortecros.com\/hr\/wp-json\/wp\/v2\/product_cat?post=3242"},{"taxonomy":"product_tag","embeddable":true,"href":"https:\/\/cortecros.com\/hr\/wp-json\/wp\/v2\/product_tag?post=3242"}],"curies":[{"name":"wp","href":"https:\/\/api.w.org\/{rel}","templated":true}]}}