{"id":3245,"date":"2017-05-24T13:51:00","date_gmt":"2017-05-24T13:51:00","guid":{"rendered":"http:\/\/cortecros.com\/product\/m-529-preventivno-sredstvo-protiv-hrde\/"},"modified":"2017-07-13T08:36:02","modified_gmt":"2017-07-13T08:36:02","slug":"m-529-preventivno-sredstvo-protiv-hrde","status":"publish","type":"product","link":"https:\/\/cortecros.com\/hr\/product\/m-529-preventivno-sredstvo-protiv-hrde\/","title":{"rendered":"M-529 Preventivno sredstvo protiv hr\u0111e"},"content":{"rendered":"<p>M-529 Preventivno sredstvo protiv hr\u0111e<br \/>\nNa bazi ulja sa inhibitorom korozije za radna ulja u motorima i ulja u hidrauli\u010dnim sustavima. M-529 , preventivno sredstvo protiv hr\u0111e, osigurava izvrsnu za\u0161titu za vrijeme rada, i kod operacija koje se obavljaju s vremenskim prekidima.M-529 je jedinstveni aditiv koji u\u010dinkovito spre\u010dava koroziju motora za vrijeme skladi\u0161tenja.<\/p>\n<p>Pakiranje: 19 l i 208 l<\/p>\n<p>Tehni\u010dki list proizvoda (TLP)<\/p>\n<p><a href=\"https:\/\/cortecros.com\/wp-content\/uploads\/2017\/07\/M-529.pdf\">M-529<\/a><\/p>\n","protected":false},"excerpt":{"rendered":"<p>M-529 Preventivno sredstvo protiv hr\u0111e Na bazi ulja sa inhibitorom korozije za radna ulja u motorima i ulja u hidrauli\u010dnim sustavima. M-529 , preventivno sredstvo protiv hr\u0111e, osigurava izvrsnu za\u0161titu za vrijeme rada, i kod operacija koje se obavljaju s vremenskim prekidima.M-529 je jedinstveni aditiv koji u\u010dinkovito spre\u010dava koroziju motora\u2026 <a class=\"continue-reading-link\" href=\"https:\/\/cortecros.com\/hr\/product\/m-529-preventivno-sredstvo-protiv-hrde\/\">nastavi \u010ditati<\/a><\/p>\n","protected":false},"featured_media":0,"template":"","meta":{"ngg_post_thumbnail":0,"_links_to":"","_links_to_target":""},"product_brand":[],"product_cat":[40],"product_tag":[],"class_list":{"0":"post-3245","1":"product","2":"type-product","3":"status-publish","5":"product_cat-vpci-polymeri-aditivi","7":"first","8":"instock","9":"shipping-taxable","10":"product-type-simple"},"_links":{"self":[{"href":"https:\/\/cortecros.com\/hr\/wp-json\/wp\/v2\/product\/3245","targetHints":{"allow":["GET"]}}],"collection":[{"href":"https:\/\/cortecros.com\/hr\/wp-json\/wp\/v2\/product"}],"about":[{"href":"https:\/\/cortecros.com\/hr\/wp-json\/wp\/v2\/types\/product"}],"wp:attachment":[{"href":"https:\/\/cortecros.com\/hr\/wp-json\/wp\/v2\/media?parent=3245"}],"wp:term":[{"taxonomy":"product_brand","embeddable":true,"href":"https:\/\/cortecros.com\/hr\/wp-json\/wp\/v2\/product_brand?post=3245"},{"taxonomy":"product_cat","embeddable":true,"href":"https:\/\/cortecros.com\/hr\/wp-json\/wp\/v2\/product_cat?post=3245"},{"taxonomy":"product_tag","embeddable":true,"href":"https:\/\/cortecros.com\/hr\/wp-json\/wp\/v2\/product_tag?post=3245"}],"curies":[{"name":"wp","href":"https:\/\/api.w.org\/{rel}","templated":true}]}}