{"id":3252,"date":"2017-05-16T13:58:06","date_gmt":"2017-05-16T13:58:06","guid":{"rendered":"http:\/\/cortecros.com\/product\/m-640l-aditiv-za-sustave-hladenja-motora-2\/"},"modified":"2019-05-07T11:17:17","modified_gmt":"2019-05-07T11:17:17","slug":"m-640l-aditiv-za-sustave-hladenja-motora-2","status":"publish","type":"product","link":"https:\/\/cortecros.com\/hr\/product\/m-640l-aditiv-za-sustave-hladenja-motora-2\/","title":{"rendered":"M-640L Aditiv za sustave hla\u0111enja motora"},"content":{"rendered":"<p>M-640L Aditiv za sustave hla\u0111enja motora<br \/>\nAditiv s inhibitorom korozije za rashladne teku\u0107ine motora i teku\u0107ine na bazi etilen-glikola za izmjenjiva\u010de topline. \u0160titi crne i obojene metale.<\/p>\n<p>Pakiranje: 19 l i 208 l<\/p>\n<p>Tehni\u010dki list proizvoda (TLP)<\/p>\n<p><a href=\"https:\/\/cortecros.com\/wp-content\/uploads\/2017\/07\/M-640-L.pdf\">M-640 L<\/a><\/p>\n","protected":false},"excerpt":{"rendered":"<p>M-640L Aditiv za sustave hla\u0111enja motora Aditiv s inhibitorom korozije za rashladne teku\u0107ine motora i teku\u0107ine na bazi etilen-glikola za izmjenjiva\u010de topline. \u0160titi crne i obojene metale. Pakiranje: 19 l i 208 l Tehni\u010dki list proizvoda (TLP) M-640 L <a class=\"continue-reading-link\" href=\"https:\/\/cortecros.com\/hr\/product\/m-640l-aditiv-za-sustave-hladenja-motora-2\/\">nastavi \u010ditati<\/a><\/p>\n","protected":false},"featured_media":0,"template":"","meta":{"ngg_post_thumbnail":0,"_links_to":"","_links_to_target":""},"product_brand":[],"product_cat":[34],"product_tag":[],"class_list":{"0":"post-3252","1":"product","2":"type-product","3":"status-publish","5":"product_cat-aditivi-za-ulja-obradu-voda-i-inhibitori-korozije-za-naftnu-industriju","7":"first","8":"instock","9":"shipping-taxable","10":"product-type-simple"},"_links":{"self":[{"href":"https:\/\/cortecros.com\/hr\/wp-json\/wp\/v2\/product\/3252","targetHints":{"allow":["GET"]}}],"collection":[{"href":"https:\/\/cortecros.com\/hr\/wp-json\/wp\/v2\/product"}],"about":[{"href":"https:\/\/cortecros.com\/hr\/wp-json\/wp\/v2\/types\/product"}],"wp:attachment":[{"href":"https:\/\/cortecros.com\/hr\/wp-json\/wp\/v2\/media?parent=3252"}],"wp:term":[{"taxonomy":"product_brand","embeddable":true,"href":"https:\/\/cortecros.com\/hr\/wp-json\/wp\/v2\/product_brand?post=3252"},{"taxonomy":"product_cat","embeddable":true,"href":"https:\/\/cortecros.com\/hr\/wp-json\/wp\/v2\/product_cat?post=3252"},{"taxonomy":"product_tag","embeddable":true,"href":"https:\/\/cortecros.com\/hr\/wp-json\/wp\/v2\/product_tag?post=3252"}],"curies":[{"name":"wp","href":"https:\/\/api.w.org\/{rel}","templated":true}]}}