{"id":3253,"date":"2017-05-24T14:07:44","date_gmt":"2017-05-24T14:07:44","guid":{"rendered":"http:\/\/cortecros.com\/product\/m-645-aditiv-za-balast-rezervoare-i-hidrotestiranje\/"},"modified":"2017-07-13T08:45:11","modified_gmt":"2017-07-13T08:45:11","slug":"m-645-aditiv-za-balast-rezervoare-i-hidrotestiranje","status":"publish","type":"product","link":"https:\/\/cortecros.com\/hr\/product\/m-645-aditiv-za-balast-rezervoare-i-hidrotestiranje\/","title":{"rendered":"M-645 Aditiv za balast rezervoare i hidrotestiranje"},"content":{"rendered":"<p>Inhibitor korozije aditiv za primjenu kod slane vode. Posebno djelotvoran kod za\u0161tite od korozije balast rezervoara koji sadr\u017ee slanu vodu, platformi i kod hidrotestiranja.<\/p>\n<p><strong>Pakiranje:<\/strong> 19 l, ba\u010dva 208 l.<\/p>\n<p>&nbsp;<\/p>\n<p>&nbsp;<\/p>\n","protected":false},"excerpt":{"rendered":"<p>Inhibitor korozije aditiv za primjenu kod slane vode. Posebno djelotvoran kod za\u0161tite od korozije balast rezervoara koji sadr\u017ee slanu vodu, platformi i kod hidrotestiranja. Pakiranje: 19 l, ba\u010dva 208 l. &nbsp; &nbsp; <a class=\"continue-reading-link\" href=\"https:\/\/cortecros.com\/hr\/product\/m-645-aditiv-za-balast-rezervoare-i-hidrotestiranje\/\">nastavi \u010ditati<\/a><\/p>\n","protected":false},"featured_media":31260,"template":"","meta":{"ngg_post_thumbnail":0,"_links_to":"","_links_to_target":""},"product_brand":[],"product_cat":[34],"product_tag":[],"class_list":{"0":"post-3253","1":"product","2":"type-product","3":"status-publish","4":"has-post-thumbnail","6":"product_cat-aditivi-za-ulja-obradu-voda-i-inhibitori-korozije-za-naftnu-industriju","8":"first","9":"instock","10":"shipping-taxable","11":"product-type-simple"},"_links":{"self":[{"href":"https:\/\/cortecros.com\/hr\/wp-json\/wp\/v2\/product\/3253","targetHints":{"allow":["GET"]}}],"collection":[{"href":"https:\/\/cortecros.com\/hr\/wp-json\/wp\/v2\/product"}],"about":[{"href":"https:\/\/cortecros.com\/hr\/wp-json\/wp\/v2\/types\/product"}],"wp:featuredmedia":[{"embeddable":true,"href":"https:\/\/cortecros.com\/hr\/wp-json\/wp\/v2\/media\/31260"}],"wp:attachment":[{"href":"https:\/\/cortecros.com\/hr\/wp-json\/wp\/v2\/media?parent=3253"}],"wp:term":[{"taxonomy":"product_brand","embeddable":true,"href":"https:\/\/cortecros.com\/hr\/wp-json\/wp\/v2\/product_brand?post=3253"},{"taxonomy":"product_cat","embeddable":true,"href":"https:\/\/cortecros.com\/hr\/wp-json\/wp\/v2\/product_cat?post=3253"},{"taxonomy":"product_tag","embeddable":true,"href":"https:\/\/cortecros.com\/hr\/wp-json\/wp\/v2\/product_tag?post=3253"}],"curies":[{"name":"wp","href":"https:\/\/api.w.org\/{rel}","templated":true}]}}