{"id":3261,"date":"2017-05-16T14:08:56","date_gmt":"2017-05-16T14:08:56","guid":{"rendered":"http:\/\/cortecros.com\/product\/s-10-inhibitor-korozije\/"},"modified":"2017-07-13T08:54:31","modified_gmt":"2017-07-13T08:54:31","slug":"s-10-inhibitor-korozije","status":"publish","type":"product","link":"https:\/\/cortecros.com\/hr\/product\/s-10-inhibitor-korozije\/","title":{"rendered":"S-10 Inhibitor korozije"},"content":{"rendered":"<p>Cortec-ov S-10 proizvod u\u010dinkovita je formulacija za antikorozivnu za\u0161titu spremnika. Inhibitor korozije za linije parnih kondenzata u grija\u0107im sustavima.<\/p>\n<p><strong>Pakiranje:<\/strong> 19 l i 208 l<\/p>\n<p>Tehni\u010dki list proizvoda (TLP)<\/p>\n<p><a href=\"https:\/\/cortecros.com\/wp-content\/uploads\/2017\/07\/S-10.pdf\">S-10<\/a><\/p>\n","protected":false},"excerpt":{"rendered":"<p>Cortec-ov S-10 proizvod u\u010dinkovita je formulacija za antikorozivnu za\u0161titu spremnika. Inhibitor korozije za linije parnih kondenzata u grija\u0107im sustavima. Pakiranje: 19 l i 208 l Tehni\u010dki list proizvoda (TLP) S-10 <a class=\"continue-reading-link\" href=\"https:\/\/cortecros.com\/hr\/product\/s-10-inhibitor-korozije\/\">nastavi \u010ditati<\/a><\/p>\n","protected":false},"featured_media":0,"template":"","meta":{"ngg_post_thumbnail":0,"_links_to":"","_links_to_target":""},"product_brand":[],"product_cat":[34],"product_tag":[],"class_list":{"0":"post-3261","1":"product","2":"type-product","3":"status-publish","5":"product_cat-aditivi-za-ulja-obradu-voda-i-inhibitori-korozije-za-naftnu-industriju","7":"first","8":"instock","9":"shipping-taxable","10":"product-type-simple"},"_links":{"self":[{"href":"https:\/\/cortecros.com\/hr\/wp-json\/wp\/v2\/product\/3261","targetHints":{"allow":["GET"]}}],"collection":[{"href":"https:\/\/cortecros.com\/hr\/wp-json\/wp\/v2\/product"}],"about":[{"href":"https:\/\/cortecros.com\/hr\/wp-json\/wp\/v2\/types\/product"}],"wp:attachment":[{"href":"https:\/\/cortecros.com\/hr\/wp-json\/wp\/v2\/media?parent=3261"}],"wp:term":[{"taxonomy":"product_brand","embeddable":true,"href":"https:\/\/cortecros.com\/hr\/wp-json\/wp\/v2\/product_brand?post=3261"},{"taxonomy":"product_cat","embeddable":true,"href":"https:\/\/cortecros.com\/hr\/wp-json\/wp\/v2\/product_cat?post=3261"},{"taxonomy":"product_tag","embeddable":true,"href":"https:\/\/cortecros.com\/hr\/wp-json\/wp\/v2\/product_tag?post=3261"}],"curies":[{"name":"wp","href":"https:\/\/api.w.org\/{rel}","templated":true}]}}